{"id":1194,"date":"2025-10-23T23:48:06","date_gmt":"2025-10-23T21:48:06","guid":{"rendered":"https:\/\/www.dusar-frigo.de\/?page_id=1194"},"modified":"2025-11-13T10:49:49","modified_gmt":"2025-11-13T09:49:49","slug":"schiebetueren-fuer-halbhohe-kuehlmoebel","status":"publish","type":"page","link":"https:\/\/www.dusar-frigo.de\/en\/schiebetueren-fuer-halbhohe-kuehlmoebel\/","title":{"rendered":"Produktseite &#8211; halbhohe Schiebet\u00fcren"},"content":{"rendered":"<a href=\"https:\/\/www.dusar-frigo.de\/wp-content\/uploads\/2025\/10\/Dusar-Frigo_Low-Energy-Slide-Schiebetueren-halbhoch_2.jpg\"  target=\"_self\" itemprop=\"url\">\n\t\t\t\t<img decoding=\"async\" src=\"https:\/\/www.dusar-frigo.de\/wp-content\/uploads\/2025\/10\/Dusar-Frigo_Low-Energy-Slide-Schiebetueren-halbhoch_2.jpg\" alt=\"Dusar-Frigo_Low-Energy-Slide-Schiebetu\u0308ren-halbhoch_2\" itemprop=\"image\" height=\"1021\" width=\"1200\" title=\"Dusar-Frigo_Low-Energy-Slide-Schiebetu\u0308ren-halbhoch_2\" onerror=\"this.style.display='none'\" loading=\"lazy\" \/>\n\t\t\t\t<\/a>\n<h2>\n\t\t\tLow Energy Slide &#8211; Schiebet\u00fcren halbhoch\t<\/h2>\n\t<p>Sliding door system with smooth-running, self-closing sliding mechanism in straight or curved design.<\/p>\n<p>Sliding doors made of safety glass, easy to retrofit for all half-height refrigerated cabinets.<\/p>\n<p>In addition, we offer various options for lighting (LED) and handles.<\/p>\n<p>Besonders platzsparend &#8211; auch f\u00fcr enge Supermarktg\u00e4nge bestens geeignet.<\/p>\n<p>&nbsp;<\/p>\n<h3>\n\t\t\tProduct details\t<\/h3>\n<h2  id=\"produkte\">\n\t\t\tLow Energy Slide &#8211; <br \/>Self-closing sliding door system<br \/>\t<\/h2>\n\t<p>The DusarFrigo Low Energy Slide glass system is ideal for discount stores, cash &amp; carry markets, and narrow supermarket aisles thanks to its extra-wide door openings and smooth-running glass sliding system.<\/p>\n\t<ul>\n<li>ISO - glazing<\/li>\n<li class=\"translation-block\">Double glazing: 4-10-4 <br>= 4 mm ESG,  10 mm argon-krypton, 4 mm ESG<\/li>\n<li>single-pane safety glass<\/li>\n<li>(ESG) mit Low-E-Beschichtung<\/li>\n<li>Robust, frameless glass doors<\/li>\n<li>Door opening up to 1100 mm wide<\/li>\n<li>Smooth-running, self-closing sliding mechanism<\/li>\n<li>Aluminum profiles in all standard RAL-colors<\/li>\n<\/ul>\n\t<ul>\n<li>Can be retrofitted with additional LED lighting<\/li>\n<li>Long service life even under heavy loads<\/li>\n<li>Lower CO2 emissions<\/li>\n<li>UG-value: up to 1.3<\/li>\n<li>Light transmission: 82.00 %<\/li>\n<li>light reflection: 9.90 %<\/li>\n<li>This system is also available in an anti-reflective version: <br>Light transmission: 95.30%, light reflection: 0.70%<\/li>\n<\/ul>\n<h2  id=\"produkte\">\n\t\t\tIndividual components\t<\/h2>\n<h3>\n\t\t\tFor optimal presentation of your goods<br \/>\t<\/h3>\n\t\t\t\t<a href=\"https:\/\/www.dusar-frigo.de\/en\/griffe-fuer-kuehlmoebel\/\"  target=\"_self\" itemprop=\"url\">\n\t\t\t\t<img decoding=\"async\" src=\"https:\/\/www.dusar-frigo.de\/wp-content\/uploads\/2025\/11\/Dusar-Frigo-Griffe-Vorschaubild.jpg\" alt=\"Dusar-Frigo-Griffe-Vorschaubild\" itemprop=\"image\" height=\"340\" width=\"800\" title=\"Dusar-Frigo-Griffe-Vorschaubild\" onerror=\"this.style.display='none'\" loading=\"lazy\" \/>\n\t\t\t\t<\/a>\n<h3>\n\t\t\tHandles\t<\/h3>\n\t\t\t\t<a href=\"https:\/\/www.dusar-frigo.de\/en\/beleuchtung-fuer-kuehlmoebel\/\"  target=\"_self\" itemprop=\"url\">\n\t\t\t\t<img decoding=\"async\" src=\"https:\/\/www.dusar-frigo.de\/wp-content\/uploads\/2025\/08\/Dusar-Frigo-LED-Beleuchtung.jpg\" alt=\"Dusar-Frigo-LED-Beleuchtung\" itemprop=\"image\" height=\"337\" width=\"800\" title=\"Dusar-Frigo-LED-Beleuchtung\" onerror=\"this.style.display='none'\" loading=\"lazy\" \/>\n\t\t\t\t<\/a>\n<h3>\n\t\t\tLighting\t<\/h3>\n<h3>\n\t\t\tOur certifications<br \/>\t<\/h3>\n<h2  id=\"produkte\">\n\t\t\tContact\t<\/h2>\n<h3>\n\t\t\tGet in touch with us!<br \/>\t<\/h3>\n\t<p>Sales management DACH<\/p>\n<p>Tel: +49 (0) 2639 96258 &#8211; 11<\/p>\n<p>E-Mail: <a href=\"mailto:info@dusar-frigo.de\">info@dusar-frigo.de<\/a><\/p>\nDusarFrigo GmbH<br \/>\nFichtenstra\u00dfe 9<br \/>\n56584 Anhausen\n<p>&nbsp;<\/p>\n\t<p>Bureau France \/ Benelux<\/p>\n<p>Mobil: +49 (0) 171 3026633<\/p>\n<p>E-Mail: <a href=\"mailto:info@dusar-frigo.de\">info@dusar-frigo.de<\/a><\/p>","protected":false},"excerpt":{"rendered":"<p>Low Energy Slide &#8211; Schiebet\u00fcren halbhoch Schiebet\u00fcrsystem mit leichtg\u00e4ngigem selbstschlie\u00dfendem Gleit-Mechanismus in gerader oder gebogener Ausf\u00fchrung. Schiebet\u00fcren aus Sicherheitsglas, leicht nachr\u00fcstbar f\u00fcr alle g\u00e4ngigen halbhohen K\u00fchlm\u00f6bel. Dar\u00fcber hinaus bieten wir verschiedene Optionen f\u00fcr die Beleuchtung (LED) und Griffe an. Besonders platzsparend &#8211; auch f\u00fcr enge Supermarktg\u00e4nge bestens geeignet. &nbsp; Produktdetails Low Energy Slide &#8211; Selbstschliessendes&hellip;<\/p>","protected":false},"author":2,"featured_media":0,"parent":0,"menu_order":0,"comment_status":"closed","ping_status":"closed","template":"","meta":{"footnotes":""},"class_list":["post-1194","page","type-page","status-publish","hentry"],"yoast_head":"<!-- This site is optimized with the Yoast SEO plugin v27.4 - https:\/\/yoast.com\/product\/yoast-seo-wordpress\/ -->\n<title>Produktseite - halbhohe Schiebet\u00fcren - DusarFrigo<\/title>\n<meta name=\"description\" content=\"Glassysteme f\u00fcr K\u00fchlm\u00f6bel - Made in Germany\" \/>\n<meta name=\"robots\" content=\"index, follow, max-snippet:-1, max-image-preview:large, max-video-preview:-1\" \/>\n<link rel=\"canonical\" href=\"https:\/\/www.dusar-frigo.de\/en\/schiebetueren-fuer-halbhohe-kuehlmoebel\/\" \/>\n<meta property=\"og:locale\" content=\"en_US\" \/>\n<meta property=\"og:type\" content=\"article\" \/>\n<meta property=\"og:title\" content=\"Produktseite - halbhohe Schiebet\u00fcren - DusarFrigo\" \/>\n<meta property=\"og:description\" content=\"Glassysteme f\u00fcr K\u00fchlm\u00f6bel - Made in Germany\" \/>\n<meta property=\"og:url\" content=\"https:\/\/www.dusar-frigo.de\/en\/schiebetueren-fuer-halbhohe-kuehlmoebel\/\" \/>\n<meta property=\"og:site_name\" content=\"DusarFrigo\" \/>\n<meta property=\"article:modified_time\" content=\"2025-11-13T09:49:49+00:00\" \/>\n<meta property=\"og:image\" content=\"https:\/\/www.dusar-frigo.de\/wp-content\/uploads\/2025\/10\/Dusar-Frigo_Low-Energy-Slide-Schiebetueren-halbhoch_2.jpg\" \/>\n<meta name=\"twitter:card\" content=\"summary_large_image\" \/>\n<meta name=\"twitter:label1\" content=\"Est. reading time\" \/>\n\t<meta name=\"twitter:data1\" content=\"3 minutes\" \/>\n<script type=\"application\/ld+json\" class=\"yoast-schema-graph\">{\"@context\":\"https:\\\/\\\/schema.org\",\"@graph\":[{\"@type\":\"WebPage\",\"@id\":\"https:\\\/\\\/www.dusar-frigo.de\\\/schiebetueren-fuer-halbhohe-kuehlmoebel\\\/\",\"url\":\"https:\\\/\\\/www.dusar-frigo.de\\\/schiebetueren-fuer-halbhohe-kuehlmoebel\\\/\",\"name\":\"Produktseite - halbhohe Schiebet\u00fcren - DusarFrigo\",\"isPartOf\":{\"@id\":\"https:\\\/\\\/www.dusar-frigo.de\\\/#website\"},\"primaryImageOfPage\":{\"@id\":\"https:\\\/\\\/www.dusar-frigo.de\\\/schiebetueren-fuer-halbhohe-kuehlmoebel\\\/#primaryimage\"},\"image\":{\"@id\":\"https:\\\/\\\/www.dusar-frigo.de\\\/schiebetueren-fuer-halbhohe-kuehlmoebel\\\/#primaryimage\"},\"thumbnailUrl\":\"https:\\\/\\\/www.dusar-frigo.de\\\/wp-content\\\/uploads\\\/2025\\\/10\\\/Dusar-Frigo_Low-Energy-Slide-Schiebetueren-halbhoch_2.jpg\",\"datePublished\":\"2025-10-23T21:48:06+00:00\",\"dateModified\":\"2025-11-13T09:49:49+00:00\",\"description\":\"Glassysteme f\u00fcr K\u00fchlm\u00f6bel - Made in Germany\",\"breadcrumb\":{\"@id\":\"https:\\\/\\\/www.dusar-frigo.de\\\/schiebetueren-fuer-halbhohe-kuehlmoebel\\\/#breadcrumb\"},\"inLanguage\":\"en-US\",\"potentialAction\":[{\"@type\":\"ReadAction\",\"target\":[\"https:\\\/\\\/www.dusar-frigo.de\\\/schiebetueren-fuer-halbhohe-kuehlmoebel\\\/\"]}]},{\"@type\":\"ImageObject\",\"inLanguage\":\"en-US\",\"@id\":\"https:\\\/\\\/www.dusar-frigo.de\\\/schiebetueren-fuer-halbhohe-kuehlmoebel\\\/#primaryimage\",\"url\":\"https:\\\/\\\/www.dusar-frigo.de\\\/wp-content\\\/uploads\\\/2025\\\/10\\\/Dusar-Frigo_Low-Energy-Slide-Schiebetueren-halbhoch_2.jpg\",\"contentUrl\":\"https:\\\/\\\/www.dusar-frigo.de\\\/wp-content\\\/uploads\\\/2025\\\/10\\\/Dusar-Frigo_Low-Energy-Slide-Schiebetueren-halbhoch_2.jpg\"},{\"@type\":\"BreadcrumbList\",\"@id\":\"https:\\\/\\\/www.dusar-frigo.de\\\/schiebetueren-fuer-halbhohe-kuehlmoebel\\\/#breadcrumb\",\"itemListElement\":[{\"@type\":\"ListItem\",\"position\":1,\"name\":\"Startseite\",\"item\":\"https:\\\/\\\/www.dusar-frigo.de\\\/\"},{\"@type\":\"ListItem\",\"position\":2,\"name\":\"Produktseite &#8211; halbhohe Schiebet\u00fcren\"}]},{\"@type\":\"WebSite\",\"@id\":\"https:\\\/\\\/www.dusar-frigo.de\\\/#website\",\"url\":\"https:\\\/\\\/www.dusar-frigo.de\\\/\",\"name\":\"DusarFrigo\",\"description\":\"\",\"publisher\":{\"@id\":\"https:\\\/\\\/www.dusar-frigo.de\\\/#organization\"},\"potentialAction\":[{\"@type\":\"SearchAction\",\"target\":{\"@type\":\"EntryPoint\",\"urlTemplate\":\"https:\\\/\\\/www.dusar-frigo.de\\\/?s={search_term_string}\"},\"query-input\":{\"@type\":\"PropertyValueSpecification\",\"valueRequired\":true,\"valueName\":\"search_term_string\"}}],\"inLanguage\":\"en-US\"},{\"@type\":\"Organization\",\"@id\":\"https:\\\/\\\/www.dusar-frigo.de\\\/#organization\",\"name\":\"DusarFrigo GmbH\",\"url\":\"https:\\\/\\\/www.dusar-frigo.de\\\/\",\"logo\":{\"@type\":\"ImageObject\",\"inLanguage\":\"en-US\",\"@id\":\"https:\\\/\\\/www.dusar-frigo.de\\\/#\\\/schema\\\/logo\\\/image\\\/\",\"url\":\"https:\\\/\\\/www.dusar-frigo.de\\\/wp-content\\\/uploads\\\/2024\\\/12\\\/DusarLogoLogin.png\",\"contentUrl\":\"https:\\\/\\\/www.dusar-frigo.de\\\/wp-content\\\/uploads\\\/2024\\\/12\\\/DusarLogoLogin.png\",\"width\":300,\"height\":80,\"caption\":\"DusarFrigo GmbH\"},\"image\":{\"@id\":\"https:\\\/\\\/www.dusar-frigo.de\\\/#\\\/schema\\\/logo\\\/image\\\/\"}}]}<\/script>\n<!-- \/ Yoast SEO plugin. -->","yoast_head_json":{"title":"Produktseite - halbhohe Schiebet\u00fcren - DusarFrigo","description":"Glassysteme f\u00fcr K\u00fchlm\u00f6bel - Made in Germany","robots":{"index":"index","follow":"follow","max-snippet":"max-snippet:-1","max-image-preview":"max-image-preview:large","max-video-preview":"max-video-preview:-1"},"canonical":"https:\/\/www.dusar-frigo.de\/en\/schiebetueren-fuer-halbhohe-kuehlmoebel\/","og_locale":"en_US","og_type":"article","og_title":"Produktseite - halbhohe Schiebet\u00fcren - DusarFrigo","og_description":"Glassysteme f\u00fcr K\u00fchlm\u00f6bel - Made in Germany","og_url":"https:\/\/www.dusar-frigo.de\/en\/schiebetueren-fuer-halbhohe-kuehlmoebel\/","og_site_name":"DusarFrigo","article_modified_time":"2025-11-13T09:49:49+00:00","og_image":[{"url":"https:\/\/www.dusar-frigo.de\/wp-content\/uploads\/2025\/10\/Dusar-Frigo_Low-Energy-Slide-Schiebetueren-halbhoch_2.jpg","type":"","width":"","height":""}],"twitter_card":"summary_large_image","twitter_misc":{"Est. reading time":"3 minutes"},"schema":{"@context":"https:\/\/schema.org","@graph":[{"@type":"WebPage","@id":"https:\/\/www.dusar-frigo.de\/schiebetueren-fuer-halbhohe-kuehlmoebel\/","url":"https:\/\/www.dusar-frigo.de\/schiebetueren-fuer-halbhohe-kuehlmoebel\/","name":"Produktseite - halbhohe Schiebet\u00fcren - DusarFrigo","isPartOf":{"@id":"https:\/\/www.dusar-frigo.de\/#website"},"primaryImageOfPage":{"@id":"https:\/\/www.dusar-frigo.de\/schiebetueren-fuer-halbhohe-kuehlmoebel\/#primaryimage"},"image":{"@id":"https:\/\/www.dusar-frigo.de\/schiebetueren-fuer-halbhohe-kuehlmoebel\/#primaryimage"},"thumbnailUrl":"https:\/\/www.dusar-frigo.de\/wp-content\/uploads\/2025\/10\/Dusar-Frigo_Low-Energy-Slide-Schiebetueren-halbhoch_2.jpg","datePublished":"2025-10-23T21:48:06+00:00","dateModified":"2025-11-13T09:49:49+00:00","description":"Glassysteme f\u00fcr K\u00fchlm\u00f6bel - Made in Germany","breadcrumb":{"@id":"https:\/\/www.dusar-frigo.de\/schiebetueren-fuer-halbhohe-kuehlmoebel\/#breadcrumb"},"inLanguage":"en-US","potentialAction":[{"@type":"ReadAction","target":["https:\/\/www.dusar-frigo.de\/schiebetueren-fuer-halbhohe-kuehlmoebel\/"]}]},{"@type":"ImageObject","inLanguage":"en-US","@id":"https:\/\/www.dusar-frigo.de\/schiebetueren-fuer-halbhohe-kuehlmoebel\/#primaryimage","url":"https:\/\/www.dusar-frigo.de\/wp-content\/uploads\/2025\/10\/Dusar-Frigo_Low-Energy-Slide-Schiebetueren-halbhoch_2.jpg","contentUrl":"https:\/\/www.dusar-frigo.de\/wp-content\/uploads\/2025\/10\/Dusar-Frigo_Low-Energy-Slide-Schiebetueren-halbhoch_2.jpg"},{"@type":"BreadcrumbList","@id":"https:\/\/www.dusar-frigo.de\/schiebetueren-fuer-halbhohe-kuehlmoebel\/#breadcrumb","itemListElement":[{"@type":"ListItem","position":1,"name":"Startseite","item":"https:\/\/www.dusar-frigo.de\/"},{"@type":"ListItem","position":2,"name":"Produktseite &#8211; halbhohe Schiebet\u00fcren"}]},{"@type":"WebSite","@id":"https:\/\/www.dusar-frigo.de\/#website","url":"https:\/\/www.dusar-frigo.de\/","name":"DusarFrigo","description":"","publisher":{"@id":"https:\/\/www.dusar-frigo.de\/#organization"},"potentialAction":[{"@type":"SearchAction","target":{"@type":"EntryPoint","urlTemplate":"https:\/\/www.dusar-frigo.de\/?s={search_term_string}"},"query-input":{"@type":"PropertyValueSpecification","valueRequired":true,"valueName":"search_term_string"}}],"inLanguage":"en-US"},{"@type":"Organization","@id":"https:\/\/www.dusar-frigo.de\/#organization","name":"DusarFrigo GmbH","url":"https:\/\/www.dusar-frigo.de\/","logo":{"@type":"ImageObject","inLanguage":"en-US","@id":"https:\/\/www.dusar-frigo.de\/#\/schema\/logo\/image\/","url":"https:\/\/www.dusar-frigo.de\/wp-content\/uploads\/2024\/12\/DusarLogoLogin.png","contentUrl":"https:\/\/www.dusar-frigo.de\/wp-content\/uploads\/2024\/12\/DusarLogoLogin.png","width":300,"height":80,"caption":"DusarFrigo GmbH"},"image":{"@id":"https:\/\/www.dusar-frigo.de\/#\/schema\/logo\/image\/"}}]}},"_links":{"self":[{"href":"https:\/\/www.dusar-frigo.de\/en\/wp-json\/wp\/v2\/pages\/1194","targetHints":{"allow":["GET"]}}],"collection":[{"href":"https:\/\/www.dusar-frigo.de\/en\/wp-json\/wp\/v2\/pages"}],"about":[{"href":"https:\/\/www.dusar-frigo.de\/en\/wp-json\/wp\/v2\/types\/page"}],"author":[{"embeddable":true,"href":"https:\/\/www.dusar-frigo.de\/en\/wp-json\/wp\/v2\/users\/2"}],"replies":[{"embeddable":true,"href":"https:\/\/www.dusar-frigo.de\/en\/wp-json\/wp\/v2\/comments?post=1194"}],"version-history":[{"count":9,"href":"https:\/\/www.dusar-frigo.de\/en\/wp-json\/wp\/v2\/pages\/1194\/revisions"}],"predecessor-version":[{"id":1308,"href":"https:\/\/www.dusar-frigo.de\/en\/wp-json\/wp\/v2\/pages\/1194\/revisions\/1308"}],"wp:attachment":[{"href":"https:\/\/www.dusar-frigo.de\/en\/wp-json\/wp\/v2\/media?parent=1194"}],"curies":[{"name":"wp","href":"https:\/\/api.w.org\/{rel}","templated":true}]}}