{"id":1206,"date":"2025-10-23T23:54:23","date_gmt":"2025-10-23T21:54:23","guid":{"rendered":"https:\/\/www.dusar-frigo.de\/?page_id=1206"},"modified":"2025-11-13T10:50:14","modified_gmt":"2025-11-13T09:50:14","slug":"drehtueren-fuer-halbhohe-kuehlmoebel","status":"publish","type":"page","link":"https:\/\/www.dusar-frigo.de\/en\/drehtueren-fuer-halbhohe-kuehlmoebel\/","title":{"rendered":"Produktseite &#8211; halbhohe Dreht\u00fcren"},"content":{"rendered":"<a href=\"https:\/\/www.dusar-frigo.de\/wp-content\/uploads\/2025\/09\/Dusar-Frigo_Slider_semivertikal_Schiebetuer.jpg\"  target=\"_self\" itemprop=\"url\">\n\t\t\t\t<img decoding=\"async\" src=\"https:\/\/www.dusar-frigo.de\/wp-content\/uploads\/2025\/09\/Dusar-Frigo_Slider_semivertikal_Schiebetuer.jpg\" alt=\"Dusar-Frigo_Slider_semivertikal_Schiebetuer\" itemprop=\"image\" height=\"900\" width=\"1200\" title=\"Dusar-Frigo_Slider_semivertikal_Schiebetuer\" onerror=\"this.style.display='none'\" loading=\"lazy\" \/>\n\t\t\t\t<\/a>\n<h2>\n\t\t\tLow Energy Turn &#8211; Dreht\u00fcren halbhoch\t<\/h2>\n\t<p>Hydraulisch schlie\u00dfendes Dreht\u00fcrsystem &#8222;anti-revers&#8220; sorgt f\u00fcr ein sanftes Schlie\u00dfen und verhindert das Zuschlagen der T\u00fcren.<\/p>\n<p>Our hinged doors made of safety glass, easy to retrofit for all standard half-height refrigerated cabinets.<\/p>\n<p>Das System ist auch rahmenlos und in extra \u201eClear&#8220; erh\u00e4ltlich.<\/p>\n<p>In addition, we offer various options for lighting (LED) and handles.<\/p>\n<h3>\n\t\t\tProduct details\t<\/h3>\n<h2  id=\"produkte\">\n\t\t\tLow Energy Turn &#8211; Dreht\u00fcren\t<\/h2>\n\t<ul>\n<li>ISO - glazing<\/li>\n<li class=\"translation-block\">Transparent double glazing: 4-17-4 =4 mm <br>tempered glass \u2013 17 mm gas \u2013 4 mm tempered glass<\/li>\n<li>Low-E coating using the hard coating process<\/li>\n<li>Robust, frameless glass doors<\/li>\n<li>Door opening up to 1250 mm wide<\/li>\n<li>Durable, high-quality door hinges<\/li>\n<\/ul>\n\t<ul>\n<li>Closing speed individually adjustable<\/li>\n<li>Lower CO2 emissions<\/li>\n<li>Can be retrofitted with additional LED lighting<\/li>\n<li>UG Value with Krypton = 1.1<\/li>\n<li>Light transmission: 82.00 %<\/li>\n<li>Light reflection: 9.90%<\/li>\n<li>This system is also available with anti-reflective glass.<br \/>\nLow Energy Turn Anti-reflective:<br \/>\nLight transmission: 95.30%, light reflection: 0.70%<\/li>\n<\/ul>\n<h2  id=\"produkte\">\n\t\t\tIndividual components\t<\/h2>\n<h3>\n\t\t\tFor optimal presentation of your goods<br \/>\t<\/h3>\n\t\t\t\t<a href=\"https:\/\/www.dusar-frigo.de\/en\/griffe-fuer-kuehlmoebel\/\"  target=\"_self\" itemprop=\"url\">\n\t\t\t\t<img decoding=\"async\" src=\"https:\/\/www.dusar-frigo.de\/wp-content\/uploads\/2025\/11\/Dusar-Frigo-Griffe-Vorschaubild.jpg\" alt=\"Dusar-Frigo-Griffe-Vorschaubild\" itemprop=\"image\" height=\"340\" width=\"800\" title=\"Dusar-Frigo-Griffe-Vorschaubild\" onerror=\"this.style.display='none'\" loading=\"lazy\" \/>\n\t\t\t\t<\/a>\n<h3>\n\t\t\tHandles\t<\/h3>\n\t\t\t\t<a href=\"https:\/\/www.dusar-frigo.de\/en\/beleuchtung-fuer-kuehlmoebel\/\"  target=\"_self\" itemprop=\"url\">\n\t\t\t\t<img decoding=\"async\" src=\"https:\/\/www.dusar-frigo.de\/wp-content\/uploads\/2025\/08\/Dusar-Frigo-LED-Beleuchtung.jpg\" alt=\"Dusar-Frigo-LED-Beleuchtung\" itemprop=\"image\" height=\"337\" width=\"800\" title=\"Dusar-Frigo-LED-Beleuchtung\" onerror=\"this.style.display='none'\" loading=\"lazy\" \/>\n\t\t\t\t<\/a>\n<h3>\n\t\t\tLighting\t<\/h3>\n<h3>\n\t\t\tOur certifications<br \/>\t<\/h3>\n<h2  id=\"produkte\">\n\t\t\tContact\t<\/h2>\n<h3>\n\t\t\tGet in touch with us!<br \/>\t<\/h3>\n\t<p>Sales management DACH<\/p>\n<p>Tel: +49 (0) 2639 96258 &#8211; 11<\/p>\n<p>E-Mail: <a href=\"mailto:info@dusar-frigo.de\">info@dusar-frigo.de<\/a><\/p>\nDusarFrigo GmbH<br \/>\nFichtenstra\u00dfe 9<br \/>\n56584 Anhausen\n<p>&nbsp;<\/p>\n\t<p>Bureau France \/ Benelux<\/p>\n<p>Mobil: +49 (0) 171 3026633<\/p>\n<p>E-Mail: <a href=\"mailto:info@dusar-frigo.de\">info@dusar-frigo.de<\/a><\/p>","protected":false},"excerpt":{"rendered":"<p>Low Energy Turn &#8211; Dreht\u00fcren halbhoch Hydraulisch schlie\u00dfendes Dreht\u00fcrsystem &#8222;anti-revers&#8220; sorgt f\u00fcr ein sanftes Schlie\u00dfen und verhindert das Zuschlagen der T\u00fcren. Unsere Dreht\u00fcren aus Sicherheitsglas, leicht nachr\u00fcstbar f\u00fcr alle g\u00e4ngigen halbhohen K\u00fchlm\u00f6bel. Das System ist auch rahmenlos und in extra \u201eClear&#8220; erh\u00e4ltlich. Dar\u00fcber hinaus bieten wir verschiedene Optionen f\u00fcr die Beleuchtung (LED) und Griffe an.&hellip;<\/p>","protected":false},"author":2,"featured_media":0,"parent":0,"menu_order":0,"comment_status":"closed","ping_status":"closed","template":"","meta":{"footnotes":""},"class_list":["post-1206","page","type-page","status-publish","hentry"],"yoast_head":"<!-- This site is optimized with the Yoast SEO plugin v27.4 - https:\/\/yoast.com\/product\/yoast-seo-wordpress\/ -->\n<title>Produktseite - halbhohe Dreht\u00fcren - DusarFrigo<\/title>\n<meta name=\"description\" content=\"Glassysteme f\u00fcr K\u00fchlm\u00f6bel - Made in Germany\" \/>\n<meta name=\"robots\" content=\"index, follow, max-snippet:-1, max-image-preview:large, max-video-preview:-1\" \/>\n<link rel=\"canonical\" href=\"https:\/\/www.dusar-frigo.de\/en\/drehtueren-fuer-halbhohe-kuehlmoebel\/\" \/>\n<meta property=\"og:locale\" content=\"en_US\" \/>\n<meta property=\"og:type\" content=\"article\" \/>\n<meta property=\"og:title\" content=\"Produktseite - halbhohe Dreht\u00fcren - DusarFrigo\" \/>\n<meta property=\"og:description\" content=\"Glassysteme f\u00fcr K\u00fchlm\u00f6bel - Made in Germany\" \/>\n<meta property=\"og:url\" content=\"https:\/\/www.dusar-frigo.de\/en\/drehtueren-fuer-halbhohe-kuehlmoebel\/\" \/>\n<meta property=\"og:site_name\" content=\"DusarFrigo\" \/>\n<meta property=\"article:modified_time\" content=\"2025-11-13T09:50:14+00:00\" \/>\n<meta property=\"og:image\" content=\"https:\/\/www.dusar-frigo.de\/wp-content\/uploads\/2025\/09\/Dusar-Frigo_Slider_semivertikal_Schiebetuer.jpg\" \/>\n<meta name=\"twitter:card\" content=\"summary_large_image\" \/>\n<meta name=\"twitter:label1\" content=\"Est. reading time\" \/>\n\t<meta name=\"twitter:data1\" content=\"4 minutes\" \/>\n<script type=\"application\/ld+json\" class=\"yoast-schema-graph\">{\"@context\":\"https:\\\/\\\/schema.org\",\"@graph\":[{\"@type\":\"WebPage\",\"@id\":\"https:\\\/\\\/www.dusar-frigo.de\\\/drehtueren-fuer-halbhohe-kuehlmoebel\\\/\",\"url\":\"https:\\\/\\\/www.dusar-frigo.de\\\/drehtueren-fuer-halbhohe-kuehlmoebel\\\/\",\"name\":\"Produktseite - halbhohe Dreht\u00fcren - DusarFrigo\",\"isPartOf\":{\"@id\":\"https:\\\/\\\/www.dusar-frigo.de\\\/#website\"},\"primaryImageOfPage\":{\"@id\":\"https:\\\/\\\/www.dusar-frigo.de\\\/drehtueren-fuer-halbhohe-kuehlmoebel\\\/#primaryimage\"},\"image\":{\"@id\":\"https:\\\/\\\/www.dusar-frigo.de\\\/drehtueren-fuer-halbhohe-kuehlmoebel\\\/#primaryimage\"},\"thumbnailUrl\":\"https:\\\/\\\/www.dusar-frigo.de\\\/wp-content\\\/uploads\\\/2025\\\/09\\\/Dusar-Frigo_Slider_semivertikal_Schiebetuer.jpg\",\"datePublished\":\"2025-10-23T21:54:23+00:00\",\"dateModified\":\"2025-11-13T09:50:14+00:00\",\"description\":\"Glassysteme f\u00fcr K\u00fchlm\u00f6bel - Made in Germany\",\"breadcrumb\":{\"@id\":\"https:\\\/\\\/www.dusar-frigo.de\\\/drehtueren-fuer-halbhohe-kuehlmoebel\\\/#breadcrumb\"},\"inLanguage\":\"en-US\",\"potentialAction\":[{\"@type\":\"ReadAction\",\"target\":[\"https:\\\/\\\/www.dusar-frigo.de\\\/drehtueren-fuer-halbhohe-kuehlmoebel\\\/\"]}]},{\"@type\":\"ImageObject\",\"inLanguage\":\"en-US\",\"@id\":\"https:\\\/\\\/www.dusar-frigo.de\\\/drehtueren-fuer-halbhohe-kuehlmoebel\\\/#primaryimage\",\"url\":\"https:\\\/\\\/www.dusar-frigo.de\\\/wp-content\\\/uploads\\\/2025\\\/09\\\/Dusar-Frigo_Slider_semivertikal_Schiebetuer.jpg\",\"contentUrl\":\"https:\\\/\\\/www.dusar-frigo.de\\\/wp-content\\\/uploads\\\/2025\\\/09\\\/Dusar-Frigo_Slider_semivertikal_Schiebetuer.jpg\"},{\"@type\":\"BreadcrumbList\",\"@id\":\"https:\\\/\\\/www.dusar-frigo.de\\\/drehtueren-fuer-halbhohe-kuehlmoebel\\\/#breadcrumb\",\"itemListElement\":[{\"@type\":\"ListItem\",\"position\":1,\"name\":\"Startseite\",\"item\":\"https:\\\/\\\/www.dusar-frigo.de\\\/\"},{\"@type\":\"ListItem\",\"position\":2,\"name\":\"Produktseite &#8211; halbhohe Dreht\u00fcren\"}]},{\"@type\":\"WebSite\",\"@id\":\"https:\\\/\\\/www.dusar-frigo.de\\\/#website\",\"url\":\"https:\\\/\\\/www.dusar-frigo.de\\\/\",\"name\":\"DusarFrigo\",\"description\":\"\",\"publisher\":{\"@id\":\"https:\\\/\\\/www.dusar-frigo.de\\\/#organization\"},\"potentialAction\":[{\"@type\":\"SearchAction\",\"target\":{\"@type\":\"EntryPoint\",\"urlTemplate\":\"https:\\\/\\\/www.dusar-frigo.de\\\/?s={search_term_string}\"},\"query-input\":{\"@type\":\"PropertyValueSpecification\",\"valueRequired\":true,\"valueName\":\"search_term_string\"}}],\"inLanguage\":\"en-US\"},{\"@type\":\"Organization\",\"@id\":\"https:\\\/\\\/www.dusar-frigo.de\\\/#organization\",\"name\":\"DusarFrigo GmbH\",\"url\":\"https:\\\/\\\/www.dusar-frigo.de\\\/\",\"logo\":{\"@type\":\"ImageObject\",\"inLanguage\":\"en-US\",\"@id\":\"https:\\\/\\\/www.dusar-frigo.de\\\/#\\\/schema\\\/logo\\\/image\\\/\",\"url\":\"https:\\\/\\\/www.dusar-frigo.de\\\/wp-content\\\/uploads\\\/2024\\\/12\\\/DusarLogoLogin.png\",\"contentUrl\":\"https:\\\/\\\/www.dusar-frigo.de\\\/wp-content\\\/uploads\\\/2024\\\/12\\\/DusarLogoLogin.png\",\"width\":300,\"height\":80,\"caption\":\"DusarFrigo GmbH\"},\"image\":{\"@id\":\"https:\\\/\\\/www.dusar-frigo.de\\\/#\\\/schema\\\/logo\\\/image\\\/\"}}]}<\/script>\n<!-- \/ Yoast SEO plugin. -->","yoast_head_json":{"title":"Produktseite - halbhohe Dreht\u00fcren - DusarFrigo","description":"Glassysteme f\u00fcr K\u00fchlm\u00f6bel - Made in Germany","robots":{"index":"index","follow":"follow","max-snippet":"max-snippet:-1","max-image-preview":"max-image-preview:large","max-video-preview":"max-video-preview:-1"},"canonical":"https:\/\/www.dusar-frigo.de\/en\/drehtueren-fuer-halbhohe-kuehlmoebel\/","og_locale":"en_US","og_type":"article","og_title":"Produktseite - halbhohe Dreht\u00fcren - DusarFrigo","og_description":"Glassysteme f\u00fcr K\u00fchlm\u00f6bel - Made in Germany","og_url":"https:\/\/www.dusar-frigo.de\/en\/drehtueren-fuer-halbhohe-kuehlmoebel\/","og_site_name":"DusarFrigo","article_modified_time":"2025-11-13T09:50:14+00:00","og_image":[{"url":"https:\/\/www.dusar-frigo.de\/wp-content\/uploads\/2025\/09\/Dusar-Frigo_Slider_semivertikal_Schiebetuer.jpg","type":"","width":"","height":""}],"twitter_card":"summary_large_image","twitter_misc":{"Est. reading time":"4 minutes"},"schema":{"@context":"https:\/\/schema.org","@graph":[{"@type":"WebPage","@id":"https:\/\/www.dusar-frigo.de\/drehtueren-fuer-halbhohe-kuehlmoebel\/","url":"https:\/\/www.dusar-frigo.de\/drehtueren-fuer-halbhohe-kuehlmoebel\/","name":"Produktseite - halbhohe Dreht\u00fcren - DusarFrigo","isPartOf":{"@id":"https:\/\/www.dusar-frigo.de\/#website"},"primaryImageOfPage":{"@id":"https:\/\/www.dusar-frigo.de\/drehtueren-fuer-halbhohe-kuehlmoebel\/#primaryimage"},"image":{"@id":"https:\/\/www.dusar-frigo.de\/drehtueren-fuer-halbhohe-kuehlmoebel\/#primaryimage"},"thumbnailUrl":"https:\/\/www.dusar-frigo.de\/wp-content\/uploads\/2025\/09\/Dusar-Frigo_Slider_semivertikal_Schiebetuer.jpg","datePublished":"2025-10-23T21:54:23+00:00","dateModified":"2025-11-13T09:50:14+00:00","description":"Glassysteme f\u00fcr K\u00fchlm\u00f6bel - Made in Germany","breadcrumb":{"@id":"https:\/\/www.dusar-frigo.de\/drehtueren-fuer-halbhohe-kuehlmoebel\/#breadcrumb"},"inLanguage":"en-US","potentialAction":[{"@type":"ReadAction","target":["https:\/\/www.dusar-frigo.de\/drehtueren-fuer-halbhohe-kuehlmoebel\/"]}]},{"@type":"ImageObject","inLanguage":"en-US","@id":"https:\/\/www.dusar-frigo.de\/drehtueren-fuer-halbhohe-kuehlmoebel\/#primaryimage","url":"https:\/\/www.dusar-frigo.de\/wp-content\/uploads\/2025\/09\/Dusar-Frigo_Slider_semivertikal_Schiebetuer.jpg","contentUrl":"https:\/\/www.dusar-frigo.de\/wp-content\/uploads\/2025\/09\/Dusar-Frigo_Slider_semivertikal_Schiebetuer.jpg"},{"@type":"BreadcrumbList","@id":"https:\/\/www.dusar-frigo.de\/drehtueren-fuer-halbhohe-kuehlmoebel\/#breadcrumb","itemListElement":[{"@type":"ListItem","position":1,"name":"Startseite","item":"https:\/\/www.dusar-frigo.de\/"},{"@type":"ListItem","position":2,"name":"Produktseite &#8211; halbhohe Dreht\u00fcren"}]},{"@type":"WebSite","@id":"https:\/\/www.dusar-frigo.de\/#website","url":"https:\/\/www.dusar-frigo.de\/","name":"DusarFrigo","description":"","publisher":{"@id":"https:\/\/www.dusar-frigo.de\/#organization"},"potentialAction":[{"@type":"SearchAction","target":{"@type":"EntryPoint","urlTemplate":"https:\/\/www.dusar-frigo.de\/?s={search_term_string}"},"query-input":{"@type":"PropertyValueSpecification","valueRequired":true,"valueName":"search_term_string"}}],"inLanguage":"en-US"},{"@type":"Organization","@id":"https:\/\/www.dusar-frigo.de\/#organization","name":"DusarFrigo GmbH","url":"https:\/\/www.dusar-frigo.de\/","logo":{"@type":"ImageObject","inLanguage":"en-US","@id":"https:\/\/www.dusar-frigo.de\/#\/schema\/logo\/image\/","url":"https:\/\/www.dusar-frigo.de\/wp-content\/uploads\/2024\/12\/DusarLogoLogin.png","contentUrl":"https:\/\/www.dusar-frigo.de\/wp-content\/uploads\/2024\/12\/DusarLogoLogin.png","width":300,"height":80,"caption":"DusarFrigo GmbH"},"image":{"@id":"https:\/\/www.dusar-frigo.de\/#\/schema\/logo\/image\/"}}]}},"_links":{"self":[{"href":"https:\/\/www.dusar-frigo.de\/en\/wp-json\/wp\/v2\/pages\/1206","targetHints":{"allow":["GET"]}}],"collection":[{"href":"https:\/\/www.dusar-frigo.de\/en\/wp-json\/wp\/v2\/pages"}],"about":[{"href":"https:\/\/www.dusar-frigo.de\/en\/wp-json\/wp\/v2\/types\/page"}],"author":[{"embeddable":true,"href":"https:\/\/www.dusar-frigo.de\/en\/wp-json\/wp\/v2\/users\/2"}],"replies":[{"embeddable":true,"href":"https:\/\/www.dusar-frigo.de\/en\/wp-json\/wp\/v2\/comments?post=1206"}],"version-history":[{"count":11,"href":"https:\/\/www.dusar-frigo.de\/en\/wp-json\/wp\/v2\/pages\/1206\/revisions"}],"predecessor-version":[{"id":1309,"href":"https:\/\/www.dusar-frigo.de\/en\/wp-json\/wp\/v2\/pages\/1206\/revisions\/1309"}],"wp:attachment":[{"href":"https:\/\/www.dusar-frigo.de\/en\/wp-json\/wp\/v2\/media?parent=1206"}],"curies":[{"name":"wp","href":"https:\/\/api.w.org\/{rel}","templated":true}]}}