{"id":1233,"date":"2025-11-03T15:19:39","date_gmt":"2025-11-03T14:19:39","guid":{"rendered":"https:\/\/www.dusar-frigo.de\/?page_id=1233"},"modified":"2025-11-28T13:57:46","modified_gmt":"2025-11-28T12:57:46","slug":"glastueren-produkte-fuer-kuehlmoebel-ueberblick","status":"publish","type":"page","link":"https:\/\/www.dusar-frigo.de\/en\/glastueren-produkte-fuer-kuehlmoebel-ueberblick\/","title":{"rendered":"\u00dcbersicht Produkte"},"content":{"rendered":"<h2  id=\"produkte\" class=\"translation-block\">Glass doors for all standard <br> refrigerated display cabinets<\/h2>\n<h3>\n\t\t\tFind the right equipment for your refrigerated display cabinet<br \/>\t<\/h3>\n\t<p>We plan and build custom-made glass systems that are perfectly matched to your individual furniture, plug-in refrigerated cabinets, and cold rooms, and tailored to your individual needs and the specific circumstances of your salesroom.<\/p>\n\t\t\t\t<a href=\"https:\/\/www.dusar-frigo.de\/en\/produkte-fuer-vertikale-kuehlmoebel\/\"  target=\"_self\" itemprop=\"url\">\n\t\t\t\t<img decoding=\"async\" src=\"https:\/\/www.dusar-frigo.de\/wp-content\/uploads\/2025\/08\/Dusar-Frigo-Vertikale-Moebel.jpg\" alt=\"Dusar-Frigo-Vertikale-Mo\u0308bel\" itemprop=\"image\" height=\"583\" width=\"800\" title=\"Dusar-Frigo-Vertikale-Mo\u0308bel\" onerror=\"this.style.display='none'\" loading=\"lazy\" \/>\n\t\t\t\t<\/a>\n<h3>\n\t\t\tFor vertical refrigerated cabinets<br \/>\t<\/h3>\n\t\t\t <p>Products:<\/p><ul><li>Swing doors<\/li><li>Folding doors<\/li><li>Sliding doors<\/li><li>Roll-In doors<\/li><li>Lighting<\/li><li>Transparent side walls<\/li><li>Handles<\/li><\/ul>\t\t\n\t\t\t<a href=\"https:\/\/www.dusar-frigo.de\/en\/produkte-fuer-vertikale-kuehlmoebel\/\" target=\"_self\">\n\t\t\t\t\t\t\tnext\n\t\t\t\t\t<\/a>\n\t\t\t\t<a href=\"https:\/\/www.dusar-frigo.de\/en\/produkte-fuer-semi-vertikale-kuehlmoebel\/\"  target=\"_self\" itemprop=\"url\">\n\t\t\t\t<img decoding=\"async\" src=\"https:\/\/www.dusar-frigo.de\/wp-content\/uploads\/2025\/09\/Dusar-Frigo-Semivertikale-Moebel.jpg\" alt=\"Dusar-Frigo-Semivertikale-Mo\u0308bel\" itemprop=\"image\" height=\"583\" width=\"800\" title=\"Dusar-Frigo-Semivertikale-Mo\u0308bel\" onerror=\"this.style.display='none'\" loading=\"lazy\" \/>\n\t\t\t\t<\/a>\n<h3>\n\t\t\tFor semi-vertical refrigerated cabinets<br \/>\t<\/h3>\n\t\t\t <p>Products:<\/p><ul><li>Sliding doors<\/li><li>Swing doors<\/li><li>Lighting<\/li><li>Transparent side walls<\/li><li>Handles<br \/><br \/><\/li><\/ul>\t\t\n\t\t\t<a href=\"https:\/\/www.dusar-frigo.de\/en\/produkte-fuer-semi-vertikale-kuehlmoebel\/\" target=\"_self\">\n\t\t\t\t\t\t\tnext\n\t\t\t\t\t<\/a>\n\t\t\t\t<a href=\"https:\/\/www.dusar-frigo.de\/en\/produkte-fuer-niedrige-tiefkuehlmoebel\/\"  target=\"_self\" itemprop=\"url\">\n\t\t\t\t<img decoding=\"async\" src=\"https:\/\/www.dusar-frigo.de\/wp-content\/uploads\/2025\/09\/Dusar-Frigo-Tiefkuehlmoebel.jpg\" alt=\"Dusar-Frigo-Tiefku\u0308hlmo\u0308bel\" itemprop=\"image\" height=\"583\" width=\"800\" title=\"Dusar-Frigo-Tiefku\u0308hlmo\u0308bel\" onerror=\"this.style.display='none'\" loading=\"lazy\" \/>\n\t\t\t\t<\/a>\n<h3>\n\t\t\tFor deep-freeze cabinets <br \/>\t<\/h3>\n\t\t\t <p>Products:<\/p><ul><li>Flat glass sliding covers<\/li><li>Curved glass sliding covers<\/li><li>Lighting<br \/><br \/><br \/><br \/><\/li><\/ul>\t\t\n\t\t\t<a href=\"https:\/\/www.dusar-frigo.de\/en\/produkte-fuer-niedrige-tiefkuehlmoebel\/\" target=\"_self\">\n\t\t\t\t\t\t\tnext\n\t\t\t\t\t<\/a>\n<h2  id=\"produkte\">\n\t\t\tIndividual components\t<\/h2>\n<h3>\n\t\t\tFor optimal presentation of your goods<br \/>\t<\/h3>\n\t\t\t\t<a href=\"https:\/\/www.dusar-frigo.de\/en\/griffe-fuer-kuehlmoebel\/\"  target=\"_self\" itemprop=\"url\">\n\t\t\t\t<img decoding=\"async\" src=\"https:\/\/www.dusar-frigo.de\/wp-content\/uploads\/2025\/11\/Dusar-Frigo-Griffe-Vorschaubild.jpg\" alt=\"Dusar-Frigo-Griffe-Vorschaubild\" itemprop=\"image\" height=\"340\" width=\"800\" title=\"Dusar-Frigo-Griffe-Vorschaubild\" onerror=\"this.style.display='none'\" loading=\"lazy\" \/>\n\t\t\t\t<\/a>\n<h3>\n\t\t\tHandles\t<\/h3>\n\t\t\t\t<a href=\"https:\/\/www.dusar-frigo.de\/en\/beleuchtung-fuer-kuehlmoebel\/\"  target=\"_self\" itemprop=\"url\">\n\t\t\t\t<img decoding=\"async\" src=\"https:\/\/www.dusar-frigo.de\/wp-content\/uploads\/2025\/08\/Dusar-Frigo-LED-Beleuchtung.jpg\" alt=\"Dusar-Frigo-LED-Beleuchtung\" itemprop=\"image\" height=\"337\" width=\"800\" title=\"Dusar-Frigo-LED-Beleuchtung\" onerror=\"this.style.display='none'\" loading=\"lazy\" \/>\n\t\t\t\t<\/a>\n<h3>\n\t\t\tLighting\t<\/h3>\n<h2  id=\"produkte\">\n\t\t\tContact\t<\/h2>\n<h3>\n\t\t\tGet in touch with us!<br \/>\t<\/h3>\n\t<p>Sales management DACH<\/p>\n<p>Tel: +49 (0) 2639 96258 &#8211; 11<\/p>\n<p>E-Mail: <a href=\"mailto:info@dusar-frigo.de\">info@dusar-frigo.de<\/a><\/p>\nDusarFrigo GmbH<br \/>\nFichtenstra\u00dfe 9<br \/>\n56584 Anhausen\n<p>&nbsp;<\/p>\n\t<p>Bureau France \/ Benelux<\/p>\n<p>Mobil: +49 (0) 171 3026633<\/p>\n<p>E-Mail: <a href=\"mailto:info@dusar-frigo.de\">info@dusar-frigo.de<\/a><\/p>","protected":false},"excerpt":{"rendered":"<p>Glast\u00fcren f\u00fcr alle g\u00e4ngigen K\u00fchlm\u00f6bel Finden Sie zu Ihrem K\u00fchlm\u00f6bel Die passende Ausstattung von uns Wir planen und bauen ma\u00dfgefertigte Glassysteme, die perfekt auf Ihre Einzelm\u00f6bel, steckerfertigen K\u00fchlm\u00f6bel und K\u00fchlr\u00e4ume abgestimmt und auf Ihre individuellen Bed\u00fcrfnissen und Begebenheiten Ihres Verkaufsraumes zugeschnitten sind. F\u00fcr Vertikale K\u00fchlm\u00f6bel Produkte: Dreht\u00fcren Faltt\u00fcren Schiebet\u00fcren Roll-In T\u00fcren Beleuchtung Transparente Seitenw\u00e4nde Griffe&hellip;<\/p>","protected":false},"author":2,"featured_media":0,"parent":0,"menu_order":0,"comment_status":"closed","ping_status":"closed","template":"","meta":{"footnotes":""},"class_list":["post-1233","page","type-page","status-publish","hentry"],"yoast_head":"<!-- This site is optimized with the Yoast SEO plugin v27.3 - https:\/\/yoast.com\/product\/yoast-seo-wordpress\/ -->\n<title>\u00dcbersicht Produkte - DusarFrigo<\/title>\n<meta name=\"description\" content=\"Glassysteme f\u00fcr K\u00fchlm\u00f6bel - Made in Germany\" \/>\n<meta name=\"robots\" content=\"index, follow, max-snippet:-1, max-image-preview:large, max-video-preview:-1\" \/>\n<link rel=\"canonical\" href=\"https:\/\/www.dusar-frigo.de\/en\/glastueren-produkte-fuer-kuehlmoebel-ueberblick\/\" \/>\n<meta property=\"og:locale\" content=\"en_US\" \/>\n<meta property=\"og:type\" content=\"article\" \/>\n<meta property=\"og:title\" content=\"\u00dcbersicht Produkte - DusarFrigo\" \/>\n<meta property=\"og:description\" content=\"Glassysteme f\u00fcr K\u00fchlm\u00f6bel - Made in Germany\" \/>\n<meta property=\"og:url\" content=\"https:\/\/www.dusar-frigo.de\/en\/glastueren-produkte-fuer-kuehlmoebel-ueberblick\/\" \/>\n<meta property=\"og:site_name\" content=\"DusarFrigo\" \/>\n<meta property=\"article:modified_time\" content=\"2025-11-28T12:57:46+00:00\" \/>\n<meta property=\"og:image\" content=\"https:\/\/www.dusar-frigo.de\/wp-content\/uploads\/2025\/08\/Dusar-Frigo-Vertikale-Moebel.jpg\" \/>\n<meta name=\"twitter:card\" content=\"summary_large_image\" \/>\n<meta name=\"twitter:label1\" content=\"Est. reading time\" \/>\n\t<meta name=\"twitter:data1\" content=\"2 minutes\" \/>\n<script type=\"application\/ld+json\" class=\"yoast-schema-graph\">{\"@context\":\"https:\\\/\\\/schema.org\",\"@graph\":[{\"@type\":\"WebPage\",\"@id\":\"https:\\\/\\\/www.dusar-frigo.de\\\/glastueren-produkte-fuer-kuehlmoebel-ueberblick\\\/\",\"url\":\"https:\\\/\\\/www.dusar-frigo.de\\\/glastueren-produkte-fuer-kuehlmoebel-ueberblick\\\/\",\"name\":\"\u00dcbersicht Produkte - DusarFrigo\",\"isPartOf\":{\"@id\":\"https:\\\/\\\/www.dusar-frigo.de\\\/#website\"},\"primaryImageOfPage\":{\"@id\":\"https:\\\/\\\/www.dusar-frigo.de\\\/glastueren-produkte-fuer-kuehlmoebel-ueberblick\\\/#primaryimage\"},\"image\":{\"@id\":\"https:\\\/\\\/www.dusar-frigo.de\\\/glastueren-produkte-fuer-kuehlmoebel-ueberblick\\\/#primaryimage\"},\"thumbnailUrl\":\"https:\\\/\\\/www.dusar-frigo.de\\\/wp-content\\\/uploads\\\/2025\\\/08\\\/Dusar-Frigo-Vertikale-Moebel.jpg\",\"datePublished\":\"2025-11-03T14:19:39+00:00\",\"dateModified\":\"2025-11-28T12:57:46+00:00\",\"description\":\"Glassysteme f\u00fcr K\u00fchlm\u00f6bel - Made in Germany\",\"breadcrumb\":{\"@id\":\"https:\\\/\\\/www.dusar-frigo.de\\\/glastueren-produkte-fuer-kuehlmoebel-ueberblick\\\/#breadcrumb\"},\"inLanguage\":\"en-US\",\"potentialAction\":[{\"@type\":\"ReadAction\",\"target\":[\"https:\\\/\\\/www.dusar-frigo.de\\\/glastueren-produkte-fuer-kuehlmoebel-ueberblick\\\/\"]}]},{\"@type\":\"ImageObject\",\"inLanguage\":\"en-US\",\"@id\":\"https:\\\/\\\/www.dusar-frigo.de\\\/glastueren-produkte-fuer-kuehlmoebel-ueberblick\\\/#primaryimage\",\"url\":\"https:\\\/\\\/www.dusar-frigo.de\\\/wp-content\\\/uploads\\\/2025\\\/08\\\/Dusar-Frigo-Vertikale-Moebel.jpg\",\"contentUrl\":\"https:\\\/\\\/www.dusar-frigo.de\\\/wp-content\\\/uploads\\\/2025\\\/08\\\/Dusar-Frigo-Vertikale-Moebel.jpg\"},{\"@type\":\"BreadcrumbList\",\"@id\":\"https:\\\/\\\/www.dusar-frigo.de\\\/glastueren-produkte-fuer-kuehlmoebel-ueberblick\\\/#breadcrumb\",\"itemListElement\":[{\"@type\":\"ListItem\",\"position\":1,\"name\":\"Startseite\",\"item\":\"https:\\\/\\\/www.dusar-frigo.de\\\/\"},{\"@type\":\"ListItem\",\"position\":2,\"name\":\"\u00dcbersicht Produkte\"}]},{\"@type\":\"WebSite\",\"@id\":\"https:\\\/\\\/www.dusar-frigo.de\\\/#website\",\"url\":\"https:\\\/\\\/www.dusar-frigo.de\\\/\",\"name\":\"DusarFrigo\",\"description\":\"\",\"publisher\":{\"@id\":\"https:\\\/\\\/www.dusar-frigo.de\\\/#organization\"},\"potentialAction\":[{\"@type\":\"SearchAction\",\"target\":{\"@type\":\"EntryPoint\",\"urlTemplate\":\"https:\\\/\\\/www.dusar-frigo.de\\\/?s={search_term_string}\"},\"query-input\":{\"@type\":\"PropertyValueSpecification\",\"valueRequired\":true,\"valueName\":\"search_term_string\"}}],\"inLanguage\":\"en-US\"},{\"@type\":\"Organization\",\"@id\":\"https:\\\/\\\/www.dusar-frigo.de\\\/#organization\",\"name\":\"DusarFrigo GmbH\",\"url\":\"https:\\\/\\\/www.dusar-frigo.de\\\/\",\"logo\":{\"@type\":\"ImageObject\",\"inLanguage\":\"en-US\",\"@id\":\"https:\\\/\\\/www.dusar-frigo.de\\\/#\\\/schema\\\/logo\\\/image\\\/\",\"url\":\"https:\\\/\\\/www.dusar-frigo.de\\\/wp-content\\\/uploads\\\/2024\\\/12\\\/DusarLogoLogin.png\",\"contentUrl\":\"https:\\\/\\\/www.dusar-frigo.de\\\/wp-content\\\/uploads\\\/2024\\\/12\\\/DusarLogoLogin.png\",\"width\":300,\"height\":80,\"caption\":\"DusarFrigo GmbH\"},\"image\":{\"@id\":\"https:\\\/\\\/www.dusar-frigo.de\\\/#\\\/schema\\\/logo\\\/image\\\/\"}}]}<\/script>\n<!-- \/ Yoast SEO plugin. -->","yoast_head_json":{"title":"\u00dcbersicht Produkte - DusarFrigo","description":"Glassysteme f\u00fcr K\u00fchlm\u00f6bel - Made in Germany","robots":{"index":"index","follow":"follow","max-snippet":"max-snippet:-1","max-image-preview":"max-image-preview:large","max-video-preview":"max-video-preview:-1"},"canonical":"https:\/\/www.dusar-frigo.de\/en\/glastueren-produkte-fuer-kuehlmoebel-ueberblick\/","og_locale":"en_US","og_type":"article","og_title":"\u00dcbersicht Produkte - DusarFrigo","og_description":"Glassysteme f\u00fcr K\u00fchlm\u00f6bel - Made in Germany","og_url":"https:\/\/www.dusar-frigo.de\/en\/glastueren-produkte-fuer-kuehlmoebel-ueberblick\/","og_site_name":"DusarFrigo","article_modified_time":"2025-11-28T12:57:46+00:00","og_image":[{"url":"https:\/\/www.dusar-frigo.de\/wp-content\/uploads\/2025\/08\/Dusar-Frigo-Vertikale-Moebel.jpg","type":"","width":"","height":""}],"twitter_card":"summary_large_image","twitter_misc":{"Est. reading time":"2 minutes"},"schema":{"@context":"https:\/\/schema.org","@graph":[{"@type":"WebPage","@id":"https:\/\/www.dusar-frigo.de\/glastueren-produkte-fuer-kuehlmoebel-ueberblick\/","url":"https:\/\/www.dusar-frigo.de\/glastueren-produkte-fuer-kuehlmoebel-ueberblick\/","name":"\u00dcbersicht Produkte - DusarFrigo","isPartOf":{"@id":"https:\/\/www.dusar-frigo.de\/#website"},"primaryImageOfPage":{"@id":"https:\/\/www.dusar-frigo.de\/glastueren-produkte-fuer-kuehlmoebel-ueberblick\/#primaryimage"},"image":{"@id":"https:\/\/www.dusar-frigo.de\/glastueren-produkte-fuer-kuehlmoebel-ueberblick\/#primaryimage"},"thumbnailUrl":"https:\/\/www.dusar-frigo.de\/wp-content\/uploads\/2025\/08\/Dusar-Frigo-Vertikale-Moebel.jpg","datePublished":"2025-11-03T14:19:39+00:00","dateModified":"2025-11-28T12:57:46+00:00","description":"Glassysteme f\u00fcr K\u00fchlm\u00f6bel - Made in Germany","breadcrumb":{"@id":"https:\/\/www.dusar-frigo.de\/glastueren-produkte-fuer-kuehlmoebel-ueberblick\/#breadcrumb"},"inLanguage":"en-US","potentialAction":[{"@type":"ReadAction","target":["https:\/\/www.dusar-frigo.de\/glastueren-produkte-fuer-kuehlmoebel-ueberblick\/"]}]},{"@type":"ImageObject","inLanguage":"en-US","@id":"https:\/\/www.dusar-frigo.de\/glastueren-produkte-fuer-kuehlmoebel-ueberblick\/#primaryimage","url":"https:\/\/www.dusar-frigo.de\/wp-content\/uploads\/2025\/08\/Dusar-Frigo-Vertikale-Moebel.jpg","contentUrl":"https:\/\/www.dusar-frigo.de\/wp-content\/uploads\/2025\/08\/Dusar-Frigo-Vertikale-Moebel.jpg"},{"@type":"BreadcrumbList","@id":"https:\/\/www.dusar-frigo.de\/glastueren-produkte-fuer-kuehlmoebel-ueberblick\/#breadcrumb","itemListElement":[{"@type":"ListItem","position":1,"name":"Startseite","item":"https:\/\/www.dusar-frigo.de\/"},{"@type":"ListItem","position":2,"name":"\u00dcbersicht Produkte"}]},{"@type":"WebSite","@id":"https:\/\/www.dusar-frigo.de\/#website","url":"https:\/\/www.dusar-frigo.de\/","name":"DusarFrigo","description":"","publisher":{"@id":"https:\/\/www.dusar-frigo.de\/#organization"},"potentialAction":[{"@type":"SearchAction","target":{"@type":"EntryPoint","urlTemplate":"https:\/\/www.dusar-frigo.de\/?s={search_term_string}"},"query-input":{"@type":"PropertyValueSpecification","valueRequired":true,"valueName":"search_term_string"}}],"inLanguage":"en-US"},{"@type":"Organization","@id":"https:\/\/www.dusar-frigo.de\/#organization","name":"DusarFrigo GmbH","url":"https:\/\/www.dusar-frigo.de\/","logo":{"@type":"ImageObject","inLanguage":"en-US","@id":"https:\/\/www.dusar-frigo.de\/#\/schema\/logo\/image\/","url":"https:\/\/www.dusar-frigo.de\/wp-content\/uploads\/2024\/12\/DusarLogoLogin.png","contentUrl":"https:\/\/www.dusar-frigo.de\/wp-content\/uploads\/2024\/12\/DusarLogoLogin.png","width":300,"height":80,"caption":"DusarFrigo GmbH"},"image":{"@id":"https:\/\/www.dusar-frigo.de\/#\/schema\/logo\/image\/"}}]}},"_links":{"self":[{"href":"https:\/\/www.dusar-frigo.de\/en\/wp-json\/wp\/v2\/pages\/1233","targetHints":{"allow":["GET"]}}],"collection":[{"href":"https:\/\/www.dusar-frigo.de\/en\/wp-json\/wp\/v2\/pages"}],"about":[{"href":"https:\/\/www.dusar-frigo.de\/en\/wp-json\/wp\/v2\/types\/page"}],"author":[{"embeddable":true,"href":"https:\/\/www.dusar-frigo.de\/en\/wp-json\/wp\/v2\/users\/2"}],"replies":[{"embeddable":true,"href":"https:\/\/www.dusar-frigo.de\/en\/wp-json\/wp\/v2\/comments?post=1233"}],"version-history":[{"count":11,"href":"https:\/\/www.dusar-frigo.de\/en\/wp-json\/wp\/v2\/pages\/1233\/revisions"}],"predecessor-version":[{"id":1366,"href":"https:\/\/www.dusar-frigo.de\/en\/wp-json\/wp\/v2\/pages\/1233\/revisions\/1366"}],"wp:attachment":[{"href":"https:\/\/www.dusar-frigo.de\/en\/wp-json\/wp\/v2\/media?parent=1233"}],"curies":[{"name":"wp","href":"https:\/\/api.w.org\/{rel}","templated":true}]}}