{"id":3,"date":"2024-12-19T12:05:50","date_gmt":"2024-12-19T11:05:50","guid":{"rendered":"https:\/\/www.dusar-frigo.de\/?page_id=3"},"modified":"2025-12-01T11:34:39","modified_gmt":"2025-12-01T10:34:39","slug":"datenschutzerklaerung","status":"publish","type":"page","link":"https:\/\/www.dusar-frigo.de\/en\/datenschutzerklaerung\/","title":{"rendered":"Privacy Policy"},"content":{"rendered":"<h1>\r\n\t\t\tPrivacy Policy\t<\/h1>\r\n\t<h2>1. Datenschutz auf einen Blick<\/h2>\r\n<strong>General information<\/strong><br \/>\r\nThe following information provides a simple overview of what happens to your personal data when you visit our website. Personal data is any data that can be used to identify you personally. For detailed information on the subject of data protection, please refer to our privacy policy listed below this text.\r\n<strong>Data collection on our website<\/strong><br \/>\r\nData processing on this website is carried out by the website operator. Their contact details can be found in the legal notice on this website.<br \/>\r\nIhre Daten werden zum einen dadurch erhoben, dass Sie uns diese mitteilen. Hierbei kann es sich z.B. um Daten handeln, die Sie in ein Kontaktformular eingeben.<br \/>\r\nAndere Daten werden automatisch beim Besuch der Website durch unsere IT-Systeme erfasst. Das sind vor allem technische Daten (z.B. Internetbrowser, Betriebssystem oder Uhrzeit des Seitenaufrufs). Die Erfassung dieser Daten erfolgt automatisch, sobald Sie unsere Website betreten.<br \/>\r\nEin Teil der Daten wird erhoben, um eine fehlerfreie Bereitstellung der Website zu gew\u00e4hrleisten. Andere Daten k\u00f6nnen zur Analyse Ihres Nutzerverhaltens verwendet werden.<br \/>\r\nSie haben jederzeit das Recht unentgeltlich Auskunft \u00fcber Herkunft, Empf\u00e4nger und Zweck Ihrer gespeicherten personenbezogenen Daten zu erhalten. Sie haben au\u00dferdem ein Recht, die Berichtigung, Sperrung oder L\u00f6schung dieser Daten zu verlangen. Hierzu sowie zu weiteren Fragen zum Thema Datenschutz k\u00f6nnen Sie sich jederzeit unter der im Impressum angegebenen Adresse an uns wenden. Des Weiteren steht Ihnen ein Beschwerderecht bei der zust\u00e4ndigen Aufsichtsbeh\u00f6rde zu.\r\n<h2>2. General information and mandatory information<\/h2>\r\n<strong>Data protection<\/strong><br \/>\r\nThe operators of these pages take the protection of your personal data very seriously. We treat your personal data confidentially and in accordance with the statutory data protection regulations and this privacy policy.<br \/>\r\nWenn Sie diese Website benutzen, werden verschiedene personenbezogene Daten erhoben. Personenbezogene Daten sind Daten, mit denen Sie pers\u00f6nlich identifiziert werden k\u00f6nnen. Die vorliegende Datenschutzerkl\u00e4rung erl\u00e4utert, welche Daten wir erheben und wof\u00fcr wir sie nutzen. Sie erl\u00e4utert auch, wie und zu welchem Zweck das geschieht.<br \/>\r\nWir weisen darauf hin, dass die Daten\u00fcbertragung im Internet (z.B. bei der Kommunikation per E-Mail) Sicherheitsl\u00fccken aufweisen kann. Ein l\u00fcckenloser Schutz der Daten vor dem Zugriff durch Dritte ist nicht m\u00f6glich.\r\n<strong>Hinweis zur verantwortlichen Stelle<\/strong><br \/>\r\nDie verantwortliche Stelle f\u00fcr die Datenverarbeitung auf dieser Website ist:\r\n<br \/>\r\nDusarFrigo GmbH<br \/>\r\nFichtenstra\u00dfe 9<br \/>\r\n56584 Anhausen<br \/>\r\nTel: +49 (0) 2639 96258 &#8211; 0<br \/>\r\nE-Mail: info@dusar-frigo.de\r\n<p>The responsible body is the natural or legal person who, alone or jointly with others, decides on the purposes and means of processing personal data (e.g., names, email addresses, etc.).<\/p>\r\n<strong>Withdrawal of your consent to data processing<\/strong><br \/>\r\nMany data processing operations are only possible with your express consent. You can revoke any consent you have already given at any time. To do so, simply send us an informal email. The legality of the data processing carried out until the revocation remains unaffected by the revocation.\r\n<strong>Right to lodge a complaint with the competent supervisory authority<\/strong><br \/>\r\nIm Falle datenschutzrechtlicher Verst\u00f6\u00dfe steht dem Betroffenen ein Beschwerderecht bei der zust\u00e4ndigen Aufsichtsbeh\u00f6rde zu. Zust\u00e4ndige Aufsichtsbeh\u00f6rde in datenschutzrechtlichen Fragen ist der Landesdatenschutzbeauftragte des Bundeslandes, in dem unser Unternehmen seinen Sitz hat.\r\nLandesbeauftragter f\u00fcr den Datenschutz und die Informationsfreiheit Rheinland-Pfalz<br \/>\r\nProf. Dr. Dieter Kugelmann<br \/>\r\nHintere Bleiche 34<br \/>\r\n55116 Mainz<br \/>\r\nTel: +49 (0) 6131 208 &#8211; 2449<br \/>\r\nE-Mail: poststelle@datenschutz.rlp.de\r\n<strong>Right to data portability<\/strong><br \/>\r\nYou have the right to have data that we process automatically on the basis of your consent or in fulfillment of a contract handed over to you or to a third party in a common, machine-readable format. If you request the direct transfer of the data to another controller, this will only be done if it is technically feasible.\r\n<strong>SSL or TLS encryption<\/strong><br \/>\r\nDiese Seite nutzt aus Sicherheitsgr\u00fcnden und zum Schutz der \u00dcbertragung vertraulicher Inhalte, wie zum Beispiel Bestellungen oder Anfragen, die Sie an uns als Seitenbetreiber senden, eine SSL-bzw. TLS-Verschl\u00fcsselung. Eine verschl\u00fcsselte Verbindung erkennen Sie daran, dass die Adresszeile des Browsers von &#8222;http:\/\/&#8220; auf &#8222;https:\/\/&#8220; wechselt und an dem Schloss-Symbol in Ihrer Browserzeile.<br \/>\r\nWenn die SSL- bzw. TLS-Verschl\u00fcsselung aktiviert ist, k\u00f6nnen die Daten, die Sie an uns \u00fcbermitteln, nicht von Dritten mitgelesen werden.\r\n<strong>Information, blocking, deletion<\/strong><br \/>\r\nWithin the framework of the applicable legal provisions, you have the right to receive information free of charge at any time about your stored personal data, its origin and recipients, and the purpose of data processing, and, if applicable, a right to correct, block, or delete this data. You can contact us at any time at the address given in the legal notice if you have any further questions on the subject of personal data.\r\n<h2>3. Data collection on our website<\/h2>\r\n<strong>Cookies<\/strong><br \/>\r\nSome of our web pages use cookies. Cookies do not harm your computer and do not contain viruses. Cookies serve to make our website more user-friendly, effective, and secure. Cookies are small text files that are stored on your computer and saved by your browser.<br \/>\r\nDie meisten der von uns verwendeten Cookies sind so genannte &#8222;Session-Cookies&#8220;. Sie werden nach Ende Ihres Besuchs automatisch gel\u00f6scht. Andere Cookies bleiben auf Ihrem Endger\u00e4t gespeichert bis Sie diese l\u00f6schen. Diese Cookies erm\u00f6glichen es uns, Ihren Browser beim n\u00e4chsten Besuch wiederzuerkennen.<br \/>\r\nMost of the cookies we use are so-called \u201csession cookies.\u201d They are automatically deleted at the end of your visit. Other cookies remain stored on your device until you delete them. These cookies enable us to recognize your browser the next time you visit.\nYou can set your browser so that you are informed about the setting of cookies and only allow cookies in individual cases, exclude the acceptance of cookies for certain cases or in general, and activate the automatic deletion of cookies when closing the browser. If you deactivate cookies, the functionality of this website may be restricted.\nCookies that are necessary for the electronic communication process or for the provision of certain functions requested by you are stored on the basis of Art. 6 para. 1 lit. f GDPR. The website operator has a legitimate interest in storing cookies for the technically error-free and optimized provision of its services.<br \/>\r\nCookies, die zur Durchf\u00fchrung des elektronischen Kommunikationsvorgangs oder zur Bereitstellung bestimmter, von Ihnen erw\u00fcnschter Funktionen erforderlich sind, werden auf Grundlage von Art. 6 Abs. 1 lit. f DSGVO gespeichert. Der Websitebetreiber hat ein berechtigtes Interesse an der Speicherung von Cookies zur technisch fehlerfreien und optimierten Bereitstellung seiner Dienste.\r\n<strong>Server log files<\/strong><br \/>\r\nDer Provider der Seiten erhebt und speichert automatisch Informationen in so genannten Server-Log-Dateien, die Ihr Browser automatisch an uns \u00fcbermittelt. Dies sind:\r\n\u2022 Browsertyp und Browserversion<br \/>\r\n\u2022 verwendetes Betriebssystem<br \/>\r\n\u2022 Referrer URL<br \/>\r\n\u2022 Hostname des zugreifenden Rechners<br \/>\r\n\u2022 Uhrzeit der Serveranfrage<br \/>\r\n\u2022 IP-Adresse (anonymisiert)\r\nEine Zusammenf\u00fchrung dieser Daten mit anderen Datenquellen wird nicht vorgenommen.<br \/>\r\nGrundlage f\u00fcr die Datenverarbeitung ist Art. 6 Abs. 1 lit. b DSGVO, der die Verarbeitung von Daten zur Erf\u00fcllung eines Vertrags oder vorvertraglicher Ma\u00dfnahmen gestattet.\r\n<strong>Contact form<\/strong><br \/>\r\nWenn Sie uns per Kontaktformular Anfragen zukommen lassen, werden Ihre Angaben aus dem Anfrageformular inklusive der von Ihnen dort angegebenen Kontaktdaten zwecks Bearbeitung der Anfrage und f\u00fcr den Fall von Anschlussfragen bei uns gespeichert. Diese Daten geben wir nicht ohne Ihre Einwilligung weiter. Die Verarbeitung der in das Kontaktformular eingegebenen Daten erfolgt somit ausschlie\u00dflich auf Grundlage Ihrer Einwilligung (Art. 6 Abs. 1 lit. a DSGVO). Sie k\u00f6nnen diese Einwilligung jederzeit widerrufen. Dazu reicht eine formlose Mitteilung per E-Mail an uns. Die Rechtm\u00e4\u00dfigkeit der bis zum Widerruf erfolgten Datenverarbeitungsvorg\u00e4nge bleibt vom Widerruf unber\u00fchrt. Die von Ihnen im Kontaktformular eingegebenen Daten verbleiben bei uns, bis Sie uns zur L\u00f6schung auffordern, Ihre Einwilligung zur Speicherung widerrufen oder der Zweck f\u00fcr die Datenspeicherung entf\u00e4llt (z.B. nach abgeschlossener Bearbeitung Ihrer Anfrage). Zwingende gesetzliche Bestimmungen &#8211; insbesondere Aufbewahrungsfristen &#8211; bleiben unber\u00fchrt.\r\n<strong>Real Cookie Banner<\/strong><br \/>\r\nZur Verwaltung der eingesetzten Cookies und \u00e4hnlichen Technologien (Tracking-Pixel, Web-Beacons etc.) und diesbez\u00fcglicher Einwilligungen setzen wir das Consent Tool &#8222;Real Cookie Banner&#8220; ein. Details zur Funktionsweise von &#8222;Real Cookie Banner&#8220; finden sie unter<br \/>\r\n&lt;a href=&quot;\/en\/&ldquo;https:\/\/devowl.io\/de\/rcb\/datenverarbeitung\/&ldquo;\/&quot; rel=&quot;&ldquo;noreferrer&ldquo;&quot; target=&quot;&ldquo;_blank&ldquo;&quot;&gt;https:\/\/devowl.io\/de\/rcb\/datenverarbeitung\/&lt;\/a&gt;.\r\n<p>The legal basis for the processing of personal data in this context is Art. 6 (1) (c) GDPR and Art. 6 (1) (f) GDPR. Our legitimate interest is the management of the cookies and similar technologies used and the related consents.<\/p>\r\n<p>The provision of personal data is neither contractually required nor necessary for the conclusion of a contract. You are not obliged to provide personal data. If you do not provide personal data, we cannot manage your consents.<\/p>","protected":false},"excerpt":{"rendered":"<p>Datenschutzerkl\u00e4rung 1. Datenschutz auf einen Blick Allgemeine Hinweise Die folgenden Hinweise geben einen einfachen \u00dcberblick dar\u00fcber, was mit Ihren personenbezogenen Daten passiert, wenn Sie unsere Website besuchen. Personenbezogene Daten sind alle Daten, mit denen Sie pers\u00f6nlich identifiziert werden k\u00f6nnen. Ausf\u00fchrliche Informationen zum Thema Datenschutz entnehmen Sie unserer unter diesem Text aufgef\u00fchrten Datenschutzerkl\u00e4rung. Datenerfassung auf unserer&hellip;<\/p>","protected":false},"author":1,"featured_media":0,"parent":0,"menu_order":110,"comment_status":"closed","ping_status":"closed","template":"","meta":{"footnotes":""},"class_list":["post-3","page","type-page","status-publish","hentry"],"yoast_head":"<!-- This site is optimized with the Yoast SEO plugin v27.4 - https:\/\/yoast.com\/product\/yoast-seo-wordpress\/ -->\n<title>Datenschutzerkl\u00e4rung - DusarFrigo<\/title>\n<meta name=\"robots\" content=\"index, follow, max-snippet:-1, max-image-preview:large, max-video-preview:-1\" \/>\n<link rel=\"canonical\" href=\"https:\/\/www.dusar-frigo.de\/en\/datenschutzerklaerung\/\" \/>\n<meta property=\"og:locale\" content=\"en_US\" \/>\n<meta property=\"og:type\" content=\"article\" \/>\n<meta property=\"og:title\" content=\"Datenschutzerkl\u00e4rung - DusarFrigo\" \/>\n<meta property=\"og:description\" content=\"Datenschutzerkl\u00e4rung 1. Datenschutz auf einen Blick Allgemeine Hinweise Die folgenden Hinweise geben einen einfachen \u00dcberblick dar\u00fcber, was mit Ihren personenbezogenen Daten passiert, wenn Sie unsere Website besuchen. Personenbezogene Daten sind alle Daten, mit denen Sie pers\u00f6nlich identifiziert werden k\u00f6nnen. Ausf\u00fchrliche Informationen zum Thema Datenschutz entnehmen Sie unserer unter diesem Text aufgef\u00fchrten Datenschutzerkl\u00e4rung. Datenerfassung auf unserer&hellip;\" \/>\n<meta property=\"og:url\" content=\"https:\/\/www.dusar-frigo.de\/en\/datenschutzerklaerung\/\" \/>\n<meta property=\"og:site_name\" content=\"DusarFrigo\" \/>\n<meta property=\"article:modified_time\" content=\"2025-12-01T10:34:39+00:00\" \/>\n<meta name=\"twitter:card\" content=\"summary_large_image\" \/>\n<meta name=\"twitter:label1\" content=\"Est. reading time\" \/>\n\t<meta name=\"twitter:data1\" content=\"7 minutes\" \/>\n<script type=\"application\/ld+json\" class=\"yoast-schema-graph\">{\"@context\":\"https:\\\/\\\/schema.org\",\"@graph\":[{\"@type\":\"WebPage\",\"@id\":\"https:\\\/\\\/www.dusar-frigo.de\\\/datenschutzerklaerung\\\/\",\"url\":\"https:\\\/\\\/www.dusar-frigo.de\\\/datenschutzerklaerung\\\/\",\"name\":\"Datenschutzerkl\u00e4rung - DusarFrigo\",\"isPartOf\":{\"@id\":\"https:\\\/\\\/www.dusar-frigo.de\\\/#website\"},\"datePublished\":\"2024-12-19T11:05:50+00:00\",\"dateModified\":\"2025-12-01T10:34:39+00:00\",\"breadcrumb\":{\"@id\":\"https:\\\/\\\/www.dusar-frigo.de\\\/datenschutzerklaerung\\\/#breadcrumb\"},\"inLanguage\":\"en-US\",\"potentialAction\":[{\"@type\":\"ReadAction\",\"target\":[\"https:\\\/\\\/www.dusar-frigo.de\\\/datenschutzerklaerung\\\/\"]}]},{\"@type\":\"BreadcrumbList\",\"@id\":\"https:\\\/\\\/www.dusar-frigo.de\\\/datenschutzerklaerung\\\/#breadcrumb\",\"itemListElement\":[{\"@type\":\"ListItem\",\"position\":1,\"name\":\"Startseite\",\"item\":\"https:\\\/\\\/www.dusar-frigo.de\\\/\"},{\"@type\":\"ListItem\",\"position\":2,\"name\":\"Datenschutzerkl\u00e4rung\"}]},{\"@type\":\"WebSite\",\"@id\":\"https:\\\/\\\/www.dusar-frigo.de\\\/#website\",\"url\":\"https:\\\/\\\/www.dusar-frigo.de\\\/\",\"name\":\"DusarFrigo\",\"description\":\"\",\"publisher\":{\"@id\":\"https:\\\/\\\/www.dusar-frigo.de\\\/#organization\"},\"potentialAction\":[{\"@type\":\"SearchAction\",\"target\":{\"@type\":\"EntryPoint\",\"urlTemplate\":\"https:\\\/\\\/www.dusar-frigo.de\\\/?s={search_term_string}\"},\"query-input\":{\"@type\":\"PropertyValueSpecification\",\"valueRequired\":true,\"valueName\":\"search_term_string\"}}],\"inLanguage\":\"en-US\"},{\"@type\":\"Organization\",\"@id\":\"https:\\\/\\\/www.dusar-frigo.de\\\/#organization\",\"name\":\"DusarFrigo GmbH\",\"url\":\"https:\\\/\\\/www.dusar-frigo.de\\\/\",\"logo\":{\"@type\":\"ImageObject\",\"inLanguage\":\"en-US\",\"@id\":\"https:\\\/\\\/www.dusar-frigo.de\\\/#\\\/schema\\\/logo\\\/image\\\/\",\"url\":\"https:\\\/\\\/www.dusar-frigo.de\\\/wp-content\\\/uploads\\\/2024\\\/12\\\/DusarLogoLogin.png\",\"contentUrl\":\"https:\\\/\\\/www.dusar-frigo.de\\\/wp-content\\\/uploads\\\/2024\\\/12\\\/DusarLogoLogin.png\",\"width\":300,\"height\":80,\"caption\":\"DusarFrigo GmbH\"},\"image\":{\"@id\":\"https:\\\/\\\/www.dusar-frigo.de\\\/#\\\/schema\\\/logo\\\/image\\\/\"}}]}<\/script>\n<!-- \/ Yoast SEO plugin. -->","yoast_head_json":{"title":"Datenschutzerkl\u00e4rung - DusarFrigo","robots":{"index":"index","follow":"follow","max-snippet":"max-snippet:-1","max-image-preview":"max-image-preview:large","max-video-preview":"max-video-preview:-1"},"canonical":"https:\/\/www.dusar-frigo.de\/en\/datenschutzerklaerung\/","og_locale":"en_US","og_type":"article","og_title":"Datenschutzerkl\u00e4rung - DusarFrigo","og_description":"Datenschutzerkl\u00e4rung 1. Datenschutz auf einen Blick Allgemeine Hinweise Die folgenden Hinweise geben einen einfachen \u00dcberblick dar\u00fcber, was mit Ihren personenbezogenen Daten passiert, wenn Sie unsere Website besuchen. Personenbezogene Daten sind alle Daten, mit denen Sie pers\u00f6nlich identifiziert werden k\u00f6nnen. Ausf\u00fchrliche Informationen zum Thema Datenschutz entnehmen Sie unserer unter diesem Text aufgef\u00fchrten Datenschutzerkl\u00e4rung. Datenerfassung auf unserer&hellip;","og_url":"https:\/\/www.dusar-frigo.de\/en\/datenschutzerklaerung\/","og_site_name":"DusarFrigo","article_modified_time":"2025-12-01T10:34:39+00:00","twitter_card":"summary_large_image","twitter_misc":{"Est. reading time":"7 minutes"},"schema":{"@context":"https:\/\/schema.org","@graph":[{"@type":"WebPage","@id":"https:\/\/www.dusar-frigo.de\/datenschutzerklaerung\/","url":"https:\/\/www.dusar-frigo.de\/datenschutzerklaerung\/","name":"Datenschutzerkl\u00e4rung - DusarFrigo","isPartOf":{"@id":"https:\/\/www.dusar-frigo.de\/#website"},"datePublished":"2024-12-19T11:05:50+00:00","dateModified":"2025-12-01T10:34:39+00:00","breadcrumb":{"@id":"https:\/\/www.dusar-frigo.de\/datenschutzerklaerung\/#breadcrumb"},"inLanguage":"en-US","potentialAction":[{"@type":"ReadAction","target":["https:\/\/www.dusar-frigo.de\/datenschutzerklaerung\/"]}]},{"@type":"BreadcrumbList","@id":"https:\/\/www.dusar-frigo.de\/datenschutzerklaerung\/#breadcrumb","itemListElement":[{"@type":"ListItem","position":1,"name":"Startseite","item":"https:\/\/www.dusar-frigo.de\/"},{"@type":"ListItem","position":2,"name":"Datenschutzerkl\u00e4rung"}]},{"@type":"WebSite","@id":"https:\/\/www.dusar-frigo.de\/#website","url":"https:\/\/www.dusar-frigo.de\/","name":"DusarFrigo","description":"","publisher":{"@id":"https:\/\/www.dusar-frigo.de\/#organization"},"potentialAction":[{"@type":"SearchAction","target":{"@type":"EntryPoint","urlTemplate":"https:\/\/www.dusar-frigo.de\/?s={search_term_string}"},"query-input":{"@type":"PropertyValueSpecification","valueRequired":true,"valueName":"search_term_string"}}],"inLanguage":"en-US"},{"@type":"Organization","@id":"https:\/\/www.dusar-frigo.de\/#organization","name":"DusarFrigo GmbH","url":"https:\/\/www.dusar-frigo.de\/","logo":{"@type":"ImageObject","inLanguage":"en-US","@id":"https:\/\/www.dusar-frigo.de\/#\/schema\/logo\/image\/","url":"https:\/\/www.dusar-frigo.de\/wp-content\/uploads\/2024\/12\/DusarLogoLogin.png","contentUrl":"https:\/\/www.dusar-frigo.de\/wp-content\/uploads\/2024\/12\/DusarLogoLogin.png","width":300,"height":80,"caption":"DusarFrigo GmbH"},"image":{"@id":"https:\/\/www.dusar-frigo.de\/#\/schema\/logo\/image\/"}}]}},"_links":{"self":[{"href":"https:\/\/www.dusar-frigo.de\/en\/wp-json\/wp\/v2\/pages\/3","targetHints":{"allow":["GET"]}}],"collection":[{"href":"https:\/\/www.dusar-frigo.de\/en\/wp-json\/wp\/v2\/pages"}],"about":[{"href":"https:\/\/www.dusar-frigo.de\/en\/wp-json\/wp\/v2\/types\/page"}],"author":[{"embeddable":true,"href":"https:\/\/www.dusar-frigo.de\/en\/wp-json\/wp\/v2\/users\/1"}],"replies":[{"embeddable":true,"href":"https:\/\/www.dusar-frigo.de\/en\/wp-json\/wp\/v2\/comments?post=3"}],"version-history":[{"count":9,"href":"https:\/\/www.dusar-frigo.de\/en\/wp-json\/wp\/v2\/pages\/3\/revisions"}],"predecessor-version":[{"id":1371,"href":"https:\/\/www.dusar-frigo.de\/en\/wp-json\/wp\/v2\/pages\/3\/revisions\/1371"}],"wp:attachment":[{"href":"https:\/\/www.dusar-frigo.de\/en\/wp-json\/wp\/v2\/media?parent=3"}],"curies":[{"name":"wp","href":"https:\/\/api.w.org\/{rel}","templated":true}]}}