{"id":76,"date":"2024-12-19T14:43:12","date_gmt":"2024-12-19T13:43:12","guid":{"rendered":"https:\/\/www.dusar-frigo.de\/?page_id=76"},"modified":"2024-12-23T10:53:16","modified_gmt":"2024-12-23T09:53:16","slug":"low-energy-curved","status":"publish","type":"page","link":"https:\/\/www.dusar-frigo.de\/en\/low-energy-curved\/","title":{"rendered":"Low Energy Curved"},"content":{"rendered":"<h1>\n\t\tLow Energy Curved\n\t<\/h1>\n<h2>\n\t\tGebogenes Schiebet\u00fcrsystem\n\t<\/h2>\n\t<div aria-live=\"polite\" id=\"soliloquy-container-374_1\" class=\"soliloquy-container soliloquy-transition-fade  soliloquy-theme-base\" style=\"max-width:615px;max-height:412px;\"><ul id=\"soliloquy-374_1\" class=\"soliloquy-slider soliloquy-slides soliloquy-wrap soliloquy-clear\"><li aria-hidden=\"true\" class=\"soliloquy-item soliloquy-item-1 soliloquy-image-slide\" draggable=\"false\" style=\"list-style:none\"><img decoding=\"async\" id=\"soliloquy-image-643\" class=\"soliloquy-image soliloquy-image-1\" src=\"https:\/\/www.dusar-frigo.de\/wp-content\/uploads\/2015\/01\/WP_2011-615x412_c.jpg\" alt=\"WP_2011\" \/><\/li><li aria-hidden=\"true\" class=\"soliloquy-item soliloquy-item-2 soliloquy-image-slide\" draggable=\"false\" style=\"list-style:none\"><img decoding=\"async\" id=\"soliloquy-image-642\" class=\"soliloquy-image soliloquy-image-2\" src=\"https:\/\/www.dusar-frigo.de\/wp-content\/uploads\/2015\/01\/WP_2013-615x412_c.jpg\" alt=\"WP_2013\" \/><\/li><li aria-hidden=\"true\" class=\"soliloquy-item soliloquy-item-3 soliloquy-image-slide\" draggable=\"false\" style=\"list-style:none\"><img decoding=\"async\" id=\"soliloquy-image-647\" class=\"soliloquy-image soliloquy-image-3\" src=\"https:\/\/www.dusar-frigo.de\/wp-content\/uploads\/2015\/01\/file-3-615x412_c.jpeg\" alt=\"file-3\" \/><\/li><li aria-hidden=\"true\" class=\"soliloquy-item soliloquy-item-4 soliloquy-image-slide\" draggable=\"false\" style=\"list-style:none\"><img decoding=\"async\" id=\"soliloquy-image-646\" class=\"soliloquy-image soliloquy-image-4\" src=\"https:\/\/www.dusar-frigo.de\/wp-content\/uploads\/2015\/01\/IMG_1991-615x412_c.jpeg\" alt=\"IMG_1991\" \/><\/li><li aria-hidden=\"true\" class=\"soliloquy-item soliloquy-item-5 soliloquy-image-slide\" draggable=\"false\" style=\"list-style:none\"><img decoding=\"async\" id=\"soliloquy-image-644\" class=\"soliloquy-image soliloquy-image-5\" src=\"https:\/\/www.dusar-frigo.de\/wp-content\/uploads\/2015\/01\/transparent-gebogen-615x412_c.jpg\" alt=\"transparent-gebogen\" \/><\/li><li aria-hidden=\"true\" class=\"soliloquy-item soliloquy-item-6 soliloquy-image-slide\" draggable=\"false\" style=\"list-style:none\"><img decoding=\"async\" id=\"soliloquy-image-645\" class=\"soliloquy-image soliloquy-image-6\" src=\"https:\/\/www.dusar-frigo.de\/wp-content\/uploads\/2015\/01\/transparent-615x412_c.jpg\" alt=\"transparent\" \/><\/li><\/ul><\/div><noscript><style type=\"text\/css\">#soliloquy-container-374_1{opacity:1}<\/style><\/noscript>\n\t<p>Das\u00a0DusarFrigo\u00a0Glassystem Low Energy Curved ist speziell f\u00fcr halbhohe K\u00fchlregale entwickelt worden. Dank der breiten T\u00fcr\u00f6ffnungen ist es eine besonders gute Wahl f\u00fcr Discounter und Cash&amp;Carry-M\u00e4rkte.<\/p>\n\t\t\t\t<img loading=\"lazy\" decoding=\"async\" src=\"https:\/\/www.dusar-frigo.de\/wp-content\/uploads\/2024\/12\/LEC-TZ.jpg\" alt=\"LEC-TZ\" itemprop=\"image\" height=\"695\" width=\"290\" title=\"LEC-TZ\" onerror=\"this.style.display='none'\"  \/>\n\t<ul>\n<li>ISO-Verglasung mit 4.6.4-Verglasung<br \/>\n= 4 mm Glas &#8211; 6 mm Gas &#8211; 4 mm Glas<\/li>\n<li>UG-Wert &lt; 1,5 m\u00f6glich<\/li>\n<li>Leichtg\u00e4ngiger Gleit-Mechanismus<\/li>\n<li>Long service life even under heavy loads<\/li>\n<li>Bis zu 1.030 mm breite T\u00fcr\u00f6ffnung in der Mitte<\/li>\n<li>Mit zus\u00e4tzlichen LED-Lampen ausstattbar<\/li>\n<\/ul>\n\t\t\t\t<img loading=\"lazy\" decoding=\"async\" src=\"https:\/\/www.dusar-frigo.de\/wp-content\/uploads\/2024\/12\/SchiebetPikto.jpg\" alt=\"SchiebetPikto\" itemprop=\"image\" height=\"144\" width=\"144\" title=\"SchiebetPikto\" onerror=\"this.style.display='none'\"  \/>\n\t\t\t\t<img loading=\"lazy\" decoding=\"async\" src=\"https:\/\/www.dusar-frigo.de\/wp-content\/uploads\/2024\/12\/Picto-12.jpg\" alt=\"Picto-12\" itemprop=\"image\" height=\"144\" width=\"144\" title=\"Picto-12\" onerror=\"this.style.display='none'\"  \/>\n\t\t\t\t<img loading=\"lazy\" decoding=\"async\" src=\"https:\/\/www.dusar-frigo.de\/wp-content\/uploads\/2024\/12\/LEDpikto.jpg\" alt=\"LEDpikto\" itemprop=\"image\" height=\"144\" width=\"144\" title=\"LEDpikto\" onerror=\"this.style.display='none'\"  \/>\n\t\t\t\t<img loading=\"lazy\" decoding=\"async\" src=\"https:\/\/www.dusar-frigo.de\/wp-content\/uploads\/2024\/12\/UmweltPikto-1.jpg\" alt=\"UmweltPikto\" itemprop=\"image\" height=\"144\" width=\"144\" title=\"UmweltPikto\" onerror=\"this.style.display='none'\"  \/>\n\t\t\t\t<img loading=\"lazy\" decoding=\"async\" src=\"https:\/\/www.dusar-frigo.de\/wp-content\/uploads\/2024\/12\/Tuevbild.png\" alt=\"Tuevbild\" itemprop=\"image\" height=\"82\" width=\"160\" title=\"Tuevbild\" onerror=\"this.style.display='none'\"  \/>","protected":false},"excerpt":{"rendered":"<p>Low Energy Curved Gebogenes Schiebet\u00fcrsystem Das\u00a0DusarFrigo\u00a0Glassystem Low Energy Curved ist speziell f\u00fcr halbhohe K\u00fchlregale entwickelt worden. Dank der breiten T\u00fcr\u00f6ffnungen ist es eine besonders gute Wahl f\u00fcr Discounter und Cash&amp;Carry-M\u00e4rkte. ISO-Verglasung mit 4.6.4-Verglasung = 4 mm Glas &#8211; 6 mm Gas &#8211; 4 mm Glas UG-Wert &lt; 1,5 m\u00f6glich Leichtg\u00e4ngiger Gleit-Mechanismus Lange Lebensdauer auch bei&hellip;<\/p>","protected":false},"author":1,"featured_media":0,"parent":0,"menu_order":50,"comment_status":"closed","ping_status":"closed","template":"","meta":{"footnotes":""},"class_list":["post-76","page","type-page","status-publish","hentry"],"yoast_head":"<!-- This site is optimized with the Yoast SEO plugin v27.5 - https:\/\/yoast.com\/product\/yoast-seo-wordpress\/ -->\n<title>Low Energy Curved - DusarFrigo<\/title>\n<meta name=\"robots\" content=\"index, follow, max-snippet:-1, max-image-preview:large, max-video-preview:-1\" \/>\n<link rel=\"canonical\" href=\"https:\/\/www.dusar-frigo.de\/en\/low-energy-curved\/\" \/>\n<meta property=\"og:locale\" content=\"en_US\" \/>\n<meta property=\"og:type\" content=\"article\" \/>\n<meta property=\"og:title\" content=\"Low Energy Curved - DusarFrigo\" \/>\n<meta property=\"og:description\" content=\"Low Energy Curved Gebogenes Schiebet\u00fcrsystem Das\u00a0DusarFrigo\u00a0Glassystem Low Energy Curved ist speziell f\u00fcr halbhohe K\u00fchlregale entwickelt worden. Dank der breiten T\u00fcr\u00f6ffnungen ist es eine besonders gute Wahl f\u00fcr Discounter und Cash&amp;Carry-M\u00e4rkte. ISO-Verglasung mit 4.6.4-Verglasung = 4 mm Glas &#8211; 6 mm Gas &#8211; 4 mm Glas UG-Wert &lt; 1,5 m\u00f6glich Leichtg\u00e4ngiger Gleit-Mechanismus Lange Lebensdauer auch bei&hellip;\" \/>\n<meta property=\"og:url\" content=\"https:\/\/www.dusar-frigo.de\/en\/low-energy-curved\/\" \/>\n<meta property=\"og:site_name\" content=\"DusarFrigo\" \/>\n<meta property=\"article:modified_time\" content=\"2024-12-23T09:53:16+00:00\" \/>\n<meta property=\"og:image\" content=\"https:\/\/www.dusar-frigo.de\/wp-content\/uploads\/2024\/12\/LEC-TZ.jpg\" \/>\n<meta name=\"twitter:card\" content=\"summary_large_image\" \/>\n<script type=\"application\/ld+json\" class=\"yoast-schema-graph\">{\"@context\":\"https:\\\/\\\/schema.org\",\"@graph\":[{\"@type\":\"WebPage\",\"@id\":\"https:\\\/\\\/www.dusar-frigo.de\\\/low-energy-curved\\\/\",\"url\":\"https:\\\/\\\/www.dusar-frigo.de\\\/low-energy-curved\\\/\",\"name\":\"Low Energy Curved - DusarFrigo\",\"isPartOf\":{\"@id\":\"https:\\\/\\\/www.dusar-frigo.de\\\/#website\"},\"primaryImageOfPage\":{\"@id\":\"https:\\\/\\\/www.dusar-frigo.de\\\/low-energy-curved\\\/#primaryimage\"},\"image\":{\"@id\":\"https:\\\/\\\/www.dusar-frigo.de\\\/low-energy-curved\\\/#primaryimage\"},\"thumbnailUrl\":\"https:\\\/\\\/www.dusar-frigo.de\\\/wp-content\\\/uploads\\\/2024\\\/12\\\/LEC-TZ.jpg\",\"datePublished\":\"2024-12-19T13:43:12+00:00\",\"dateModified\":\"2024-12-23T09:53:16+00:00\",\"breadcrumb\":{\"@id\":\"https:\\\/\\\/www.dusar-frigo.de\\\/low-energy-curved\\\/#breadcrumb\"},\"inLanguage\":\"en-US\",\"potentialAction\":[{\"@type\":\"ReadAction\",\"target\":[\"https:\\\/\\\/www.dusar-frigo.de\\\/low-energy-curved\\\/\"]}]},{\"@type\":\"ImageObject\",\"inLanguage\":\"en-US\",\"@id\":\"https:\\\/\\\/www.dusar-frigo.de\\\/low-energy-curved\\\/#primaryimage\",\"url\":\"https:\\\/\\\/www.dusar-frigo.de\\\/wp-content\\\/uploads\\\/2024\\\/12\\\/LEC-TZ.jpg\",\"contentUrl\":\"https:\\\/\\\/www.dusar-frigo.de\\\/wp-content\\\/uploads\\\/2024\\\/12\\\/LEC-TZ.jpg\"},{\"@type\":\"BreadcrumbList\",\"@id\":\"https:\\\/\\\/www.dusar-frigo.de\\\/low-energy-curved\\\/#breadcrumb\",\"itemListElement\":[{\"@type\":\"ListItem\",\"position\":1,\"name\":\"Startseite\",\"item\":\"https:\\\/\\\/www.dusar-frigo.de\\\/\"},{\"@type\":\"ListItem\",\"position\":2,\"name\":\"Low Energy Curved\"}]},{\"@type\":\"WebSite\",\"@id\":\"https:\\\/\\\/www.dusar-frigo.de\\\/#website\",\"url\":\"https:\\\/\\\/www.dusar-frigo.de\\\/\",\"name\":\"DusarFrigo\",\"description\":\"\",\"publisher\":{\"@id\":\"https:\\\/\\\/www.dusar-frigo.de\\\/#organization\"},\"potentialAction\":[{\"@type\":\"SearchAction\",\"target\":{\"@type\":\"EntryPoint\",\"urlTemplate\":\"https:\\\/\\\/www.dusar-frigo.de\\\/?s={search_term_string}\"},\"query-input\":{\"@type\":\"PropertyValueSpecification\",\"valueRequired\":true,\"valueName\":\"search_term_string\"}}],\"inLanguage\":\"en-US\"},{\"@type\":\"Organization\",\"@id\":\"https:\\\/\\\/www.dusar-frigo.de\\\/#organization\",\"name\":\"DusarFrigo GmbH\",\"url\":\"https:\\\/\\\/www.dusar-frigo.de\\\/\",\"logo\":{\"@type\":\"ImageObject\",\"inLanguage\":\"en-US\",\"@id\":\"https:\\\/\\\/www.dusar-frigo.de\\\/#\\\/schema\\\/logo\\\/image\\\/\",\"url\":\"https:\\\/\\\/www.dusar-frigo.de\\\/wp-content\\\/uploads\\\/2024\\\/12\\\/DusarLogoLogin.png\",\"contentUrl\":\"https:\\\/\\\/www.dusar-frigo.de\\\/wp-content\\\/uploads\\\/2024\\\/12\\\/DusarLogoLogin.png\",\"width\":300,\"height\":80,\"caption\":\"DusarFrigo GmbH\"},\"image\":{\"@id\":\"https:\\\/\\\/www.dusar-frigo.de\\\/#\\\/schema\\\/logo\\\/image\\\/\"}}]}<\/script>\n<!-- \/ Yoast SEO plugin. -->","yoast_head_json":{"title":"Low Energy Curved - DusarFrigo","robots":{"index":"index","follow":"follow","max-snippet":"max-snippet:-1","max-image-preview":"max-image-preview:large","max-video-preview":"max-video-preview:-1"},"canonical":"https:\/\/www.dusar-frigo.de\/en\/low-energy-curved\/","og_locale":"en_US","og_type":"article","og_title":"Low Energy Curved - DusarFrigo","og_description":"Low Energy Curved Gebogenes Schiebet\u00fcrsystem Das\u00a0DusarFrigo\u00a0Glassystem Low Energy Curved ist speziell f\u00fcr halbhohe K\u00fchlregale entwickelt worden. Dank der breiten T\u00fcr\u00f6ffnungen ist es eine besonders gute Wahl f\u00fcr Discounter und Cash&amp;Carry-M\u00e4rkte. ISO-Verglasung mit 4.6.4-Verglasung = 4 mm Glas &#8211; 6 mm Gas &#8211; 4 mm Glas UG-Wert &lt; 1,5 m\u00f6glich Leichtg\u00e4ngiger Gleit-Mechanismus Lange Lebensdauer auch bei&hellip;","og_url":"https:\/\/www.dusar-frigo.de\/en\/low-energy-curved\/","og_site_name":"DusarFrigo","article_modified_time":"2024-12-23T09:53:16+00:00","og_image":[{"url":"https:\/\/www.dusar-frigo.de\/wp-content\/uploads\/2024\/12\/LEC-TZ.jpg","type":"","width":"","height":""}],"twitter_card":"summary_large_image","schema":{"@context":"https:\/\/schema.org","@graph":[{"@type":"WebPage","@id":"https:\/\/www.dusar-frigo.de\/low-energy-curved\/","url":"https:\/\/www.dusar-frigo.de\/low-energy-curved\/","name":"Low Energy Curved - DusarFrigo","isPartOf":{"@id":"https:\/\/www.dusar-frigo.de\/#website"},"primaryImageOfPage":{"@id":"https:\/\/www.dusar-frigo.de\/low-energy-curved\/#primaryimage"},"image":{"@id":"https:\/\/www.dusar-frigo.de\/low-energy-curved\/#primaryimage"},"thumbnailUrl":"https:\/\/www.dusar-frigo.de\/wp-content\/uploads\/2024\/12\/LEC-TZ.jpg","datePublished":"2024-12-19T13:43:12+00:00","dateModified":"2024-12-23T09:53:16+00:00","breadcrumb":{"@id":"https:\/\/www.dusar-frigo.de\/low-energy-curved\/#breadcrumb"},"inLanguage":"en-US","potentialAction":[{"@type":"ReadAction","target":["https:\/\/www.dusar-frigo.de\/low-energy-curved\/"]}]},{"@type":"ImageObject","inLanguage":"en-US","@id":"https:\/\/www.dusar-frigo.de\/low-energy-curved\/#primaryimage","url":"https:\/\/www.dusar-frigo.de\/wp-content\/uploads\/2024\/12\/LEC-TZ.jpg","contentUrl":"https:\/\/www.dusar-frigo.de\/wp-content\/uploads\/2024\/12\/LEC-TZ.jpg"},{"@type":"BreadcrumbList","@id":"https:\/\/www.dusar-frigo.de\/low-energy-curved\/#breadcrumb","itemListElement":[{"@type":"ListItem","position":1,"name":"Startseite","item":"https:\/\/www.dusar-frigo.de\/"},{"@type":"ListItem","position":2,"name":"Low Energy Curved"}]},{"@type":"WebSite","@id":"https:\/\/www.dusar-frigo.de\/#website","url":"https:\/\/www.dusar-frigo.de\/","name":"DusarFrigo","description":"","publisher":{"@id":"https:\/\/www.dusar-frigo.de\/#organization"},"potentialAction":[{"@type":"SearchAction","target":{"@type":"EntryPoint","urlTemplate":"https:\/\/www.dusar-frigo.de\/?s={search_term_string}"},"query-input":{"@type":"PropertyValueSpecification","valueRequired":true,"valueName":"search_term_string"}}],"inLanguage":"en-US"},{"@type":"Organization","@id":"https:\/\/www.dusar-frigo.de\/#organization","name":"DusarFrigo GmbH","url":"https:\/\/www.dusar-frigo.de\/","logo":{"@type":"ImageObject","inLanguage":"en-US","@id":"https:\/\/www.dusar-frigo.de\/#\/schema\/logo\/image\/","url":"https:\/\/www.dusar-frigo.de\/wp-content\/uploads\/2024\/12\/DusarLogoLogin.png","contentUrl":"https:\/\/www.dusar-frigo.de\/wp-content\/uploads\/2024\/12\/DusarLogoLogin.png","width":300,"height":80,"caption":"DusarFrigo GmbH"},"image":{"@id":"https:\/\/www.dusar-frigo.de\/#\/schema\/logo\/image\/"}}]}},"_links":{"self":[{"href":"https:\/\/www.dusar-frigo.de\/en\/wp-json\/wp\/v2\/pages\/76","targetHints":{"allow":["GET"]}}],"collection":[{"href":"https:\/\/www.dusar-frigo.de\/en\/wp-json\/wp\/v2\/pages"}],"about":[{"href":"https:\/\/www.dusar-frigo.de\/en\/wp-json\/wp\/v2\/types\/page"}],"author":[{"embeddable":true,"href":"https:\/\/www.dusar-frigo.de\/en\/wp-json\/wp\/v2\/users\/1"}],"replies":[{"embeddable":true,"href":"https:\/\/www.dusar-frigo.de\/en\/wp-json\/wp\/v2\/comments?post=76"}],"version-history":[{"count":2,"href":"https:\/\/www.dusar-frigo.de\/en\/wp-json\/wp\/v2\/pages\/76\/revisions"}],"predecessor-version":[{"id":714,"href":"https:\/\/www.dusar-frigo.de\/en\/wp-json\/wp\/v2\/pages\/76\/revisions\/714"}],"wp:attachment":[{"href":"https:\/\/www.dusar-frigo.de\/en\/wp-json\/wp\/v2\/media?parent=76"}],"curies":[{"name":"wp","href":"https:\/\/api.w.org\/{rel}","templated":true}]}}