{"id":78,"date":"2024-12-19T14:43:22","date_gmt":"2024-12-19T13:43:22","guid":{"rendered":"https:\/\/www.dusar-frigo.de\/?page_id=78"},"modified":"2024-12-23T10:53:22","modified_gmt":"2024-12-23T09:53:22","slug":"low-energy-lumenta","status":"publish","type":"page","link":"https:\/\/www.dusar-frigo.de\/en\/low-energy-lumenta\/","title":{"rendered":"Low Energy Lumenta"},"content":{"rendered":"<h1>\n\t\tLow Energy Lumenta\n\t<\/h1>\n<h2>\n\t\tled-beleuchtungen\n\t<\/h2>\n\t<div aria-live=\"polite\" id=\"soliloquy-container-424_1\" class=\"soliloquy-container soliloquy-transition-fade  soliloquy-theme-base\" style=\"max-width:615px;max-height:412px;\"><ul id=\"soliloquy-424_1\" class=\"soliloquy-slider soliloquy-slides soliloquy-wrap soliloquy-clear\"><li aria-hidden=\"true\" class=\"soliloquy-item soliloquy-item-1 soliloquy-image-slide\" draggable=\"false\" style=\"list-style:none\"><img decoding=\"async\" id=\"soliloquy-image-628\" class=\"soliloquy-image soliloquy-image-1\" src=\"https:\/\/www.dusar-frigo.de\/wp-content\/uploads\/2024\/12\/LEL-1.jpg\" alt=\"LEL-1\" \/><\/li><li aria-hidden=\"true\" class=\"soliloquy-item soliloquy-item-2 soliloquy-image-slide\" draggable=\"false\" style=\"list-style:none\"><img decoding=\"async\" id=\"soliloquy-image-629\" class=\"soliloquy-image soliloquy-image-2\" src=\"https:\/\/www.dusar-frigo.de\/wp-content\/uploads\/2024\/12\/LEL-5.jpg\" alt=\"LEL-5\" \/><\/li><li aria-hidden=\"true\" class=\"soliloquy-item soliloquy-item-3 soliloquy-image-slide\" draggable=\"false\" style=\"list-style:none\"><img decoding=\"async\" id=\"soliloquy-image-594\" class=\"soliloquy-image soliloquy-image-3\" src=\"https:\/\/www.dusar-frigo.de\/wp-content\/uploads\/2024\/12\/LED-Gebogen1-615x412_c.jpg\" alt=\"LED-Gebogen1\" \/><\/li><li aria-hidden=\"true\" class=\"soliloquy-item soliloquy-item-4 soliloquy-image-slide\" draggable=\"false\" style=\"list-style:none\"><img decoding=\"async\" id=\"soliloquy-image-593\" class=\"soliloquy-image soliloquy-image-4\" src=\"https:\/\/www.dusar-frigo.de\/wp-content\/uploads\/2024\/12\/LED-Preisauszeichnung-615x412_c.jpg\" alt=\"LED-Preisauszeichnung\" \/><\/li><li aria-hidden=\"true\" class=\"soliloquy-item soliloquy-item-5 soliloquy-image-slide\" draggable=\"false\" style=\"list-style:none\"><img decoding=\"async\" id=\"soliloquy-image-609\" class=\"soliloquy-image soliloquy-image-5\" src=\"https:\/\/www.dusar-frigo.de\/wp-content\/uploads\/2024\/12\/fresh-meat1-615x412_c.jpg\" alt=\"fresh-meat1\" \/><\/li><li aria-hidden=\"true\" class=\"soliloquy-item soliloquy-item-6 soliloquy-image-slide\" draggable=\"false\" style=\"list-style:none\"><img decoding=\"async\" id=\"soliloquy-image-612\" class=\"soliloquy-image soliloquy-image-6\" src=\"https:\/\/www.dusar-frigo.de\/wp-content\/uploads\/2024\/12\/CH1-615x412_c.jpg\" alt=\"CH1\" \/><\/li><li aria-hidden=\"true\" class=\"soliloquy-item soliloquy-item-7 soliloquy-image-slide\" draggable=\"false\" style=\"list-style:none\"><img decoding=\"async\" id=\"soliloquy-image-614\" class=\"soliloquy-image soliloquy-image-7\" src=\"https:\/\/www.dusar-frigo.de\/wp-content\/uploads\/2024\/12\/14-615x412_c.jpg\" alt=\"14\" \/><\/li><\/ul><\/div><noscript><style type=\"text\/css\">#soliloquy-container-424_1{opacity:1}<\/style><\/noscript>\n\t<ul>\n<li>hohe Lebensdauer<\/li>\n<li>5 times more durable and robust<\/li>\n<li>Up to 50% energy savings<\/li>\n<li>Energy efficiency class: A++<\/li>\n<li>Lumens at 0\u00b0C: 1800<\/li>\n<li>Ambient temperature: -10\u00b0C, 30\u00b0C<\/li>\n<li>Lengths: 900 mm, 1200 mm, 1500 mm<\/li>\n<\/ul>\n\t\t\t\t<img loading=\"lazy\" decoding=\"async\" src=\"https:\/\/www.dusar-frigo.de\/wp-content\/uploads\/2024\/12\/6_Bullitbild.jpg\" alt=\"6_Bullitbild\" itemprop=\"image\" height=\"320\" width=\"500\" title=\"6_Bullitbild\" onerror=\"this.style.display='none'\"  \/>\n<h1>\n\t\tlight color\n\t<\/h1>\n<h2>\n\t\tThe right color for every product range\n\t<\/h2>\n\t\t\t\t<img loading=\"lazy\" decoding=\"async\" src=\"https:\/\/www.dusar-frigo.de\/wp-content\/uploads\/2024\/12\/7_LED_Lichtfarben.jpg\" alt=\"7_LED_Lichtfarben\" itemprop=\"image\" height=\"412\" width=\"615\" title=\"7_LED_Lichtfarben\" onerror=\"this.style.display='none'\"  \/>\n\t<p>Die\u00a0DusarFrigo\u00a0Isolierverglasung &#8211; ein Isolierverbund aus zwei Glasscheiben mit Luft oder Gas &#8211; gew\u00e4hrleistet durch High-Tech-Beschichtungen im Hardcoating-Verfahren eine optimale Isolierung der K\u00fchlger\u00e4te. Die T\u00fcrsysteme sind nicht, wie bei anderen Herstellern, auf Rahmensysteme angewiesen. Mit unserer Isolierverglasung f\u00f6rdern wir die Einhaltung der europ\u00e4ischen HACCP-Verordnung.<\/p>\n\t<ul>\n<li>FreshMeat: r\u00f6tliches Licht f\u00fcr Fleisch- und Wurstwaren<\/li>\n<li>FreshWhite: wei\u00dfes Licht f\u00fcr Molkerei- und Tiefk\u00fchlprodukte &#8211; neutral-wei\u00df kalibriert<\/li>\n<li>WarmWhite: gelbliches Licht f\u00fcr K\u00e4se und Backwaren<\/li>\n<\/ul>\n\t\t\t\t<img loading=\"lazy\" decoding=\"async\" src=\"https:\/\/www.dusar-frigo.de\/wp-content\/uploads\/2024\/12\/8_Bullitbild.jpg\" alt=\"8_Bullitbild\" itemprop=\"image\" height=\"320\" width=\"500\" title=\"8_Bullitbild\" onerror=\"this.style.display='none'\"  \/>\n<h1>\n\t\tEU-Energie\u00adlabel\n\t<\/h1>\n<h2>\n\t\tNeutral-weisse Leuchten\n\t<\/h2>\n\t\t\t\t<img loading=\"lazy\" decoding=\"async\" src=\"https:\/\/www.dusar-frigo.de\/wp-content\/uploads\/2024\/12\/Energielabel-weiss.jpg\" alt=\"Seite 13 Energielabel lowenergylumenta_be\" itemprop=\"image\" height=\"469\" width=\"602\" title=\"Seite 13 Energielabel lowenergylumenta_be\" onerror=\"this.style.display='none'\"  \/>\n<h2>\n\t\tRote Leuchten\n\t<\/h2>\n\t\t\t\t<img loading=\"lazy\" decoding=\"async\" src=\"https:\/\/www.dusar-frigo.de\/wp-content\/uploads\/2024\/12\/Energielabel-rot.jpg\" alt=\"Seite 13 Energielabel lowenergylumenta_be\" itemprop=\"image\" height=\"470\" width=\"602\" title=\"Seite 13 Energielabel lowenergylumenta_be\" onerror=\"this.style.display='none'\"  \/>\n\t\t\t\t<img loading=\"lazy\" decoding=\"async\" src=\"https:\/\/www.dusar-frigo.de\/wp-content\/uploads\/2024\/12\/DrehtPikto.jpg\" alt=\"DrehtPikto\" itemprop=\"image\" height=\"144\" width=\"144\" title=\"DrehtPikto\" onerror=\"this.style.display='none'\"  \/>\n\t\t\t\t<img loading=\"lazy\" decoding=\"async\" src=\"https:\/\/www.dusar-frigo.de\/wp-content\/uploads\/2024\/12\/SchiebetPikto.jpg\" alt=\"SchiebetPikto\" itemprop=\"image\" height=\"144\" width=\"144\" title=\"SchiebetPikto\" onerror=\"this.style.display='none'\"  \/>\n\t\t\t\t<img loading=\"lazy\" decoding=\"async\" src=\"https:\/\/www.dusar-frigo.de\/wp-content\/uploads\/2024\/12\/LEDpikto.jpg\" alt=\"LEDpikto\" itemprop=\"image\" height=\"144\" width=\"144\" title=\"LEDpikto\" onerror=\"this.style.display='none'\"  \/>\n\t\t\t\t<img loading=\"lazy\" decoding=\"async\" src=\"https:\/\/www.dusar-frigo.de\/wp-content\/uploads\/2024\/12\/UmweltPikto-1.jpg\" alt=\"UmweltPikto\" itemprop=\"image\" height=\"144\" width=\"144\" title=\"UmweltPikto\" onerror=\"this.style.display='none'\"  \/>\n\t\t\t\t<img loading=\"lazy\" decoding=\"async\" src=\"https:\/\/www.dusar-frigo.de\/wp-content\/uploads\/2024\/12\/Tuevbild.png\" alt=\"Tuevbild\" itemprop=\"image\" height=\"82\" width=\"160\" title=\"Tuevbild\" onerror=\"this.style.display='none'\"  \/>","protected":false},"excerpt":{"rendered":"<p>Low Energy Lumenta led-beleuchtungen hohe Lebensdauer 5 x langlebiger und robuster Bis zu 50 % Energieersparnis Energieeffizienzklasse: A++ Lumen bei 0\u00b0C: 1.800 Umgebungstemperatur: -10\u00b0C, 30\u00b0C L\u00e4ngen: 900 mm, 1.200 mm, 1.500 mm Lichtfarben F\u00fcr jedes Produktsortiment die richtige Farbe Die\u00a0DusarFrigo\u00a0Isolierverglasung &#8211; ein Isolierverbund aus zwei Glasscheiben mit Luft oder Gas &#8211; gew\u00e4hrleistet durch High-Tech-Beschichtungen im&hellip;<\/p>","protected":false},"author":1,"featured_media":0,"parent":0,"menu_order":60,"comment_status":"closed","ping_status":"closed","template":"","meta":{"footnotes":""},"class_list":["post-78","page","type-page","status-publish","hentry"],"yoast_head":"<!-- This site is optimized with the Yoast SEO plugin v27.4 - https:\/\/yoast.com\/product\/yoast-seo-wordpress\/ -->\n<title>Low Energy Lumenta - DusarFrigo<\/title>\n<meta name=\"robots\" content=\"index, follow, max-snippet:-1, max-image-preview:large, max-video-preview:-1\" \/>\n<link rel=\"canonical\" href=\"https:\/\/www.dusar-frigo.de\/en\/low-energy-lumenta\/\" \/>\n<meta property=\"og:locale\" content=\"en_US\" \/>\n<meta property=\"og:type\" content=\"article\" \/>\n<meta property=\"og:title\" content=\"Low Energy Lumenta - DusarFrigo\" \/>\n<meta property=\"og:description\" content=\"Low Energy Lumenta led-beleuchtungen hohe Lebensdauer 5 x langlebiger und robuster Bis zu 50 % Energieersparnis Energieeffizienzklasse: A++ Lumen bei 0\u00b0C: 1.800 Umgebungstemperatur: -10\u00b0C, 30\u00b0C L\u00e4ngen: 900 mm, 1.200 mm, 1.500 mm Lichtfarben F\u00fcr jedes Produktsortiment die richtige Farbe Die\u00a0DusarFrigo\u00a0Isolierverglasung &#8211; ein Isolierverbund aus zwei Glasscheiben mit Luft oder Gas &#8211; gew\u00e4hrleistet durch High-Tech-Beschichtungen im&hellip;\" \/>\n<meta property=\"og:url\" content=\"https:\/\/www.dusar-frigo.de\/en\/low-energy-lumenta\/\" \/>\n<meta property=\"og:site_name\" content=\"DusarFrigo\" \/>\n<meta property=\"article:modified_time\" content=\"2024-12-23T09:53:22+00:00\" \/>\n<meta property=\"og:image\" content=\"https:\/\/www.dusar-frigo.de\/wp-content\/uploads\/2024\/12\/6_Bullitbild.jpg\" \/>\n<meta name=\"twitter:card\" content=\"summary_large_image\" \/>\n<meta name=\"twitter:label1\" content=\"Est. reading time\" \/>\n\t<meta name=\"twitter:data1\" content=\"1 minute\" \/>\n<script type=\"application\/ld+json\" class=\"yoast-schema-graph\">{\"@context\":\"https:\\\/\\\/schema.org\",\"@graph\":[{\"@type\":\"WebPage\",\"@id\":\"https:\\\/\\\/www.dusar-frigo.de\\\/low-energy-lumenta\\\/\",\"url\":\"https:\\\/\\\/www.dusar-frigo.de\\\/low-energy-lumenta\\\/\",\"name\":\"Low Energy Lumenta - DusarFrigo\",\"isPartOf\":{\"@id\":\"https:\\\/\\\/www.dusar-frigo.de\\\/#website\"},\"primaryImageOfPage\":{\"@id\":\"https:\\\/\\\/www.dusar-frigo.de\\\/low-energy-lumenta\\\/#primaryimage\"},\"image\":{\"@id\":\"https:\\\/\\\/www.dusar-frigo.de\\\/low-energy-lumenta\\\/#primaryimage\"},\"thumbnailUrl\":\"https:\\\/\\\/www.dusar-frigo.de\\\/wp-content\\\/uploads\\\/2024\\\/12\\\/6_Bullitbild.jpg\",\"datePublished\":\"2024-12-19T13:43:22+00:00\",\"dateModified\":\"2024-12-23T09:53:22+00:00\",\"breadcrumb\":{\"@id\":\"https:\\\/\\\/www.dusar-frigo.de\\\/low-energy-lumenta\\\/#breadcrumb\"},\"inLanguage\":\"en-US\",\"potentialAction\":[{\"@type\":\"ReadAction\",\"target\":[\"https:\\\/\\\/www.dusar-frigo.de\\\/low-energy-lumenta\\\/\"]}]},{\"@type\":\"ImageObject\",\"inLanguage\":\"en-US\",\"@id\":\"https:\\\/\\\/www.dusar-frigo.de\\\/low-energy-lumenta\\\/#primaryimage\",\"url\":\"https:\\\/\\\/www.dusar-frigo.de\\\/wp-content\\\/uploads\\\/2024\\\/12\\\/6_Bullitbild.jpg\",\"contentUrl\":\"https:\\\/\\\/www.dusar-frigo.de\\\/wp-content\\\/uploads\\\/2024\\\/12\\\/6_Bullitbild.jpg\"},{\"@type\":\"BreadcrumbList\",\"@id\":\"https:\\\/\\\/www.dusar-frigo.de\\\/low-energy-lumenta\\\/#breadcrumb\",\"itemListElement\":[{\"@type\":\"ListItem\",\"position\":1,\"name\":\"Startseite\",\"item\":\"https:\\\/\\\/www.dusar-frigo.de\\\/\"},{\"@type\":\"ListItem\",\"position\":2,\"name\":\"Low Energy Lumenta\"}]},{\"@type\":\"WebSite\",\"@id\":\"https:\\\/\\\/www.dusar-frigo.de\\\/#website\",\"url\":\"https:\\\/\\\/www.dusar-frigo.de\\\/\",\"name\":\"DusarFrigo\",\"description\":\"\",\"publisher\":{\"@id\":\"https:\\\/\\\/www.dusar-frigo.de\\\/#organization\"},\"potentialAction\":[{\"@type\":\"SearchAction\",\"target\":{\"@type\":\"EntryPoint\",\"urlTemplate\":\"https:\\\/\\\/www.dusar-frigo.de\\\/?s={search_term_string}\"},\"query-input\":{\"@type\":\"PropertyValueSpecification\",\"valueRequired\":true,\"valueName\":\"search_term_string\"}}],\"inLanguage\":\"en-US\"},{\"@type\":\"Organization\",\"@id\":\"https:\\\/\\\/www.dusar-frigo.de\\\/#organization\",\"name\":\"DusarFrigo GmbH\",\"url\":\"https:\\\/\\\/www.dusar-frigo.de\\\/\",\"logo\":{\"@type\":\"ImageObject\",\"inLanguage\":\"en-US\",\"@id\":\"https:\\\/\\\/www.dusar-frigo.de\\\/#\\\/schema\\\/logo\\\/image\\\/\",\"url\":\"https:\\\/\\\/www.dusar-frigo.de\\\/wp-content\\\/uploads\\\/2024\\\/12\\\/DusarLogoLogin.png\",\"contentUrl\":\"https:\\\/\\\/www.dusar-frigo.de\\\/wp-content\\\/uploads\\\/2024\\\/12\\\/DusarLogoLogin.png\",\"width\":300,\"height\":80,\"caption\":\"DusarFrigo GmbH\"},\"image\":{\"@id\":\"https:\\\/\\\/www.dusar-frigo.de\\\/#\\\/schema\\\/logo\\\/image\\\/\"}}]}<\/script>\n<!-- \/ Yoast SEO plugin. -->","yoast_head_json":{"title":"Low Energy Lumenta - DusarFrigo","robots":{"index":"index","follow":"follow","max-snippet":"max-snippet:-1","max-image-preview":"max-image-preview:large","max-video-preview":"max-video-preview:-1"},"canonical":"https:\/\/www.dusar-frigo.de\/en\/low-energy-lumenta\/","og_locale":"en_US","og_type":"article","og_title":"Low Energy Lumenta - DusarFrigo","og_description":"Low Energy Lumenta led-beleuchtungen hohe Lebensdauer 5 x langlebiger und robuster Bis zu 50 % Energieersparnis Energieeffizienzklasse: A++ Lumen bei 0\u00b0C: 1.800 Umgebungstemperatur: -10\u00b0C, 30\u00b0C L\u00e4ngen: 900 mm, 1.200 mm, 1.500 mm Lichtfarben F\u00fcr jedes Produktsortiment die richtige Farbe Die\u00a0DusarFrigo\u00a0Isolierverglasung &#8211; ein Isolierverbund aus zwei Glasscheiben mit Luft oder Gas &#8211; gew\u00e4hrleistet durch High-Tech-Beschichtungen im&hellip;","og_url":"https:\/\/www.dusar-frigo.de\/en\/low-energy-lumenta\/","og_site_name":"DusarFrigo","article_modified_time":"2024-12-23T09:53:22+00:00","og_image":[{"url":"https:\/\/www.dusar-frigo.de\/wp-content\/uploads\/2024\/12\/6_Bullitbild.jpg","type":"","width":"","height":""}],"twitter_card":"summary_large_image","twitter_misc":{"Est. reading time":"1 minute"},"schema":{"@context":"https:\/\/schema.org","@graph":[{"@type":"WebPage","@id":"https:\/\/www.dusar-frigo.de\/low-energy-lumenta\/","url":"https:\/\/www.dusar-frigo.de\/low-energy-lumenta\/","name":"Low Energy Lumenta - DusarFrigo","isPartOf":{"@id":"https:\/\/www.dusar-frigo.de\/#website"},"primaryImageOfPage":{"@id":"https:\/\/www.dusar-frigo.de\/low-energy-lumenta\/#primaryimage"},"image":{"@id":"https:\/\/www.dusar-frigo.de\/low-energy-lumenta\/#primaryimage"},"thumbnailUrl":"https:\/\/www.dusar-frigo.de\/wp-content\/uploads\/2024\/12\/6_Bullitbild.jpg","datePublished":"2024-12-19T13:43:22+00:00","dateModified":"2024-12-23T09:53:22+00:00","breadcrumb":{"@id":"https:\/\/www.dusar-frigo.de\/low-energy-lumenta\/#breadcrumb"},"inLanguage":"en-US","potentialAction":[{"@type":"ReadAction","target":["https:\/\/www.dusar-frigo.de\/low-energy-lumenta\/"]}]},{"@type":"ImageObject","inLanguage":"en-US","@id":"https:\/\/www.dusar-frigo.de\/low-energy-lumenta\/#primaryimage","url":"https:\/\/www.dusar-frigo.de\/wp-content\/uploads\/2024\/12\/6_Bullitbild.jpg","contentUrl":"https:\/\/www.dusar-frigo.de\/wp-content\/uploads\/2024\/12\/6_Bullitbild.jpg"},{"@type":"BreadcrumbList","@id":"https:\/\/www.dusar-frigo.de\/low-energy-lumenta\/#breadcrumb","itemListElement":[{"@type":"ListItem","position":1,"name":"Startseite","item":"https:\/\/www.dusar-frigo.de\/"},{"@type":"ListItem","position":2,"name":"Low Energy Lumenta"}]},{"@type":"WebSite","@id":"https:\/\/www.dusar-frigo.de\/#website","url":"https:\/\/www.dusar-frigo.de\/","name":"DusarFrigo","description":"","publisher":{"@id":"https:\/\/www.dusar-frigo.de\/#organization"},"potentialAction":[{"@type":"SearchAction","target":{"@type":"EntryPoint","urlTemplate":"https:\/\/www.dusar-frigo.de\/?s={search_term_string}"},"query-input":{"@type":"PropertyValueSpecification","valueRequired":true,"valueName":"search_term_string"}}],"inLanguage":"en-US"},{"@type":"Organization","@id":"https:\/\/www.dusar-frigo.de\/#organization","name":"DusarFrigo GmbH","url":"https:\/\/www.dusar-frigo.de\/","logo":{"@type":"ImageObject","inLanguage":"en-US","@id":"https:\/\/www.dusar-frigo.de\/#\/schema\/logo\/image\/","url":"https:\/\/www.dusar-frigo.de\/wp-content\/uploads\/2024\/12\/DusarLogoLogin.png","contentUrl":"https:\/\/www.dusar-frigo.de\/wp-content\/uploads\/2024\/12\/DusarLogoLogin.png","width":300,"height":80,"caption":"DusarFrigo GmbH"},"image":{"@id":"https:\/\/www.dusar-frigo.de\/#\/schema\/logo\/image\/"}}]}},"_links":{"self":[{"href":"https:\/\/www.dusar-frigo.de\/en\/wp-json\/wp\/v2\/pages\/78","targetHints":{"allow":["GET"]}}],"collection":[{"href":"https:\/\/www.dusar-frigo.de\/en\/wp-json\/wp\/v2\/pages"}],"about":[{"href":"https:\/\/www.dusar-frigo.de\/en\/wp-json\/wp\/v2\/types\/page"}],"author":[{"embeddable":true,"href":"https:\/\/www.dusar-frigo.de\/en\/wp-json\/wp\/v2\/users\/1"}],"replies":[{"embeddable":true,"href":"https:\/\/www.dusar-frigo.de\/en\/wp-json\/wp\/v2\/comments?post=78"}],"version-history":[{"count":2,"href":"https:\/\/www.dusar-frigo.de\/en\/wp-json\/wp\/v2\/pages\/78\/revisions"}],"predecessor-version":[{"id":721,"href":"https:\/\/www.dusar-frigo.de\/en\/wp-json\/wp\/v2\/pages\/78\/revisions\/721"}],"wp:attachment":[{"href":"https:\/\/www.dusar-frigo.de\/en\/wp-json\/wp\/v2\/media?parent=78"}],"curies":[{"name":"wp","href":"https:\/\/api.w.org\/{rel}","templated":true}]}}