{"id":813,"date":"2025-09-09T12:08:05","date_gmt":"2025-09-09T10:08:05","guid":{"rendered":"https:\/\/www.dusar-frigo.de\/?page_id=813"},"modified":"2025-11-14T09:42:05","modified_gmt":"2025-11-14T08:42:05","slug":"startseite-copy","status":"publish","type":"page","link":"https:\/\/www.dusar-frigo.de\/en\/startseite-copy\/","title":{"rendered":"Startseite ohne Euroshop"},"content":{"rendered":"<h1>\n\t\t\tALL ICE ON US\t<\/h1>\n<h2  id=\"produkte\">\n\t\t\tGlassysteme f\u00fcr K\u00fchlm\u00f6bel &#8211; <br \/>Made in Germany\t<\/h2>\n<h3>\n\t\t\tDusarFrigo &#8211; 50 Jahre Erfahrung in der Glas- und Aluminiumverarbeitung.<br \/>\t<\/h3>\n\t<p>\u00b7 Save up to 50% on energy costs<\/p>\n\t<p>\u00b7 Reduce CO2 pollution for the environment<\/p>\n\t<p>\u00b7 Made in Germany<\/p>\n\t<p>\u00b7 Excellent presentation of goods<\/p>\n\t<p>\u00b7 Optimal storage of refrigerated goods<\/p>\n\t<p>\u00b7 Create a more pleasant indoor climate<\/p>\n<h2  id=\"produkte\">\n\t\t\tCustomized solutions for cooling and presentation\t<\/h2>\n<h3>\n\t\t\tGlass systems tailored to your needs<br \/>\t<\/h3>\n\t<p>DusarFrigo offers customized glass systems for food retailers, gas stations, and specialty stores. Our tailor-made turnkey solutions combine contemporary design with maximum functionality. We plan, manufacture, and install glass systems that perfectly match your refrigerated display cases, plug-in refrigerators, and cold rooms.<br>\n\nThe result: aesthetic, energy-efficient, and long-lasting solutions that integrate seamlessly into the overall look and feel of your store.<\/p>\n\t<p>Frameless<\/p>\n<p>safety glass doors<\/p>\n\t<p>Up to 1250 mm wide<\/p>\n<p>door opening<\/p>\n\t<p>Aluminum profiles in all standard<\/p>\n<p>RAL-Colors<\/p>\n\t<p>18 mm and 25 mm<\/p>\n<p>insulated glass doors<\/p>\n\t<p>Smooth-running<\/p>\n<p>self-closing<\/p>\n<p>door systems<\/p>\n\t<p>Energy-efficient<\/p>\n<p>LED-lights<\/p>\n<h2  id=\"produkte\" class=\"translation-block\">Glass doors for all standard <br> refrigerated display cabinets<\/h2>\n<h3>\n\t\t\tFind the right equipment for your refrigerated display cabinet<br \/>\t<\/h3>\n\t<p>Unsere Komplettl\u00f6sungen verbinden Design, Funktionalit\u00e4t und Energieeffizienz. Jedes System wird pr\u00e4zise auf K\u00fchlm\u00f6bel, steckerfertige Ger\u00e4te und K\u00fchlr\u00e4ume abgestimmt &#8211; f\u00fcr ein harmonisches, modernes Ladenbild.<\/p>\n\t\t\t\t<img decoding=\"async\" src=\"https:\/\/www.dusar-frigo.de\/wp-content\/uploads\/2025\/08\/Dusar-Frigo-Vertikale-Moebel.jpg\" alt=\"Dusar-Frigo-Vertikale-Mo\u0308bel\" itemprop=\"image\" height=\"583\" width=\"800\" title=\"Dusar-Frigo-Vertikale-Mo\u0308bel\" onerror=\"this.style.display='none'\" loading=\"lazy\" \/>\n<h3>\n\t\t\tFor vertical refrigerated cabinets<br \/>\t<\/h3>\n\t\t\t <p>Products:<\/p><ul><li>Swing doors<\/li><li>Folding doors<\/li><li>Sliding doors<\/li><li>Roll-In doors<\/li><li>Lighting<\/li><li>Transparent side walls<\/li><li>Handles<\/li><\/ul>\t\t\n\t\t\t<a href=\"https:\/\/www.dusar-frigo.de\/en\/produkte-fuer-vertikale-kuehlmoebel\/\" target=\"_self\">\n\t\t\t\t\t\t\tnext\n\t\t\t\t\t<\/a>\n\t\t\t\t<img decoding=\"async\" src=\"https:\/\/www.dusar-frigo.de\/wp-content\/uploads\/2025\/09\/Dusar-Frigo-Semivertikale-Moebel.jpg\" alt=\"Dusar-Frigo-Semivertikale-Mo\u0308bel\" itemprop=\"image\" height=\"583\" width=\"800\" title=\"Dusar-Frigo-Semivertikale-Mo\u0308bel\" onerror=\"this.style.display='none'\" loading=\"lazy\" \/>\n<h3>\n\t\t\tFor semi-vertical refrigerated cabinets<br \/>\t<\/h3>\n\t\t\t <p>Products:<\/p><ul><li>Sliding doors<\/li><li>Swing doors<\/li><li>Lighting<\/li><li>Transparent side walls<\/li><li>Handles<br \/><br \/><\/li><\/ul>\t\t\n\t\t\t<a href=\"https:\/\/www.dusar-frigo.de\/en\/produkte-fuer-semi-vertikale-kuehlmoebel\/\" target=\"_self\">\n\t\t\t\t\t\t\tnext\n\t\t\t\t\t<\/a>\n\t\t\t\t<img decoding=\"async\" src=\"https:\/\/www.dusar-frigo.de\/wp-content\/uploads\/2025\/09\/Dusar-Frigo-Tiefkuehlmoebel.jpg\" alt=\"Dusar-Frigo-Tiefku\u0308hlmo\u0308bel\" itemprop=\"image\" height=\"583\" width=\"800\" title=\"Dusar-Frigo-Tiefku\u0308hlmo\u0308bel\" onerror=\"this.style.display='none'\" loading=\"lazy\" \/>\n<h3>\n\t\t\tFor deep-freeze cabinets <br \/>\t<\/h3>\n\t\t\t <p>Products:<\/p><ul><li>Flat glass sliding covers<\/li><li>Curved glass sliding covers<\/li><li>Lighting<br \/><br \/><br \/><br \/><\/li><\/ul>\t\t\n\t\t\t<a href=\"https:\/\/www.dusar-frigo.de\/en\/produkte-fuer-niedrige-tiefkuehlmoebel\/\" target=\"_self\">\n\t\t\t\t\t\t\tnext\n\t\t\t\t\t<\/a>\n<h2  id=\"produkte\">\n\t\t\tProduct exsamples\t<\/h2>\n<h3>\n\t\t\tQualit\u00e4t &#8211; Made in Germany<br \/>\t<\/h3>\n\t\t\t<img decoding=\"async\" loading=\"false\" src=\"https:\/\/www.dusar-frigo.de\/wp-content\/uploads\/2025\/09\/Dusar-Frigo_Slider_Schiebe-und_Falttueren.jpg\" alt=\"\" \/>\t\t\t\n\t\t\t<img decoding=\"async\" loading=\"false\" src=\"https:\/\/www.dusar-frigo.de\/wp-content\/uploads\/2025\/09\/Dusar-Frigo_Slider_Roll-In_3.jpg\" alt=\"\" \/>\t\t\t\n\t\t\t<img decoding=\"async\" loading=\"false\" src=\"https:\/\/www.dusar-frigo.de\/wp-content\/uploads\/2025\/09\/Dusar-Frigo_Slider_semivertikal_Schiebetuer.jpg\" alt=\"\" \/>\t\t\t\n\t\t\t<img decoding=\"async\" loading=\"false\" src=\"https:\/\/www.dusar-frigo.de\/wp-content\/uploads\/2025\/09\/Dusar-Frigo_Slider_Tiefkueltheke.jpg\" alt=\"\" \/>\t\t\t\n\t\t\t<img decoding=\"async\" loading=\"false\" src=\"https:\/\/www.dusar-frigo.de\/wp-content\/uploads\/2025\/09\/Dusar-Frigo_Slider_Drehtueren.jpg\" alt=\"\" \/>\t\t\t\n\t\t\t<img decoding=\"async\" loading=\"false\" src=\"https:\/\/www.dusar-frigo.de\/wp-content\/uploads\/2025\/09\/Dusar-Frigo_Slider_Falttuer-Griffloch.jpg\" alt=\"\" \/>\t\t\t\n<h2  id=\"produkte\">\n\t\t\tService\t<\/h2>\n<h3>\n\t\t\tExcellent consulting and service quality<br \/>\t<\/h3>\n\t<p>Von der Idee bis zur Fertigstellung &#8211; DusarFrigo bietet ausgezeichnete Beratungs- und Servicequalit\u00e4t. Unser Leistungsspektrum reicht von der Vorbereitung der vorhandenen K\u00fchlm\u00f6bel, \u00fcber den Einbau von Glast\u00fcren und LED-Leuchten bis hin zu Anleitungen f\u00fcr die Selbstmontage.<\/p>\n<h2  id=\"produkte\">\n\t\t\tContact\t<\/h2>\n<h3>\n\t\t\tGet in touch with us!<br \/>\t<\/h3>\n\t<p>Sales management DACH<\/p>\n<p>Tel: +49 (0) 2639 96258 &#8211; 11<\/p>\n<p>E-Mail: <a href=\"mailto:info@dusar-frigo.de\">info@dusar-frigo.de<\/a><\/p>\nDusarFrigo GmbH<br \/>\nFichtenstra\u00dfe 9<br \/>\n56584 Anhausen\n<p>&nbsp;<\/p>\n\t<p>Bureau France \/ Benelux<\/p>\n<p>Mobil: +49 (0) 171 3026633<\/p>\n<p>E-Mail: <a href=\"mailto:info@dusar-frigo.de\">info@dusar-frigo.de<\/a><\/p>\n<p>&nbsp;<\/p>\n<p>&nbsp;<\/p>\n<p>&nbsp;<\/p>","protected":false},"excerpt":{"rendered":"<p>ALL ICE ON US Glassysteme f\u00fcr K\u00fchlm\u00f6bel &#8211; Made in Germany DusarFrigo &#8211; 50 Jahre Erfahrung in der Glas- und Aluminiumverarbeitung. \u00b7 Bis zu 50 % Energiekosten sparen \u00b7 CO2-Belastung f\u00fcr Umwelt verringern \u00b7 Made in Germany \u00b7 Waren exzellent pr\u00e4sentieren \u00b7 K\u00fchlwaren optimal lagern \u00b7 Angenehmeres Raumklima schaffen Ma\u00dfgeschneiderte L\u00f6sungen f\u00fcr K\u00fchlung und Pr\u00e4sentation&hellip;<\/p>","protected":false},"author":2,"featured_media":0,"parent":0,"menu_order":0,"comment_status":"closed","ping_status":"closed","template":"","meta":{"footnotes":""},"class_list":["post-813","page","type-page","status-publish","hentry"],"yoast_head":"<!-- This site is optimized with the Yoast SEO plugin v27.5 - https:\/\/yoast.com\/product\/yoast-seo-wordpress\/ -->\n<title>Startseite ohne Euroshop - DusarFrigo<\/title>\n<meta name=\"description\" content=\"Glassysteme f\u00fcr K\u00fchlm\u00f6bel - Made in Germany\" \/>\n<meta name=\"robots\" content=\"index, follow, max-snippet:-1, max-image-preview:large, max-video-preview:-1\" \/>\n<link rel=\"canonical\" href=\"https:\/\/www.dusar-frigo.de\/en\/startseite-copy\/\" \/>\n<meta property=\"og:locale\" content=\"en_US\" \/>\n<meta property=\"og:type\" content=\"article\" \/>\n<meta property=\"og:title\" content=\"Startseite ohne Euroshop - DusarFrigo\" \/>\n<meta property=\"og:description\" content=\"Glassysteme f\u00fcr K\u00fchlm\u00f6bel - Made in Germany\" \/>\n<meta property=\"og:url\" content=\"https:\/\/www.dusar-frigo.de\/en\/startseite-copy\/\" \/>\n<meta property=\"og:site_name\" content=\"DusarFrigo\" \/>\n<meta property=\"article:modified_time\" content=\"2025-11-14T08:42:05+00:00\" \/>\n<meta property=\"og:image\" content=\"https:\/\/www.dusar-frigo.de\/wp-content\/uploads\/2025\/08\/Dusar-Frigo-Vertikale-Moebel.jpg\" \/>\n<meta name=\"twitter:card\" content=\"summary_large_image\" \/>\n<meta name=\"twitter:label1\" content=\"Est. reading time\" \/>\n\t<meta name=\"twitter:data1\" content=\"4 minutes\" \/>\n<script type=\"application\/ld+json\" class=\"yoast-schema-graph\">{\"@context\":\"https:\\\/\\\/schema.org\",\"@graph\":[{\"@type\":\"WebPage\",\"@id\":\"https:\\\/\\\/www.dusar-frigo.de\\\/startseite-copy\\\/\",\"url\":\"https:\\\/\\\/www.dusar-frigo.de\\\/startseite-copy\\\/\",\"name\":\"Startseite ohne Euroshop - DusarFrigo\",\"isPartOf\":{\"@id\":\"https:\\\/\\\/www.dusar-frigo.de\\\/#website\"},\"primaryImageOfPage\":{\"@id\":\"https:\\\/\\\/www.dusar-frigo.de\\\/startseite-copy\\\/#primaryimage\"},\"image\":{\"@id\":\"https:\\\/\\\/www.dusar-frigo.de\\\/startseite-copy\\\/#primaryimage\"},\"thumbnailUrl\":\"https:\\\/\\\/www.dusar-frigo.de\\\/wp-content\\\/uploads\\\/2025\\\/08\\\/Dusar-Frigo-Vertikale-Moebel.jpg\",\"datePublished\":\"2025-09-09T10:08:05+00:00\",\"dateModified\":\"2025-11-14T08:42:05+00:00\",\"description\":\"Glassysteme f\u00fcr K\u00fchlm\u00f6bel - Made in Germany\",\"breadcrumb\":{\"@id\":\"https:\\\/\\\/www.dusar-frigo.de\\\/startseite-copy\\\/#breadcrumb\"},\"inLanguage\":\"en-US\",\"potentialAction\":[{\"@type\":\"ReadAction\",\"target\":[\"https:\\\/\\\/www.dusar-frigo.de\\\/startseite-copy\\\/\"]}]},{\"@type\":\"ImageObject\",\"inLanguage\":\"en-US\",\"@id\":\"https:\\\/\\\/www.dusar-frigo.de\\\/startseite-copy\\\/#primaryimage\",\"url\":\"https:\\\/\\\/www.dusar-frigo.de\\\/wp-content\\\/uploads\\\/2025\\\/08\\\/Dusar-Frigo-Vertikale-Moebel.jpg\",\"contentUrl\":\"https:\\\/\\\/www.dusar-frigo.de\\\/wp-content\\\/uploads\\\/2025\\\/08\\\/Dusar-Frigo-Vertikale-Moebel.jpg\"},{\"@type\":\"BreadcrumbList\",\"@id\":\"https:\\\/\\\/www.dusar-frigo.de\\\/startseite-copy\\\/#breadcrumb\",\"itemListElement\":[{\"@type\":\"ListItem\",\"position\":1,\"name\":\"Startseite\",\"item\":\"https:\\\/\\\/www.dusar-frigo.de\\\/\"},{\"@type\":\"ListItem\",\"position\":2,\"name\":\"Startseite ohne Euroshop\"}]},{\"@type\":\"WebSite\",\"@id\":\"https:\\\/\\\/www.dusar-frigo.de\\\/#website\",\"url\":\"https:\\\/\\\/www.dusar-frigo.de\\\/\",\"name\":\"DusarFrigo\",\"description\":\"\",\"publisher\":{\"@id\":\"https:\\\/\\\/www.dusar-frigo.de\\\/#organization\"},\"potentialAction\":[{\"@type\":\"SearchAction\",\"target\":{\"@type\":\"EntryPoint\",\"urlTemplate\":\"https:\\\/\\\/www.dusar-frigo.de\\\/?s={search_term_string}\"},\"query-input\":{\"@type\":\"PropertyValueSpecification\",\"valueRequired\":true,\"valueName\":\"search_term_string\"}}],\"inLanguage\":\"en-US\"},{\"@type\":\"Organization\",\"@id\":\"https:\\\/\\\/www.dusar-frigo.de\\\/#organization\",\"name\":\"DusarFrigo GmbH\",\"url\":\"https:\\\/\\\/www.dusar-frigo.de\\\/\",\"logo\":{\"@type\":\"ImageObject\",\"inLanguage\":\"en-US\",\"@id\":\"https:\\\/\\\/www.dusar-frigo.de\\\/#\\\/schema\\\/logo\\\/image\\\/\",\"url\":\"https:\\\/\\\/www.dusar-frigo.de\\\/wp-content\\\/uploads\\\/2024\\\/12\\\/DusarLogoLogin.png\",\"contentUrl\":\"https:\\\/\\\/www.dusar-frigo.de\\\/wp-content\\\/uploads\\\/2024\\\/12\\\/DusarLogoLogin.png\",\"width\":300,\"height\":80,\"caption\":\"DusarFrigo GmbH\"},\"image\":{\"@id\":\"https:\\\/\\\/www.dusar-frigo.de\\\/#\\\/schema\\\/logo\\\/image\\\/\"}}]}<\/script>\n<!-- \/ Yoast SEO plugin. -->","yoast_head_json":{"title":"Startseite ohne Euroshop - DusarFrigo","description":"Glassysteme f\u00fcr K\u00fchlm\u00f6bel - Made in Germany","robots":{"index":"index","follow":"follow","max-snippet":"max-snippet:-1","max-image-preview":"max-image-preview:large","max-video-preview":"max-video-preview:-1"},"canonical":"https:\/\/www.dusar-frigo.de\/en\/startseite-copy\/","og_locale":"en_US","og_type":"article","og_title":"Startseite ohne Euroshop - DusarFrigo","og_description":"Glassysteme f\u00fcr K\u00fchlm\u00f6bel - Made in Germany","og_url":"https:\/\/www.dusar-frigo.de\/en\/startseite-copy\/","og_site_name":"DusarFrigo","article_modified_time":"2025-11-14T08:42:05+00:00","og_image":[{"url":"https:\/\/www.dusar-frigo.de\/wp-content\/uploads\/2025\/08\/Dusar-Frigo-Vertikale-Moebel.jpg","type":"","width":"","height":""}],"twitter_card":"summary_large_image","twitter_misc":{"Est. reading time":"4 minutes"},"schema":{"@context":"https:\/\/schema.org","@graph":[{"@type":"WebPage","@id":"https:\/\/www.dusar-frigo.de\/startseite-copy\/","url":"https:\/\/www.dusar-frigo.de\/startseite-copy\/","name":"Startseite ohne Euroshop - DusarFrigo","isPartOf":{"@id":"https:\/\/www.dusar-frigo.de\/#website"},"primaryImageOfPage":{"@id":"https:\/\/www.dusar-frigo.de\/startseite-copy\/#primaryimage"},"image":{"@id":"https:\/\/www.dusar-frigo.de\/startseite-copy\/#primaryimage"},"thumbnailUrl":"https:\/\/www.dusar-frigo.de\/wp-content\/uploads\/2025\/08\/Dusar-Frigo-Vertikale-Moebel.jpg","datePublished":"2025-09-09T10:08:05+00:00","dateModified":"2025-11-14T08:42:05+00:00","description":"Glassysteme f\u00fcr K\u00fchlm\u00f6bel - Made in Germany","breadcrumb":{"@id":"https:\/\/www.dusar-frigo.de\/startseite-copy\/#breadcrumb"},"inLanguage":"en-US","potentialAction":[{"@type":"ReadAction","target":["https:\/\/www.dusar-frigo.de\/startseite-copy\/"]}]},{"@type":"ImageObject","inLanguage":"en-US","@id":"https:\/\/www.dusar-frigo.de\/startseite-copy\/#primaryimage","url":"https:\/\/www.dusar-frigo.de\/wp-content\/uploads\/2025\/08\/Dusar-Frigo-Vertikale-Moebel.jpg","contentUrl":"https:\/\/www.dusar-frigo.de\/wp-content\/uploads\/2025\/08\/Dusar-Frigo-Vertikale-Moebel.jpg"},{"@type":"BreadcrumbList","@id":"https:\/\/www.dusar-frigo.de\/startseite-copy\/#breadcrumb","itemListElement":[{"@type":"ListItem","position":1,"name":"Startseite","item":"https:\/\/www.dusar-frigo.de\/"},{"@type":"ListItem","position":2,"name":"Startseite ohne Euroshop"}]},{"@type":"WebSite","@id":"https:\/\/www.dusar-frigo.de\/#website","url":"https:\/\/www.dusar-frigo.de\/","name":"DusarFrigo","description":"","publisher":{"@id":"https:\/\/www.dusar-frigo.de\/#organization"},"potentialAction":[{"@type":"SearchAction","target":{"@type":"EntryPoint","urlTemplate":"https:\/\/www.dusar-frigo.de\/?s={search_term_string}"},"query-input":{"@type":"PropertyValueSpecification","valueRequired":true,"valueName":"search_term_string"}}],"inLanguage":"en-US"},{"@type":"Organization","@id":"https:\/\/www.dusar-frigo.de\/#organization","name":"DusarFrigo GmbH","url":"https:\/\/www.dusar-frigo.de\/","logo":{"@type":"ImageObject","inLanguage":"en-US","@id":"https:\/\/www.dusar-frigo.de\/#\/schema\/logo\/image\/","url":"https:\/\/www.dusar-frigo.de\/wp-content\/uploads\/2024\/12\/DusarLogoLogin.png","contentUrl":"https:\/\/www.dusar-frigo.de\/wp-content\/uploads\/2024\/12\/DusarLogoLogin.png","width":300,"height":80,"caption":"DusarFrigo GmbH"},"image":{"@id":"https:\/\/www.dusar-frigo.de\/#\/schema\/logo\/image\/"}}]}},"_links":{"self":[{"href":"https:\/\/www.dusar-frigo.de\/en\/wp-json\/wp\/v2\/pages\/813","targetHints":{"allow":["GET"]}}],"collection":[{"href":"https:\/\/www.dusar-frigo.de\/en\/wp-json\/wp\/v2\/pages"}],"about":[{"href":"https:\/\/www.dusar-frigo.de\/en\/wp-json\/wp\/v2\/types\/page"}],"author":[{"embeddable":true,"href":"https:\/\/www.dusar-frigo.de\/en\/wp-json\/wp\/v2\/users\/2"}],"replies":[{"embeddable":true,"href":"https:\/\/www.dusar-frigo.de\/en\/wp-json\/wp\/v2\/comments?post=813"}],"version-history":[{"count":63,"href":"https:\/\/www.dusar-frigo.de\/en\/wp-json\/wp\/v2\/pages\/813\/revisions"}],"predecessor-version":[{"id":1337,"href":"https:\/\/www.dusar-frigo.de\/en\/wp-json\/wp\/v2\/pages\/813\/revisions\/1337"}],"wp:attachment":[{"href":"https:\/\/www.dusar-frigo.de\/en\/wp-json\/wp\/v2\/media?parent=813"}],"curies":[{"name":"wp","href":"https:\/\/api.w.org\/{rel}","templated":true}]}}