{"id":84,"date":"2024-12-19T14:43:52","date_gmt":"2024-12-19T13:43:52","guid":{"rendered":"https:\/\/www.dusar-frigo.de\/?page_id=84"},"modified":"2024-12-23T10:52:43","modified_gmt":"2024-12-23T09:52:43","slug":"low-energy-turn-2","status":"publish","type":"page","link":"https:\/\/www.dusar-frigo.de\/en\/low-energy-turn-2\/","title":{"rendered":"Low Energy Turn 2"},"content":{"rendered":"<h1>\n\t\tLow Energy Turn\n\t<\/h1>\n<h2>\n\t\tautomatisch oder hydraulisch schliessendes Dreht\u00fcrsystem\n\t<\/h2>\n\t<div aria-live=\"polite\" id=\"soliloquy-container-304_1\" class=\"soliloquy-container soliloquy-transition-fade  soliloquy-theme-base\" style=\"max-width:615px;max-height:412px;\"><ul id=\"soliloquy-304_1\" class=\"soliloquy-slider soliloquy-slides soliloquy-wrap soliloquy-clear\"><li aria-hidden=\"true\" class=\"soliloquy-item soliloquy-item-1 soliloquy-image-slide\" draggable=\"false\" style=\"list-style:none\"><img decoding=\"async\" id=\"soliloquy-image-625\" class=\"soliloquy-image soliloquy-image-1\" src=\"https:\/\/www.dusar-frigo.de\/wp-content\/uploads\/2024\/12\/1-1-615x412_c.jpg\" alt=\"1-1\" \/><\/li><li aria-hidden=\"true\" class=\"soliloquy-item soliloquy-item-2 soliloquy-image-slide\" draggable=\"false\" style=\"list-style:none\"><img decoding=\"async\" id=\"soliloquy-image-624\" class=\"soliloquy-image soliloquy-image-2\" src=\"https:\/\/www.dusar-frigo.de\/wp-content\/uploads\/2024\/12\/2-615x412_c.jpg\" alt=\"2\" \/><\/li><li aria-hidden=\"true\" class=\"soliloquy-item soliloquy-item-3 soliloquy-image-slide\" draggable=\"false\" style=\"list-style:none\"><img decoding=\"async\" id=\"soliloquy-image-622\" class=\"soliloquy-image soliloquy-image-3\" src=\"https:\/\/www.dusar-frigo.de\/wp-content\/uploads\/2024\/12\/4-1-615x412_c.jpg\" alt=\"4-1\" \/><\/li><li aria-hidden=\"true\" class=\"soliloquy-item soliloquy-item-4 soliloquy-image-slide\" draggable=\"false\" style=\"list-style:none\"><img decoding=\"async\" id=\"soliloquy-image-621\" class=\"soliloquy-image soliloquy-image-4\" src=\"https:\/\/www.dusar-frigo.de\/wp-content\/uploads\/2024\/12\/5-615x412_c.jpg\" alt=\"5\" \/><\/li><li aria-hidden=\"true\" class=\"soliloquy-item soliloquy-item-5 soliloquy-image-slide\" draggable=\"false\" style=\"list-style:none\"><img decoding=\"async\" id=\"soliloquy-image-620\" class=\"soliloquy-image soliloquy-image-5\" src=\"https:\/\/www.dusar-frigo.de\/wp-content\/uploads\/2024\/12\/6-615x412_c.jpg\" alt=\"6\" \/><\/li><li aria-hidden=\"true\" class=\"soliloquy-item soliloquy-item-6 soliloquy-image-slide\" draggable=\"false\" style=\"list-style:none\"><img decoding=\"async\" id=\"soliloquy-image-619\" class=\"soliloquy-image soliloquy-image-6\" src=\"https:\/\/www.dusar-frigo.de\/wp-content\/uploads\/2024\/12\/7-615x412_c.jpg\" alt=\"7\" \/><\/li><li aria-hidden=\"true\" class=\"soliloquy-item soliloquy-item-7 soliloquy-image-slide\" draggable=\"false\" style=\"list-style:none\"><img decoding=\"async\" id=\"soliloquy-image-618\" class=\"soliloquy-image soliloquy-image-7\" src=\"https:\/\/www.dusar-frigo.de\/wp-content\/uploads\/2024\/12\/8-615x412_c.jpg\" alt=\"8\" \/><\/li><li aria-hidden=\"true\" class=\"soliloquy-item soliloquy-item-8 soliloquy-image-slide\" draggable=\"false\" style=\"list-style:none\"><img decoding=\"async\" id=\"soliloquy-image-617\" class=\"soliloquy-image soliloquy-image-8\" src=\"https:\/\/www.dusar-frigo.de\/wp-content\/uploads\/2024\/12\/9-615x412_c.jpg\" alt=\"9\" \/><\/li><li aria-hidden=\"true\" class=\"soliloquy-item soliloquy-item-9 soliloquy-image-slide\" draggable=\"false\" style=\"list-style:none\"><img decoding=\"async\" id=\"soliloquy-image-616\" class=\"soliloquy-image soliloquy-image-9\" src=\"https:\/\/www.dusar-frigo.de\/wp-content\/uploads\/2024\/12\/10-615x412_c.jpg\" alt=\"10\" \/><\/li><li aria-hidden=\"true\" class=\"soliloquy-item soliloquy-item-10 soliloquy-image-slide\" draggable=\"false\" style=\"list-style:none\"><img decoding=\"async\" id=\"soliloquy-image-615\" class=\"soliloquy-image soliloquy-image-10\" src=\"https:\/\/www.dusar-frigo.de\/wp-content\/uploads\/2024\/12\/11-615x412_c.jpg\" alt=\"11\" \/><\/li><li aria-hidden=\"true\" class=\"soliloquy-item soliloquy-item-11 soliloquy-image-slide\" draggable=\"false\" style=\"list-style:none\"><img decoding=\"async\" id=\"soliloquy-image-613\" class=\"soliloquy-image soliloquy-image-11\" src=\"https:\/\/www.dusar-frigo.de\/wp-content\/uploads\/2024\/12\/1001-615x412_c.jpg\" alt=\"1001\" \/><\/li><li aria-hidden=\"true\" class=\"soliloquy-item soliloquy-item-12 soliloquy-image-slide\" draggable=\"false\" style=\"list-style:none\"><img decoding=\"async\" id=\"soliloquy-image-627\" class=\"soliloquy-image soliloquy-image-12\" src=\"https:\/\/www.dusar-frigo.de\/wp-content\/uploads\/2024\/12\/screen-printing-615x412_c.jpg\" alt=\"screen-printing\" \/><\/li><li aria-hidden=\"true\" class=\"soliloquy-item soliloquy-item-13 soliloquy-image-slide\" draggable=\"false\" style=\"list-style:none\"><img decoding=\"async\" id=\"soliloquy-image-648\" class=\"soliloquy-image soliloquy-image-13\" src=\"https:\/\/www.dusar-frigo.de\/wp-content\/uploads\/2015\/01\/screen-printing1-615x412_c.jpg\" alt=\"screen-printing1\" \/><\/li><\/ul><\/div><noscript><style type=\"text\/css\">#soliloquy-container-304_1{opacity:1}<\/style><\/noscript>\n\t<p>Das\u00a0DusarFrigo Glassystem Low Energy Turn mit automatisch schlie\u00dfenden T\u00fcren bietet eine gro\u00dfz\u00fcgige Sicht auf die Waren. Das Low Energy Turn mit hydraulisch schlie\u00dfenden T\u00fcren \u00fcberzeugt mit einem besonderen Feature. Durch die hohe Verarbeitungsqualit\u00e4t der T\u00fcren stellt sich beim \u00d6ffnen ein \u201eechtes T\u00fcrgef\u00fchl&#8220; ein.<\/p>\n\t\t\t\t<img loading=\"lazy\" decoding=\"async\" src=\"https:\/\/www.dusar-frigo.de\/wp-content\/uploads\/2024\/12\/LET-1-bildspalte.jpg\" alt=\"LET-1-bildspalte\" itemprop=\"image\" height=\"604\" width=\"290\" title=\"LET-1-bildspalte\" onerror=\"this.style.display='none'\"  \/>\n\t<ul>\n<li>ISO - glazing<br \/>\n4.16.4 = 4 mm Glas &#8211; 16 mm Gas &#8211; 4 mm Glas<br \/>\n4.6.4 = 4 mm Glas &#8211; 6 mm Gas &#8211; 4 mm Glas<\/li>\n<li>Robust, frameless glass doors<\/li>\n<li>Bis zu 1.200 mm breite T\u00fcr\u00f6ffnung<\/li>\n<li>Durable, high-quality door hinges<\/li>\n<li>lowE Beschichtung im Hardcoating Verfahren<\/li>\n<li>Closing speed individually adjustable<\/li>\n<\/ul>\n\t\t\t\t<img loading=\"lazy\" decoding=\"async\" src=\"https:\/\/www.dusar-frigo.de\/wp-content\/uploads\/2024\/12\/HydraulischPikto.jpg\" alt=\"HydraulischPikto\" itemprop=\"image\" height=\"144\" width=\"144\" title=\"HydraulischPikto\" onerror=\"this.style.display='none'\"  \/>\n\t\t\t\t<img loading=\"lazy\" decoding=\"async\" src=\"https:\/\/www.dusar-frigo.de\/wp-content\/uploads\/2024\/12\/Picto-12.jpg\" alt=\"Picto-12\" itemprop=\"image\" height=\"144\" width=\"144\" title=\"Picto-12\" onerror=\"this.style.display='none'\"  \/>\n\t\t\t\t<img loading=\"lazy\" decoding=\"async\" src=\"https:\/\/www.dusar-frigo.de\/wp-content\/uploads\/2024\/12\/UmweltPikto-1.jpg\" alt=\"UmweltPikto\" itemprop=\"image\" height=\"144\" width=\"144\" title=\"UmweltPikto\" onerror=\"this.style.display='none'\"  \/>\n\t\t\t\t<img loading=\"lazy\" decoding=\"async\" src=\"https:\/\/www.dusar-frigo.de\/wp-content\/uploads\/2024\/12\/Picto-13.jpg\" alt=\"Picto-13\" itemprop=\"image\" height=\"144\" width=\"144\" title=\"Picto-13\" onerror=\"this.style.display='none'\"  \/>\n\t\t\t\t<img loading=\"lazy\" decoding=\"async\" src=\"https:\/\/www.dusar-frigo.de\/wp-content\/uploads\/2024\/12\/Tuevbild.png\" alt=\"Tuevbild\" itemprop=\"image\" height=\"82\" width=\"160\" title=\"Tuevbild\" onerror=\"this.style.display='none'\"  \/>","protected":false},"excerpt":{"rendered":"<p>Low Energy Turn automatisch oder hydraulisch schliessendes Dreht\u00fcrsystem Das\u00a0DusarFrigo Glassystem Low Energy Turn mit automatisch schlie\u00dfenden T\u00fcren bietet eine gro\u00dfz\u00fcgige Sicht auf die Waren. Das Low Energy Turn mit hydraulisch schlie\u00dfenden T\u00fcren \u00fcberzeugt mit einem besonderen Feature. Durch die hohe Verarbeitungsqualit\u00e4t der T\u00fcren stellt sich beim \u00d6ffnen ein \u201eechtes T\u00fcrgef\u00fchl&#8220; ein. ISO-Verglasung 4.16.4 = 4&hellip;<\/p>","protected":false},"author":1,"featured_media":0,"parent":0,"menu_order":40,"comment_status":"closed","ping_status":"closed","template":"","meta":{"footnotes":""},"class_list":["post-84","page","type-page","status-publish","hentry"],"yoast_head":"<!-- This site is optimized with the Yoast SEO plugin v27.5 - https:\/\/yoast.com\/product\/yoast-seo-wordpress\/ -->\n<title>Low Energy Turn 2 - DusarFrigo<\/title>\n<meta name=\"robots\" content=\"index, follow, max-snippet:-1, max-image-preview:large, max-video-preview:-1\" \/>\n<link rel=\"canonical\" href=\"https:\/\/www.dusar-frigo.de\/en\/low-energy-turn-2\/\" \/>\n<meta property=\"og:locale\" content=\"en_US\" \/>\n<meta property=\"og:type\" content=\"article\" \/>\n<meta property=\"og:title\" content=\"Low Energy Turn 2 - DusarFrigo\" \/>\n<meta property=\"og:description\" content=\"Low Energy Turn automatisch oder hydraulisch schliessendes Dreht\u00fcrsystem Das\u00a0DusarFrigo Glassystem Low Energy Turn mit automatisch schlie\u00dfenden T\u00fcren bietet eine gro\u00dfz\u00fcgige Sicht auf die Waren. Das Low Energy Turn mit hydraulisch schlie\u00dfenden T\u00fcren \u00fcberzeugt mit einem besonderen Feature. Durch die hohe Verarbeitungsqualit\u00e4t der T\u00fcren stellt sich beim \u00d6ffnen ein \u201eechtes T\u00fcrgef\u00fchl&#8220; ein. ISO-Verglasung 4.16.4 = 4&hellip;\" \/>\n<meta property=\"og:url\" content=\"https:\/\/www.dusar-frigo.de\/en\/low-energy-turn-2\/\" \/>\n<meta property=\"og:site_name\" content=\"DusarFrigo\" \/>\n<meta property=\"article:modified_time\" content=\"2024-12-23T09:52:43+00:00\" \/>\n<meta property=\"og:image\" content=\"https:\/\/www.dusar-frigo.de\/wp-content\/uploads\/2024\/12\/LET-1-bildspalte.jpg\" \/>\n<meta name=\"twitter:card\" content=\"summary_large_image\" \/>\n<meta name=\"twitter:label1\" content=\"Est. reading time\" \/>\n\t<meta name=\"twitter:data1\" content=\"1 minute\" \/>\n<script type=\"application\/ld+json\" class=\"yoast-schema-graph\">{\"@context\":\"https:\\\/\\\/schema.org\",\"@graph\":[{\"@type\":\"WebPage\",\"@id\":\"https:\\\/\\\/www.dusar-frigo.de\\\/low-energy-turn-2\\\/\",\"url\":\"https:\\\/\\\/www.dusar-frigo.de\\\/low-energy-turn-2\\\/\",\"name\":\"Low Energy Turn 2 - DusarFrigo\",\"isPartOf\":{\"@id\":\"https:\\\/\\\/www.dusar-frigo.de\\\/#website\"},\"primaryImageOfPage\":{\"@id\":\"https:\\\/\\\/www.dusar-frigo.de\\\/low-energy-turn-2\\\/#primaryimage\"},\"image\":{\"@id\":\"https:\\\/\\\/www.dusar-frigo.de\\\/low-energy-turn-2\\\/#primaryimage\"},\"thumbnailUrl\":\"https:\\\/\\\/www.dusar-frigo.de\\\/wp-content\\\/uploads\\\/2024\\\/12\\\/LET-1-bildspalte.jpg\",\"datePublished\":\"2024-12-19T13:43:52+00:00\",\"dateModified\":\"2024-12-23T09:52:43+00:00\",\"breadcrumb\":{\"@id\":\"https:\\\/\\\/www.dusar-frigo.de\\\/low-energy-turn-2\\\/#breadcrumb\"},\"inLanguage\":\"en-US\",\"potentialAction\":[{\"@type\":\"ReadAction\",\"target\":[\"https:\\\/\\\/www.dusar-frigo.de\\\/low-energy-turn-2\\\/\"]}]},{\"@type\":\"ImageObject\",\"inLanguage\":\"en-US\",\"@id\":\"https:\\\/\\\/www.dusar-frigo.de\\\/low-energy-turn-2\\\/#primaryimage\",\"url\":\"https:\\\/\\\/www.dusar-frigo.de\\\/wp-content\\\/uploads\\\/2024\\\/12\\\/LET-1-bildspalte.jpg\",\"contentUrl\":\"https:\\\/\\\/www.dusar-frigo.de\\\/wp-content\\\/uploads\\\/2024\\\/12\\\/LET-1-bildspalte.jpg\"},{\"@type\":\"BreadcrumbList\",\"@id\":\"https:\\\/\\\/www.dusar-frigo.de\\\/low-energy-turn-2\\\/#breadcrumb\",\"itemListElement\":[{\"@type\":\"ListItem\",\"position\":1,\"name\":\"Startseite\",\"item\":\"https:\\\/\\\/www.dusar-frigo.de\\\/\"},{\"@type\":\"ListItem\",\"position\":2,\"name\":\"Low Energy Turn 2\"}]},{\"@type\":\"WebSite\",\"@id\":\"https:\\\/\\\/www.dusar-frigo.de\\\/#website\",\"url\":\"https:\\\/\\\/www.dusar-frigo.de\\\/\",\"name\":\"DusarFrigo\",\"description\":\"\",\"publisher\":{\"@id\":\"https:\\\/\\\/www.dusar-frigo.de\\\/#organization\"},\"potentialAction\":[{\"@type\":\"SearchAction\",\"target\":{\"@type\":\"EntryPoint\",\"urlTemplate\":\"https:\\\/\\\/www.dusar-frigo.de\\\/?s={search_term_string}\"},\"query-input\":{\"@type\":\"PropertyValueSpecification\",\"valueRequired\":true,\"valueName\":\"search_term_string\"}}],\"inLanguage\":\"en-US\"},{\"@type\":\"Organization\",\"@id\":\"https:\\\/\\\/www.dusar-frigo.de\\\/#organization\",\"name\":\"DusarFrigo GmbH\",\"url\":\"https:\\\/\\\/www.dusar-frigo.de\\\/\",\"logo\":{\"@type\":\"ImageObject\",\"inLanguage\":\"en-US\",\"@id\":\"https:\\\/\\\/www.dusar-frigo.de\\\/#\\\/schema\\\/logo\\\/image\\\/\",\"url\":\"https:\\\/\\\/www.dusar-frigo.de\\\/wp-content\\\/uploads\\\/2024\\\/12\\\/DusarLogoLogin.png\",\"contentUrl\":\"https:\\\/\\\/www.dusar-frigo.de\\\/wp-content\\\/uploads\\\/2024\\\/12\\\/DusarLogoLogin.png\",\"width\":300,\"height\":80,\"caption\":\"DusarFrigo GmbH\"},\"image\":{\"@id\":\"https:\\\/\\\/www.dusar-frigo.de\\\/#\\\/schema\\\/logo\\\/image\\\/\"}}]}<\/script>\n<!-- \/ Yoast SEO plugin. -->","yoast_head_json":{"title":"Low Energy Turn 2 - DusarFrigo","robots":{"index":"index","follow":"follow","max-snippet":"max-snippet:-1","max-image-preview":"max-image-preview:large","max-video-preview":"max-video-preview:-1"},"canonical":"https:\/\/www.dusar-frigo.de\/en\/low-energy-turn-2\/","og_locale":"en_US","og_type":"article","og_title":"Low Energy Turn 2 - DusarFrigo","og_description":"Low Energy Turn automatisch oder hydraulisch schliessendes Dreht\u00fcrsystem Das\u00a0DusarFrigo Glassystem Low Energy Turn mit automatisch schlie\u00dfenden T\u00fcren bietet eine gro\u00dfz\u00fcgige Sicht auf die Waren. Das Low Energy Turn mit hydraulisch schlie\u00dfenden T\u00fcren \u00fcberzeugt mit einem besonderen Feature. Durch die hohe Verarbeitungsqualit\u00e4t der T\u00fcren stellt sich beim \u00d6ffnen ein \u201eechtes T\u00fcrgef\u00fchl&#8220; ein. ISO-Verglasung 4.16.4 = 4&hellip;","og_url":"https:\/\/www.dusar-frigo.de\/en\/low-energy-turn-2\/","og_site_name":"DusarFrigo","article_modified_time":"2024-12-23T09:52:43+00:00","og_image":[{"url":"https:\/\/www.dusar-frigo.de\/wp-content\/uploads\/2024\/12\/LET-1-bildspalte.jpg","type":"","width":"","height":""}],"twitter_card":"summary_large_image","twitter_misc":{"Est. reading time":"1 minute"},"schema":{"@context":"https:\/\/schema.org","@graph":[{"@type":"WebPage","@id":"https:\/\/www.dusar-frigo.de\/low-energy-turn-2\/","url":"https:\/\/www.dusar-frigo.de\/low-energy-turn-2\/","name":"Low Energy Turn 2 - DusarFrigo","isPartOf":{"@id":"https:\/\/www.dusar-frigo.de\/#website"},"primaryImageOfPage":{"@id":"https:\/\/www.dusar-frigo.de\/low-energy-turn-2\/#primaryimage"},"image":{"@id":"https:\/\/www.dusar-frigo.de\/low-energy-turn-2\/#primaryimage"},"thumbnailUrl":"https:\/\/www.dusar-frigo.de\/wp-content\/uploads\/2024\/12\/LET-1-bildspalte.jpg","datePublished":"2024-12-19T13:43:52+00:00","dateModified":"2024-12-23T09:52:43+00:00","breadcrumb":{"@id":"https:\/\/www.dusar-frigo.de\/low-energy-turn-2\/#breadcrumb"},"inLanguage":"en-US","potentialAction":[{"@type":"ReadAction","target":["https:\/\/www.dusar-frigo.de\/low-energy-turn-2\/"]}]},{"@type":"ImageObject","inLanguage":"en-US","@id":"https:\/\/www.dusar-frigo.de\/low-energy-turn-2\/#primaryimage","url":"https:\/\/www.dusar-frigo.de\/wp-content\/uploads\/2024\/12\/LET-1-bildspalte.jpg","contentUrl":"https:\/\/www.dusar-frigo.de\/wp-content\/uploads\/2024\/12\/LET-1-bildspalte.jpg"},{"@type":"BreadcrumbList","@id":"https:\/\/www.dusar-frigo.de\/low-energy-turn-2\/#breadcrumb","itemListElement":[{"@type":"ListItem","position":1,"name":"Startseite","item":"https:\/\/www.dusar-frigo.de\/"},{"@type":"ListItem","position":2,"name":"Low Energy Turn 2"}]},{"@type":"WebSite","@id":"https:\/\/www.dusar-frigo.de\/#website","url":"https:\/\/www.dusar-frigo.de\/","name":"DusarFrigo","description":"","publisher":{"@id":"https:\/\/www.dusar-frigo.de\/#organization"},"potentialAction":[{"@type":"SearchAction","target":{"@type":"EntryPoint","urlTemplate":"https:\/\/www.dusar-frigo.de\/?s={search_term_string}"},"query-input":{"@type":"PropertyValueSpecification","valueRequired":true,"valueName":"search_term_string"}}],"inLanguage":"en-US"},{"@type":"Organization","@id":"https:\/\/www.dusar-frigo.de\/#organization","name":"DusarFrigo GmbH","url":"https:\/\/www.dusar-frigo.de\/","logo":{"@type":"ImageObject","inLanguage":"en-US","@id":"https:\/\/www.dusar-frigo.de\/#\/schema\/logo\/image\/","url":"https:\/\/www.dusar-frigo.de\/wp-content\/uploads\/2024\/12\/DusarLogoLogin.png","contentUrl":"https:\/\/www.dusar-frigo.de\/wp-content\/uploads\/2024\/12\/DusarLogoLogin.png","width":300,"height":80,"caption":"DusarFrigo GmbH"},"image":{"@id":"https:\/\/www.dusar-frigo.de\/#\/schema\/logo\/image\/"}}]}},"_links":{"self":[{"href":"https:\/\/www.dusar-frigo.de\/en\/wp-json\/wp\/v2\/pages\/84","targetHints":{"allow":["GET"]}}],"collection":[{"href":"https:\/\/www.dusar-frigo.de\/en\/wp-json\/wp\/v2\/pages"}],"about":[{"href":"https:\/\/www.dusar-frigo.de\/en\/wp-json\/wp\/v2\/types\/page"}],"author":[{"embeddable":true,"href":"https:\/\/www.dusar-frigo.de\/en\/wp-json\/wp\/v2\/users\/1"}],"replies":[{"embeddable":true,"href":"https:\/\/www.dusar-frigo.de\/en\/wp-json\/wp\/v2\/comments?post=84"}],"version-history":[{"count":3,"href":"https:\/\/www.dusar-frigo.de\/en\/wp-json\/wp\/v2\/pages\/84\/revisions"}],"predecessor-version":[{"id":711,"href":"https:\/\/www.dusar-frigo.de\/en\/wp-json\/wp\/v2\/pages\/84\/revisions\/711"}],"wp:attachment":[{"href":"https:\/\/www.dusar-frigo.de\/en\/wp-json\/wp\/v2\/media?parent=84"}],"curies":[{"name":"wp","href":"https:\/\/api.w.org\/{rel}","templated":true}]}}