{"id":866,"date":"2025-09-03T16:34:56","date_gmt":"2025-09-03T14:34:56","guid":{"rendered":"https:\/\/www.dusar-frigo.de\/?page_id=866"},"modified":"2025-11-28T13:56:51","modified_gmt":"2025-11-28T12:56:51","slug":"produkte-fuer-niedrige-tiefkuehlmoebel","status":"publish","type":"page","link":"https:\/\/www.dusar-frigo.de\/en\/produkte-fuer-niedrige-tiefkuehlmoebel\/","title":{"rendered":"Produkte f\u00fcr niedrige Tiefk\u00fchl-M\u00f6bel"},"content":{"rendered":"<h2  id=\"produkte\" class=\"translation-block\">Products for low <br>temperature island<\/h2>\n<h3>\n\t\t\tQualit\u00e4t &#8211; Made in Germany\t<\/h3>\n\t<p>Aus Qualit\u00e4tswerkstoffen entstehen &#8222;Made in Germany&#8220; einfach nachr\u00fcstbare, T\u00dcV-zertifizierte DusarFrigo Dreht\u00fcren, Schiebet\u00fcren und Glasabdeckungen, die den h\u00f6chsten Sicherheits- und Hygienestandards entsprechen.<\/p>\n\t\t\t\t<img decoding=\"async\" src=\"https:\/\/www.dusar-frigo.de\/wp-content\/uploads\/2025\/09\/Dusar-Frigo-Tiefkuehlmoebel.jpg\" alt=\"Dusar-Frigo-Tiefku\u0308hlmo\u0308bel\" itemprop=\"image\" height=\"583\" width=\"800\" title=\"Dusar-Frigo-Tiefku\u0308hlmo\u0308bel\" onerror=\"this.style.display='none'\" loading=\"lazy\" \/>\n<h3 class=\"translation-block\">deep freezer <br>glass covers<\/h3>\n\t<p>Easy to retrofit for all standard deep freezer islands. Various designs available.<\/p>\n\t\t\t<a href=\"https:\/\/www.dusar-frigo.de\/en\/tiefkuehl-glas-abdeckungen\/\" target=\"_self\">\n\t\t\t\t\t\t\tnext\n\t\t\t\t\t<\/a>\n<h2  id=\"produkte\">\n\t\t\tIndividual components\t<\/h2>\n<h3>\n\t\t\tFor optimal presentation of your goods<br \/>\t<\/h3>\n\t\t\t\t<a href=\"https:\/\/www.dusar-frigo.de\/en\/griffe-fuer-kuehlmoebel\/\"  target=\"_self\" itemprop=\"url\">\n\t\t\t\t<img decoding=\"async\" src=\"https:\/\/www.dusar-frigo.de\/wp-content\/uploads\/2025\/11\/Dusar-Frigo-Griffe-Vorschaubild.jpg\" alt=\"Dusar-Frigo-Griffe-Vorschaubild\" itemprop=\"image\" height=\"340\" width=\"800\" title=\"Dusar-Frigo-Griffe-Vorschaubild\" onerror=\"this.style.display='none'\" loading=\"lazy\" \/>\n\t\t\t\t<\/a>\n<h3>\n\t\t\tHandles\t<\/h3>\n\t\t\t\t<a href=\"https:\/\/www.dusar-frigo.de\/en\/beleuchtung-fuer-kuehlmoebel\/\"  target=\"_self\" itemprop=\"url\">\n\t\t\t\t<img decoding=\"async\" src=\"https:\/\/www.dusar-frigo.de\/wp-content\/uploads\/2025\/08\/Dusar-Frigo-LED-Beleuchtung.jpg\" alt=\"Dusar-Frigo-LED-Beleuchtung\" itemprop=\"image\" height=\"337\" width=\"800\" title=\"Dusar-Frigo-LED-Beleuchtung\" onerror=\"this.style.display='none'\" loading=\"lazy\" \/>\n\t\t\t\t<\/a>\n<h3>\n\t\t\tLighting\t<\/h3>\n<h2  id=\"produkte\">\n\t\t\tContact\t<\/h2>\n<h3>\n\t\t\tGet in touch with us!<br \/>\t<\/h3>\n\t<p>Sales management DACH<\/p>\n<p>Tel: +49 (0) 2639 96258 &#8211; 11<\/p>\n<p>E-Mail: info@dusar-frigo.de<\/p>\nDusarFrigo GmbH<br \/>\nFichtenstra\u00dfe 9<br \/>\n56584 Anhausen\n<p>&nbsp;<\/p>\n\t<p>Bureau France \/ Benelux<\/p>\n<p>Mobil: +49 (0) 171 3026633<\/p>\n<p>E-Mail: info@dusar-frigo.de<\/p>","protected":false},"excerpt":{"rendered":"<p>Produkte f\u00fcr Tiefk\u00fchl-M\u00f6bel Qualit\u00e4t &#8211; Made in Germany Aus Qualit\u00e4tswerkstoffen entstehen &#8222;Made in Germany&#8220; einfach nachr\u00fcstbare, T\u00dcV-zertifizierte DusarFrigo Dreht\u00fcren, Schiebet\u00fcren und Glasabdeckungen, die den h\u00f6chsten Sicherheits- und Hygienestandards entsprechen. Tiefk\u00fchl glas-abdeckungen Leicht nachr\u00fcstbar f\u00fcr alle g\u00e4ngigen Tiefk\u00fchlinseln. Verschiedene Ausf\u00fchrungen. Weiter Individuelle Komponenten optimale Pr\u00e4sentation Ihrer Waren Griffe Beleuchtung Kontakt Sprechen Sie uns an! Vertriebsleitung DACH&hellip;<\/p>","protected":false},"author":2,"featured_media":0,"parent":0,"menu_order":0,"comment_status":"closed","ping_status":"closed","template":"","meta":{"footnotes":""},"class_list":["post-866","page","type-page","status-publish","hentry"],"yoast_head":"<!-- This site is optimized with the Yoast SEO plugin v27.4 - https:\/\/yoast.com\/product\/yoast-seo-wordpress\/ -->\n<title>Produkte f\u00fcr niedrige Tiefk\u00fchl-M\u00f6bel - DusarFrigo<\/title>\n<meta name=\"description\" content=\"Glassysteme f\u00fcr K\u00fchlm\u00f6bel - Made in Germany\" \/>\n<meta name=\"robots\" content=\"index, follow, max-snippet:-1, max-image-preview:large, max-video-preview:-1\" \/>\n<link rel=\"canonical\" href=\"https:\/\/www.dusar-frigo.de\/en\/produkte-fuer-niedrige-tiefkuehlmoebel\/\" \/>\n<meta property=\"og:locale\" content=\"en_US\" \/>\n<meta property=\"og:type\" content=\"article\" \/>\n<meta property=\"og:title\" content=\"Produkte f\u00fcr niedrige Tiefk\u00fchl-M\u00f6bel - DusarFrigo\" \/>\n<meta property=\"og:description\" content=\"Glassysteme f\u00fcr K\u00fchlm\u00f6bel - Made in Germany\" \/>\n<meta property=\"og:url\" content=\"https:\/\/www.dusar-frigo.de\/en\/produkte-fuer-niedrige-tiefkuehlmoebel\/\" \/>\n<meta property=\"og:site_name\" content=\"DusarFrigo\" \/>\n<meta property=\"article:modified_time\" content=\"2025-11-28T12:56:51+00:00\" \/>\n<meta property=\"og:image\" content=\"https:\/\/www.dusar-frigo.de\/wp-content\/uploads\/2025\/09\/Dusar-Frigo-Tiefkuehlmoebel.jpg\" \/>\n<meta name=\"twitter:card\" content=\"summary_large_image\" \/>\n<meta name=\"twitter:label1\" content=\"Est. reading time\" \/>\n\t<meta name=\"twitter:data1\" content=\"2 minutes\" \/>\n<script type=\"application\/ld+json\" class=\"yoast-schema-graph\">{\"@context\":\"https:\\\/\\\/schema.org\",\"@graph\":[{\"@type\":\"WebPage\",\"@id\":\"https:\\\/\\\/www.dusar-frigo.de\\\/produkte-fuer-niedrige-tiefkuehlmoebel\\\/\",\"url\":\"https:\\\/\\\/www.dusar-frigo.de\\\/produkte-fuer-niedrige-tiefkuehlmoebel\\\/\",\"name\":\"Produkte f\u00fcr niedrige Tiefk\u00fchl-M\u00f6bel - DusarFrigo\",\"isPartOf\":{\"@id\":\"https:\\\/\\\/www.dusar-frigo.de\\\/#website\"},\"primaryImageOfPage\":{\"@id\":\"https:\\\/\\\/www.dusar-frigo.de\\\/produkte-fuer-niedrige-tiefkuehlmoebel\\\/#primaryimage\"},\"image\":{\"@id\":\"https:\\\/\\\/www.dusar-frigo.de\\\/produkte-fuer-niedrige-tiefkuehlmoebel\\\/#primaryimage\"},\"thumbnailUrl\":\"https:\\\/\\\/www.dusar-frigo.de\\\/wp-content\\\/uploads\\\/2025\\\/09\\\/Dusar-Frigo-Tiefkuehlmoebel.jpg\",\"datePublished\":\"2025-09-03T14:34:56+00:00\",\"dateModified\":\"2025-11-28T12:56:51+00:00\",\"description\":\"Glassysteme f\u00fcr K\u00fchlm\u00f6bel - Made in Germany\",\"breadcrumb\":{\"@id\":\"https:\\\/\\\/www.dusar-frigo.de\\\/produkte-fuer-niedrige-tiefkuehlmoebel\\\/#breadcrumb\"},\"inLanguage\":\"en-US\",\"potentialAction\":[{\"@type\":\"ReadAction\",\"target\":[\"https:\\\/\\\/www.dusar-frigo.de\\\/produkte-fuer-niedrige-tiefkuehlmoebel\\\/\"]}]},{\"@type\":\"ImageObject\",\"inLanguage\":\"en-US\",\"@id\":\"https:\\\/\\\/www.dusar-frigo.de\\\/produkte-fuer-niedrige-tiefkuehlmoebel\\\/#primaryimage\",\"url\":\"https:\\\/\\\/www.dusar-frigo.de\\\/wp-content\\\/uploads\\\/2025\\\/09\\\/Dusar-Frigo-Tiefkuehlmoebel.jpg\",\"contentUrl\":\"https:\\\/\\\/www.dusar-frigo.de\\\/wp-content\\\/uploads\\\/2025\\\/09\\\/Dusar-Frigo-Tiefkuehlmoebel.jpg\"},{\"@type\":\"BreadcrumbList\",\"@id\":\"https:\\\/\\\/www.dusar-frigo.de\\\/produkte-fuer-niedrige-tiefkuehlmoebel\\\/#breadcrumb\",\"itemListElement\":[{\"@type\":\"ListItem\",\"position\":1,\"name\":\"Startseite\",\"item\":\"https:\\\/\\\/www.dusar-frigo.de\\\/\"},{\"@type\":\"ListItem\",\"position\":2,\"name\":\"Produkte f\u00fcr niedrige Tiefk\u00fchl-M\u00f6bel\"}]},{\"@type\":\"WebSite\",\"@id\":\"https:\\\/\\\/www.dusar-frigo.de\\\/#website\",\"url\":\"https:\\\/\\\/www.dusar-frigo.de\\\/\",\"name\":\"DusarFrigo\",\"description\":\"\",\"publisher\":{\"@id\":\"https:\\\/\\\/www.dusar-frigo.de\\\/#organization\"},\"potentialAction\":[{\"@type\":\"SearchAction\",\"target\":{\"@type\":\"EntryPoint\",\"urlTemplate\":\"https:\\\/\\\/www.dusar-frigo.de\\\/?s={search_term_string}\"},\"query-input\":{\"@type\":\"PropertyValueSpecification\",\"valueRequired\":true,\"valueName\":\"search_term_string\"}}],\"inLanguage\":\"en-US\"},{\"@type\":\"Organization\",\"@id\":\"https:\\\/\\\/www.dusar-frigo.de\\\/#organization\",\"name\":\"DusarFrigo GmbH\",\"url\":\"https:\\\/\\\/www.dusar-frigo.de\\\/\",\"logo\":{\"@type\":\"ImageObject\",\"inLanguage\":\"en-US\",\"@id\":\"https:\\\/\\\/www.dusar-frigo.de\\\/#\\\/schema\\\/logo\\\/image\\\/\",\"url\":\"https:\\\/\\\/www.dusar-frigo.de\\\/wp-content\\\/uploads\\\/2024\\\/12\\\/DusarLogoLogin.png\",\"contentUrl\":\"https:\\\/\\\/www.dusar-frigo.de\\\/wp-content\\\/uploads\\\/2024\\\/12\\\/DusarLogoLogin.png\",\"width\":300,\"height\":80,\"caption\":\"DusarFrigo GmbH\"},\"image\":{\"@id\":\"https:\\\/\\\/www.dusar-frigo.de\\\/#\\\/schema\\\/logo\\\/image\\\/\"}}]}<\/script>\n<!-- \/ Yoast SEO plugin. -->","yoast_head_json":{"title":"Produkte f\u00fcr niedrige Tiefk\u00fchl-M\u00f6bel - DusarFrigo","description":"Glassysteme f\u00fcr K\u00fchlm\u00f6bel - Made in Germany","robots":{"index":"index","follow":"follow","max-snippet":"max-snippet:-1","max-image-preview":"max-image-preview:large","max-video-preview":"max-video-preview:-1"},"canonical":"https:\/\/www.dusar-frigo.de\/en\/produkte-fuer-niedrige-tiefkuehlmoebel\/","og_locale":"en_US","og_type":"article","og_title":"Produkte f\u00fcr niedrige Tiefk\u00fchl-M\u00f6bel - DusarFrigo","og_description":"Glassysteme f\u00fcr K\u00fchlm\u00f6bel - Made in Germany","og_url":"https:\/\/www.dusar-frigo.de\/en\/produkte-fuer-niedrige-tiefkuehlmoebel\/","og_site_name":"DusarFrigo","article_modified_time":"2025-11-28T12:56:51+00:00","og_image":[{"url":"https:\/\/www.dusar-frigo.de\/wp-content\/uploads\/2025\/09\/Dusar-Frigo-Tiefkuehlmoebel.jpg","type":"","width":"","height":""}],"twitter_card":"summary_large_image","twitter_misc":{"Est. reading time":"2 minutes"},"schema":{"@context":"https:\/\/schema.org","@graph":[{"@type":"WebPage","@id":"https:\/\/www.dusar-frigo.de\/produkte-fuer-niedrige-tiefkuehlmoebel\/","url":"https:\/\/www.dusar-frigo.de\/produkte-fuer-niedrige-tiefkuehlmoebel\/","name":"Produkte f\u00fcr niedrige Tiefk\u00fchl-M\u00f6bel - DusarFrigo","isPartOf":{"@id":"https:\/\/www.dusar-frigo.de\/#website"},"primaryImageOfPage":{"@id":"https:\/\/www.dusar-frigo.de\/produkte-fuer-niedrige-tiefkuehlmoebel\/#primaryimage"},"image":{"@id":"https:\/\/www.dusar-frigo.de\/produkte-fuer-niedrige-tiefkuehlmoebel\/#primaryimage"},"thumbnailUrl":"https:\/\/www.dusar-frigo.de\/wp-content\/uploads\/2025\/09\/Dusar-Frigo-Tiefkuehlmoebel.jpg","datePublished":"2025-09-03T14:34:56+00:00","dateModified":"2025-11-28T12:56:51+00:00","description":"Glassysteme f\u00fcr K\u00fchlm\u00f6bel - Made in Germany","breadcrumb":{"@id":"https:\/\/www.dusar-frigo.de\/produkte-fuer-niedrige-tiefkuehlmoebel\/#breadcrumb"},"inLanguage":"en-US","potentialAction":[{"@type":"ReadAction","target":["https:\/\/www.dusar-frigo.de\/produkte-fuer-niedrige-tiefkuehlmoebel\/"]}]},{"@type":"ImageObject","inLanguage":"en-US","@id":"https:\/\/www.dusar-frigo.de\/produkte-fuer-niedrige-tiefkuehlmoebel\/#primaryimage","url":"https:\/\/www.dusar-frigo.de\/wp-content\/uploads\/2025\/09\/Dusar-Frigo-Tiefkuehlmoebel.jpg","contentUrl":"https:\/\/www.dusar-frigo.de\/wp-content\/uploads\/2025\/09\/Dusar-Frigo-Tiefkuehlmoebel.jpg"},{"@type":"BreadcrumbList","@id":"https:\/\/www.dusar-frigo.de\/produkte-fuer-niedrige-tiefkuehlmoebel\/#breadcrumb","itemListElement":[{"@type":"ListItem","position":1,"name":"Startseite","item":"https:\/\/www.dusar-frigo.de\/"},{"@type":"ListItem","position":2,"name":"Produkte f\u00fcr niedrige Tiefk\u00fchl-M\u00f6bel"}]},{"@type":"WebSite","@id":"https:\/\/www.dusar-frigo.de\/#website","url":"https:\/\/www.dusar-frigo.de\/","name":"DusarFrigo","description":"","publisher":{"@id":"https:\/\/www.dusar-frigo.de\/#organization"},"potentialAction":[{"@type":"SearchAction","target":{"@type":"EntryPoint","urlTemplate":"https:\/\/www.dusar-frigo.de\/?s={search_term_string}"},"query-input":{"@type":"PropertyValueSpecification","valueRequired":true,"valueName":"search_term_string"}}],"inLanguage":"en-US"},{"@type":"Organization","@id":"https:\/\/www.dusar-frigo.de\/#organization","name":"DusarFrigo GmbH","url":"https:\/\/www.dusar-frigo.de\/","logo":{"@type":"ImageObject","inLanguage":"en-US","@id":"https:\/\/www.dusar-frigo.de\/#\/schema\/logo\/image\/","url":"https:\/\/www.dusar-frigo.de\/wp-content\/uploads\/2024\/12\/DusarLogoLogin.png","contentUrl":"https:\/\/www.dusar-frigo.de\/wp-content\/uploads\/2024\/12\/DusarLogoLogin.png","width":300,"height":80,"caption":"DusarFrigo GmbH"},"image":{"@id":"https:\/\/www.dusar-frigo.de\/#\/schema\/logo\/image\/"}}]}},"_links":{"self":[{"href":"https:\/\/www.dusar-frigo.de\/en\/wp-json\/wp\/v2\/pages\/866","targetHints":{"allow":["GET"]}}],"collection":[{"href":"https:\/\/www.dusar-frigo.de\/en\/wp-json\/wp\/v2\/pages"}],"about":[{"href":"https:\/\/www.dusar-frigo.de\/en\/wp-json\/wp\/v2\/types\/page"}],"author":[{"embeddable":true,"href":"https:\/\/www.dusar-frigo.de\/en\/wp-json\/wp\/v2\/users\/2"}],"replies":[{"embeddable":true,"href":"https:\/\/www.dusar-frigo.de\/en\/wp-json\/wp\/v2\/comments?post=866"}],"version-history":[{"count":11,"href":"https:\/\/www.dusar-frigo.de\/en\/wp-json\/wp\/v2\/pages\/866\/revisions"}],"predecessor-version":[{"id":1365,"href":"https:\/\/www.dusar-frigo.de\/en\/wp-json\/wp\/v2\/pages\/866\/revisions\/1365"}],"wp:attachment":[{"href":"https:\/\/www.dusar-frigo.de\/en\/wp-json\/wp\/v2\/media?parent=866"}],"curies":[{"name":"wp","href":"https:\/\/api.w.org\/{rel}","templated":true}]}}