{"id":917,"date":"2025-09-09T12:09:14","date_gmt":"2025-09-09T10:09:14","guid":{"rendered":"https:\/\/www.dusar-frigo.de\/?page_id=917"},"modified":"2025-11-13T09:44:28","modified_gmt":"2025-11-13T08:44:28","slug":"beleuchtung-fuer-kuehlmoebel","status":"publish","type":"page","link":"https:\/\/www.dusar-frigo.de\/en\/beleuchtung-fuer-kuehlmoebel\/","title":{"rendered":"Lighting"},"content":{"rendered":"<img decoding=\"async\" src=\"https:\/\/www.dusar-frigo.de\/wp-content\/uploads\/2025\/09\/LED_Fresh-White_Weisses_Licht_xl.jpg\" alt=\"LED_Fresh-White_Weisses_Licht_xl\" itemprop=\"image\" height=\"601\" width=\"800\" title=\"LED_Fresh-White_Weisses_Licht_xl\" onerror=\"this.style.display='none'\" loading=\"lazy\" \/>\n<h2>\n\t\t\tDusarFrigo X10- LED-Beleuchtungen\t<\/h2>\n\t<p>LED lighting for refrigerated shelves puts your products in the best possible light.<\/p>\n<p>The customer sees perfectly lit merchandise, and you create a great shopping experience.<\/p>\n<p>W\u00e4hlen Sie zwischen drei verschiedenen Beleuchtungsmethoden und drei unterschiedlichen Licht-Farben &#8211; optimal an die Ware, Ihre Bed\u00fcrfnisse und die Gegebenheiten vor Ort angepasst.<\/p>\n<p>&nbsp;<\/p>\n<h3>\n\t\t\tProduct details\t<\/h3>\n<h2  id=\"produkte\">\n\t\t\tLED lighting\t<\/h2>\n<h2>\n\t\t\tLED light strips with a service life of approx. 60,000 hours 9 wH\t<\/h2>\n\t<p>Lighting with LED for refrigerated display cases offers a number of advantages, ranging from energy savings and improved product presentation to a longer service life for the lighting. It contributes to more efficient cooling while creating an appealing and modern atmosphere for customers. It is also more environmentally friendly and economical to operate.<\/p>\n\t<ul>\n<li>60,000 hours of service life<\/li>\n<li>5 times more durable and robust<\/li>\n<li>Up to 50% energy savings<\/li>\n<li>Energy efficiency class: A++<\/li>\n<\/ul>\n\t<ul>\n<li>Lumens at 0\u00b0C: 1800<\/li>\n<li>Ambient temperature: -10\u00b0C, 30\u00b0C<\/li>\n<li>Lengths: 900 mm, 1200 mm, 1500 mm<\/li>\n<\/ul>\n<h2  id=\"produkte\">\n\t\t\tlight color\t<\/h2>\n<h2>\n\t\t\tThe right color for every product range<br \/>\t<\/h2>\n\t<p>K\u00fchlm\u00f6bel mit \u201eunserer X10&#8243; Beleuchtung sorgen f\u00fcr eine bestm\u00f6gliche Produktpr\u00e4sentation in Ihrem Supermarkt! Die unterschiedlichen Farbtemperaturen lassen die Lebensmittel immer im besten Licht erscheinen.<\/p>\n<h3>\n\t\t\tOur certifications<br \/>\t<\/h3>\n<h2  id=\"produkte\">\n\t\t\tContact\t<\/h2>\n<h3>\n\t\t\tGet in touch with us!<br \/>\t<\/h3>\n\t<p>Sales management DACH<\/p>\n<p>Tel: +49 (0) 2639 96258 &#8211; 11<\/p>\n<p>E-Mail: <a href=\"mailto:info@dusar-frigo.de\">info@dusar-frigo.de<\/a><\/p>\nDusarFrigo GmbH<br \/>\nFichtenstra\u00dfe 9<br \/>\n56584 Anhausen\n<p>&nbsp;<\/p>\n\t<p>Bureau France \/ Benelux<\/p>\n<p>Mobil: +49 (0) 171 3026633<\/p>\n<p>E-Mail: <a href=\"mailto:info@dusar-frigo.de\">info@dusar-frigo.de<\/a><\/p>","protected":false},"excerpt":{"rendered":"<p>DusarFrigo X10- LED-Beleuchtungen Mit einer LED-Beleuchtung f\u00fcr K\u00fchlregale setzen Sie Ihre Ware in ein optimales Licht. Der Kunde schaut auf perfekt ausgeleuchtete Ware, Sie schaffen ein tolles Einkausferlebnis. W\u00e4hlen Sie zwischen drei verschiedenen Beleuchtungsmethoden und drei unterschiedlichen Licht-Farben &#8211; optimal an die Ware, Ihre Bed\u00fcrfnisse und die Gegebenheiten vor Ort angepasst. &nbsp; Produktdetails LED-Beleuchtungen LED&hellip;<\/p>","protected":false},"author":2,"featured_media":0,"parent":0,"menu_order":0,"comment_status":"closed","ping_status":"closed","template":"","meta":{"footnotes":""},"class_list":["post-917","page","type-page","status-publish","hentry"],"yoast_head":"<!-- This site is optimized with the Yoast SEO plugin v27.3 - https:\/\/yoast.com\/product\/yoast-seo-wordpress\/ -->\n<title>Beleuchtung - DusarFrigo<\/title>\n<meta name=\"description\" content=\"Glassysteme f\u00fcr K\u00fchlm\u00f6bel - Made in Germany\" \/>\n<meta name=\"robots\" content=\"index, follow, max-snippet:-1, max-image-preview:large, max-video-preview:-1\" \/>\n<link rel=\"canonical\" href=\"https:\/\/www.dusar-frigo.de\/en\/beleuchtung-fuer-kuehlmoebel\/\" \/>\n<meta property=\"og:locale\" content=\"en_US\" \/>\n<meta property=\"og:type\" content=\"article\" \/>\n<meta property=\"og:title\" content=\"Beleuchtung - DusarFrigo\" \/>\n<meta property=\"og:description\" content=\"Glassysteme f\u00fcr K\u00fchlm\u00f6bel - Made in Germany\" \/>\n<meta property=\"og:url\" content=\"https:\/\/www.dusar-frigo.de\/en\/beleuchtung-fuer-kuehlmoebel\/\" \/>\n<meta property=\"og:site_name\" content=\"DusarFrigo\" \/>\n<meta property=\"article:modified_time\" content=\"2025-11-13T08:44:28+00:00\" \/>\n<meta property=\"og:image\" content=\"https:\/\/www.dusar-frigo.de\/wp-content\/uploads\/2025\/09\/LED_Fresh-White_Weisses_Licht_xl.jpg\" \/>\n<meta name=\"twitter:card\" content=\"summary_large_image\" \/>\n<meta name=\"twitter:label1\" content=\"Est. reading time\" \/>\n\t<meta name=\"twitter:data1\" content=\"4 minutes\" \/>\n<script type=\"application\/ld+json\" class=\"yoast-schema-graph\">{\"@context\":\"https:\\\/\\\/schema.org\",\"@graph\":[{\"@type\":\"WebPage\",\"@id\":\"https:\\\/\\\/www.dusar-frigo.de\\\/beleuchtung-fuer-kuehlmoebel\\\/\",\"url\":\"https:\\\/\\\/www.dusar-frigo.de\\\/beleuchtung-fuer-kuehlmoebel\\\/\",\"name\":\"Beleuchtung - DusarFrigo\",\"isPartOf\":{\"@id\":\"https:\\\/\\\/www.dusar-frigo.de\\\/#website\"},\"primaryImageOfPage\":{\"@id\":\"https:\\\/\\\/www.dusar-frigo.de\\\/beleuchtung-fuer-kuehlmoebel\\\/#primaryimage\"},\"image\":{\"@id\":\"https:\\\/\\\/www.dusar-frigo.de\\\/beleuchtung-fuer-kuehlmoebel\\\/#primaryimage\"},\"thumbnailUrl\":\"https:\\\/\\\/www.dusar-frigo.de\\\/wp-content\\\/uploads\\\/2025\\\/09\\\/LED_Fresh-White_Weisses_Licht_xl.jpg\",\"datePublished\":\"2025-09-09T10:09:14+00:00\",\"dateModified\":\"2025-11-13T08:44:28+00:00\",\"description\":\"Glassysteme f\u00fcr K\u00fchlm\u00f6bel - Made in Germany\",\"breadcrumb\":{\"@id\":\"https:\\\/\\\/www.dusar-frigo.de\\\/beleuchtung-fuer-kuehlmoebel\\\/#breadcrumb\"},\"inLanguage\":\"en-US\",\"potentialAction\":[{\"@type\":\"ReadAction\",\"target\":[\"https:\\\/\\\/www.dusar-frigo.de\\\/beleuchtung-fuer-kuehlmoebel\\\/\"]}]},{\"@type\":\"ImageObject\",\"inLanguage\":\"en-US\",\"@id\":\"https:\\\/\\\/www.dusar-frigo.de\\\/beleuchtung-fuer-kuehlmoebel\\\/#primaryimage\",\"url\":\"https:\\\/\\\/www.dusar-frigo.de\\\/wp-content\\\/uploads\\\/2025\\\/09\\\/LED_Fresh-White_Weisses_Licht_xl.jpg\",\"contentUrl\":\"https:\\\/\\\/www.dusar-frigo.de\\\/wp-content\\\/uploads\\\/2025\\\/09\\\/LED_Fresh-White_Weisses_Licht_xl.jpg\"},{\"@type\":\"BreadcrumbList\",\"@id\":\"https:\\\/\\\/www.dusar-frigo.de\\\/beleuchtung-fuer-kuehlmoebel\\\/#breadcrumb\",\"itemListElement\":[{\"@type\":\"ListItem\",\"position\":1,\"name\":\"Startseite\",\"item\":\"https:\\\/\\\/www.dusar-frigo.de\\\/\"},{\"@type\":\"ListItem\",\"position\":2,\"name\":\"Beleuchtung\"}]},{\"@type\":\"WebSite\",\"@id\":\"https:\\\/\\\/www.dusar-frigo.de\\\/#website\",\"url\":\"https:\\\/\\\/www.dusar-frigo.de\\\/\",\"name\":\"DusarFrigo\",\"description\":\"\",\"publisher\":{\"@id\":\"https:\\\/\\\/www.dusar-frigo.de\\\/#organization\"},\"potentialAction\":[{\"@type\":\"SearchAction\",\"target\":{\"@type\":\"EntryPoint\",\"urlTemplate\":\"https:\\\/\\\/www.dusar-frigo.de\\\/?s={search_term_string}\"},\"query-input\":{\"@type\":\"PropertyValueSpecification\",\"valueRequired\":true,\"valueName\":\"search_term_string\"}}],\"inLanguage\":\"en-US\"},{\"@type\":\"Organization\",\"@id\":\"https:\\\/\\\/www.dusar-frigo.de\\\/#organization\",\"name\":\"DusarFrigo GmbH\",\"url\":\"https:\\\/\\\/www.dusar-frigo.de\\\/\",\"logo\":{\"@type\":\"ImageObject\",\"inLanguage\":\"en-US\",\"@id\":\"https:\\\/\\\/www.dusar-frigo.de\\\/#\\\/schema\\\/logo\\\/image\\\/\",\"url\":\"https:\\\/\\\/www.dusar-frigo.de\\\/wp-content\\\/uploads\\\/2024\\\/12\\\/DusarLogoLogin.png\",\"contentUrl\":\"https:\\\/\\\/www.dusar-frigo.de\\\/wp-content\\\/uploads\\\/2024\\\/12\\\/DusarLogoLogin.png\",\"width\":300,\"height\":80,\"caption\":\"DusarFrigo GmbH\"},\"image\":{\"@id\":\"https:\\\/\\\/www.dusar-frigo.de\\\/#\\\/schema\\\/logo\\\/image\\\/\"}}]}<\/script>\n<!-- \/ Yoast SEO plugin. -->","yoast_head_json":{"title":"Beleuchtung - DusarFrigo","description":"Glassysteme f\u00fcr K\u00fchlm\u00f6bel - Made in Germany","robots":{"index":"index","follow":"follow","max-snippet":"max-snippet:-1","max-image-preview":"max-image-preview:large","max-video-preview":"max-video-preview:-1"},"canonical":"https:\/\/www.dusar-frigo.de\/en\/beleuchtung-fuer-kuehlmoebel\/","og_locale":"en_US","og_type":"article","og_title":"Beleuchtung - DusarFrigo","og_description":"Glassysteme f\u00fcr K\u00fchlm\u00f6bel - Made in Germany","og_url":"https:\/\/www.dusar-frigo.de\/en\/beleuchtung-fuer-kuehlmoebel\/","og_site_name":"DusarFrigo","article_modified_time":"2025-11-13T08:44:28+00:00","og_image":[{"url":"https:\/\/www.dusar-frigo.de\/wp-content\/uploads\/2025\/09\/LED_Fresh-White_Weisses_Licht_xl.jpg","type":"","width":"","height":""}],"twitter_card":"summary_large_image","twitter_misc":{"Est. reading time":"4 minutes"},"schema":{"@context":"https:\/\/schema.org","@graph":[{"@type":"WebPage","@id":"https:\/\/www.dusar-frigo.de\/beleuchtung-fuer-kuehlmoebel\/","url":"https:\/\/www.dusar-frigo.de\/beleuchtung-fuer-kuehlmoebel\/","name":"Beleuchtung - DusarFrigo","isPartOf":{"@id":"https:\/\/www.dusar-frigo.de\/#website"},"primaryImageOfPage":{"@id":"https:\/\/www.dusar-frigo.de\/beleuchtung-fuer-kuehlmoebel\/#primaryimage"},"image":{"@id":"https:\/\/www.dusar-frigo.de\/beleuchtung-fuer-kuehlmoebel\/#primaryimage"},"thumbnailUrl":"https:\/\/www.dusar-frigo.de\/wp-content\/uploads\/2025\/09\/LED_Fresh-White_Weisses_Licht_xl.jpg","datePublished":"2025-09-09T10:09:14+00:00","dateModified":"2025-11-13T08:44:28+00:00","description":"Glassysteme f\u00fcr K\u00fchlm\u00f6bel - Made in Germany","breadcrumb":{"@id":"https:\/\/www.dusar-frigo.de\/beleuchtung-fuer-kuehlmoebel\/#breadcrumb"},"inLanguage":"en-US","potentialAction":[{"@type":"ReadAction","target":["https:\/\/www.dusar-frigo.de\/beleuchtung-fuer-kuehlmoebel\/"]}]},{"@type":"ImageObject","inLanguage":"en-US","@id":"https:\/\/www.dusar-frigo.de\/beleuchtung-fuer-kuehlmoebel\/#primaryimage","url":"https:\/\/www.dusar-frigo.de\/wp-content\/uploads\/2025\/09\/LED_Fresh-White_Weisses_Licht_xl.jpg","contentUrl":"https:\/\/www.dusar-frigo.de\/wp-content\/uploads\/2025\/09\/LED_Fresh-White_Weisses_Licht_xl.jpg"},{"@type":"BreadcrumbList","@id":"https:\/\/www.dusar-frigo.de\/beleuchtung-fuer-kuehlmoebel\/#breadcrumb","itemListElement":[{"@type":"ListItem","position":1,"name":"Startseite","item":"https:\/\/www.dusar-frigo.de\/"},{"@type":"ListItem","position":2,"name":"Beleuchtung"}]},{"@type":"WebSite","@id":"https:\/\/www.dusar-frigo.de\/#website","url":"https:\/\/www.dusar-frigo.de\/","name":"DusarFrigo","description":"","publisher":{"@id":"https:\/\/www.dusar-frigo.de\/#organization"},"potentialAction":[{"@type":"SearchAction","target":{"@type":"EntryPoint","urlTemplate":"https:\/\/www.dusar-frigo.de\/?s={search_term_string}"},"query-input":{"@type":"PropertyValueSpecification","valueRequired":true,"valueName":"search_term_string"}}],"inLanguage":"en-US"},{"@type":"Organization","@id":"https:\/\/www.dusar-frigo.de\/#organization","name":"DusarFrigo GmbH","url":"https:\/\/www.dusar-frigo.de\/","logo":{"@type":"ImageObject","inLanguage":"en-US","@id":"https:\/\/www.dusar-frigo.de\/#\/schema\/logo\/image\/","url":"https:\/\/www.dusar-frigo.de\/wp-content\/uploads\/2024\/12\/DusarLogoLogin.png","contentUrl":"https:\/\/www.dusar-frigo.de\/wp-content\/uploads\/2024\/12\/DusarLogoLogin.png","width":300,"height":80,"caption":"DusarFrigo GmbH"},"image":{"@id":"https:\/\/www.dusar-frigo.de\/#\/schema\/logo\/image\/"}}]}},"_links":{"self":[{"href":"https:\/\/www.dusar-frigo.de\/en\/wp-json\/wp\/v2\/pages\/917","targetHints":{"allow":["GET"]}}],"collection":[{"href":"https:\/\/www.dusar-frigo.de\/en\/wp-json\/wp\/v2\/pages"}],"about":[{"href":"https:\/\/www.dusar-frigo.de\/en\/wp-json\/wp\/v2\/types\/page"}],"author":[{"embeddable":true,"href":"https:\/\/www.dusar-frigo.de\/en\/wp-json\/wp\/v2\/users\/2"}],"replies":[{"embeddable":true,"href":"https:\/\/www.dusar-frigo.de\/en\/wp-json\/wp\/v2\/comments?post=917"}],"version-history":[{"count":27,"href":"https:\/\/www.dusar-frigo.de\/en\/wp-json\/wp\/v2\/pages\/917\/revisions"}],"predecessor-version":[{"id":1299,"href":"https:\/\/www.dusar-frigo.de\/en\/wp-json\/wp\/v2\/pages\/917\/revisions\/1299"}],"wp:attachment":[{"href":"https:\/\/www.dusar-frigo.de\/en\/wp-json\/wp\/v2\/media?parent=917"}],"curies":[{"name":"wp","href":"https:\/\/api.w.org\/{rel}","templated":true}]}}