{"id":979,"date":"2025-09-09T12:08:43","date_gmt":"2025-09-09T10:08:43","guid":{"rendered":"https:\/\/www.dusar-frigo.de\/?page_id=979"},"modified":"2025-11-04T11:08:30","modified_gmt":"2025-11-04T10:08:30","slug":"ueber-das-unternehmen","status":"publish","type":"page","link":"https:\/\/www.dusar-frigo.de\/en\/ueber-das-unternehmen\/","title":{"rendered":"About"},"content":{"rendered":"<h1>\n\t\t\tTHE COMPANY\t<\/h1>\n<h2  id=\"produkte\">\n\t\t\tService\t<\/h2>\n<h3>\n\t\t\tExcellent consulting and service quality<br \/>\t<\/h3>\n\t<p>We plan and build custom-made glass systems that are perfectly matched to your individual furniture, plug-in refrigerated cabinets, and cold rooms, and tailored to your individual needs and the specific circumstances of your salesroom.<\/p>\n\t<p>Assembly<\/p>\n\t<p>Our professional installation service guarantees reliable and timely implementation.<\/p>\n\tIndividual &amp;<br \/>\ncustomized<br \/>\nL\u00f6sungen\n\tVom Konzept bis zur Umsetzung:<br \/>\nWir bieten ma\u00dfgeschneiderte<br \/>\nL\u00f6sungen f\u00fcr Ihre Anforderungen.\n\t<p>Customer service &amp;<\/p>\n<p>maintenance<\/p>\n\t\u00b7 Kundendienst 24\/7<br \/>\n\u00b7 Ersatzteile auf Lager f\u00fcr<br \/>\nmindestens 10 Jahre<br \/>\n\u00b7 24 Monate Garantie gem\u00e4\u00df<br \/>\nder europ\u00e4ischen Norm\n\t\t\t\t<img decoding=\"async\" src=\"https:\/\/www.dusar-frigo.de\/wp-content\/uploads\/2025\/09\/Dusar-Frigo_Energie_und_Umwelt.jpg\" alt=\"Dusar-Frigo_Energie_und_Umwelt\" itemprop=\"image\" height=\"982\" width=\"910\" title=\"Dusar-Frigo_Energie_und_Umwelt\" onerror=\"this.style.display='none'\" loading=\"lazy\" \/>\n<h2>\n\t\t\tEnergy and environment\t<\/h2>\n<h2>\n\t\t\tExcellent for our environment <br>\nand your wallet\t<\/h2>\n\t<p>DusarFrigo glass systems for refrigerated display cases help significantly reduce electricity consumption. This lowers your energy costs and cuts CO\u2082 emissions. Upgrading your refrigerated units is therefore a smart investment \u2014 for your budget, the environment, and our natural resources<\/p>\n<h2>\n\t\t\tCUSTOMIZED SAVINGS ANALYSIS\t<\/h2>\n\t<p>For every project, we calculate the potential annual cost and CO\u2082 savings and compare energy consumption with and without DusarFrigo glass systems.\nOur analysis takes the following factors into account:<\/p>\n\t\u00b7 K\u00e4lte-Verbundanlagen<br \/>\n\u00b7 Verwendete K\u00e4ltemittel<br \/>\n\u00b7 Notwendige K\u00e4lteleistung nach Herstellerangaben der K\u00fchlm\u00f6bel<br \/>\n\u00b7 \u00d6ffnungszeiten der Filiale<br \/>\n\u00b7 Typ und Nutzungsgrad der Heizungsanlage (\u00d6l- oder Gasheizung)<br \/>\n\u00b7 Heizperiode im Jahr<br \/>\n\u00b7 Energiekosten f\u00fcr Strom, \u00d6l oder Gas\n<h2  id=\"produkte\">\n\t\t\tReferences\t<\/h2>\n\t<p>6 L Consulting<\/p>\n<p>AHT Cooling Systems<\/p>\n<p>ALDI Nord<\/p>\n<p>ALDI S\u00dcD<\/p>\n<p>Algidus<\/p>\n<p>Arneg<\/p>\n<p>Auchan<\/p>\n<p>AXIMA<\/p>\n<p>Carrefour<\/p>\n<p>Carrier<\/p>\n<p>Celsior<\/p>\n<p>Cool Trade<\/p>\n<p>Coolservice<\/p>\n<p>Coop<\/p>\n<p>DE Rigo<\/p>\n<p>Denn\u00b4s Biomarkt<\/p>\n\t<p>Denner<\/p>\n<p>dennree Naturkost<\/p>\n<p>EDEKA<\/p>\n<p>Emcot<\/p>\n<p>EPTA<\/p>\n<p>ES System<\/p>\n<p>Exkal<\/p>\n<p>FREOR<\/p>\n<p>GLOBUS<\/p>\n<p>Green Yellow<\/p>\n<p>HAUSER<\/p>\n<p>HIT<\/p>\n<p>HOFER<\/p>\n<p>Intermarch\u00e9<\/p>\n<p>JBG<\/p>\n<p>K\u00e4lte Sch\u00f6n<\/p>\n\t<p>Kaufland<\/p>\nKMW K\u00fchlm\u00f6belwerk<br \/>\nLimburg\n<p>KOXKA<\/p>\n<p>Markant<\/p>\n<p>Marrel Concept<\/p>\n<p>Metro<\/p>\n<p>Monoprix<\/p>\n<p>NETTO<\/p>\n<p>Oy Viima<\/p>\n<p>Pastorfrigor<\/p>\n<p>PENNY Markt<\/p>\n<p>SPAR<\/p>\n<p>Super U<\/p>\n<p>Systeme U<\/p>\n<p>Wica Cold<\/p>\n<h2  id=\"produkte\">\n\t\t\tContact\t<\/h2>\n<h3>\n\t\t\tGet in touch with us!<br \/>\t<\/h3>\n\t<p>Sales management DACH<\/p>\n<p>Tel: +49 (0) 2639 96258 &#8211; 11<\/p>\n<p>E-Mail: <a href=\"mailto:info@dusar-frigo.de\">info@dusar-frigo.de<\/a><\/p>\nDusarFrigo GmbH<br \/>\nFichtenstra\u00dfe 9<br \/>\n56584 Anhausen\n<p>&nbsp;<\/p>\n\t<p>Bureau France \/ Benelux<\/p>\n<p>Mobil: +49 (0) 171 3026633<\/p>\n<p>E-Mail: <a href=\"mailto:info@dusar-frigo.de\">info@dusar-frigo.de<\/a><\/p>","protected":false},"excerpt":{"rendered":"<p>DAS UNTERNEHMEN Service Ausgezeichnete Beratungs- und Servicequalit\u00e4t Wir planen und bauen ma\u00dfgefertigte Glassysteme, die perfekt auf Ihre Einzelm\u00f6bel, steckerfertigen K\u00fchlm\u00f6bel und K\u00fchlr\u00e4ume abgestimmt und auf Ihre individuellen Bed\u00fcrfnissen und Begebenheiten Ihres Verkaufsraumes zugeschnitten sind. Montage Unser professioneller Montageservice garantiert eine zuverl\u00e4ssige und termingerechte Umsetzung Individuelle &amp; ma\u00dfgeschneiderte L\u00f6sungen Vom Konzept bis zur Umsetzung: Wir bieten&hellip;<\/p>","protected":false},"author":2,"featured_media":0,"parent":0,"menu_order":0,"comment_status":"closed","ping_status":"closed","template":"","meta":{"footnotes":""},"class_list":["post-979","page","type-page","status-publish","hentry"],"yoast_head":"<!-- This site is optimized with the Yoast SEO plugin v27.4 - https:\/\/yoast.com\/product\/yoast-seo-wordpress\/ -->\n<title>\u00dcber uns - DusarFrigo<\/title>\n<meta name=\"description\" content=\"Glassysteme f\u00fcr K\u00fchlm\u00f6bel - Made in Germany\" \/>\n<meta name=\"robots\" content=\"index, follow, max-snippet:-1, max-image-preview:large, max-video-preview:-1\" \/>\n<link rel=\"canonical\" href=\"https:\/\/www.dusar-frigo.de\/en\/ueber-das-unternehmen\/\" \/>\n<meta property=\"og:locale\" content=\"en_US\" \/>\n<meta property=\"og:type\" content=\"article\" \/>\n<meta property=\"og:title\" content=\"\u00dcber uns - DusarFrigo\" \/>\n<meta property=\"og:description\" content=\"Glassysteme f\u00fcr K\u00fchlm\u00f6bel - Made in Germany\" \/>\n<meta property=\"og:url\" content=\"https:\/\/www.dusar-frigo.de\/en\/ueber-das-unternehmen\/\" \/>\n<meta property=\"og:site_name\" content=\"DusarFrigo\" \/>\n<meta property=\"article:modified_time\" content=\"2025-11-04T10:08:30+00:00\" \/>\n<meta property=\"og:image\" content=\"https:\/\/www.dusar-frigo.de\/wp-content\/uploads\/2025\/09\/Dusar-Frigo_Energie_und_Umwelt.jpg\" \/>\n<meta name=\"twitter:card\" content=\"summary_large_image\" \/>\n<meta name=\"twitter:label1\" content=\"Est. reading time\" \/>\n\t<meta name=\"twitter:data1\" content=\"3 minutes\" \/>\n<script type=\"application\/ld+json\" class=\"yoast-schema-graph\">{\"@context\":\"https:\\\/\\\/schema.org\",\"@graph\":[{\"@type\":\"WebPage\",\"@id\":\"https:\\\/\\\/www.dusar-frigo.de\\\/ueber-das-unternehmen\\\/\",\"url\":\"https:\\\/\\\/www.dusar-frigo.de\\\/ueber-das-unternehmen\\\/\",\"name\":\"\u00dcber uns - DusarFrigo\",\"isPartOf\":{\"@id\":\"https:\\\/\\\/www.dusar-frigo.de\\\/#website\"},\"primaryImageOfPage\":{\"@id\":\"https:\\\/\\\/www.dusar-frigo.de\\\/ueber-das-unternehmen\\\/#primaryimage\"},\"image\":{\"@id\":\"https:\\\/\\\/www.dusar-frigo.de\\\/ueber-das-unternehmen\\\/#primaryimage\"},\"thumbnailUrl\":\"https:\\\/\\\/www.dusar-frigo.de\\\/wp-content\\\/uploads\\\/2025\\\/09\\\/Dusar-Frigo_Energie_und_Umwelt.jpg\",\"datePublished\":\"2025-09-09T10:08:43+00:00\",\"dateModified\":\"2025-11-04T10:08:30+00:00\",\"description\":\"Glassysteme f\u00fcr K\u00fchlm\u00f6bel - Made in Germany\",\"breadcrumb\":{\"@id\":\"https:\\\/\\\/www.dusar-frigo.de\\\/ueber-das-unternehmen\\\/#breadcrumb\"},\"inLanguage\":\"en-US\",\"potentialAction\":[{\"@type\":\"ReadAction\",\"target\":[\"https:\\\/\\\/www.dusar-frigo.de\\\/ueber-das-unternehmen\\\/\"]}]},{\"@type\":\"ImageObject\",\"inLanguage\":\"en-US\",\"@id\":\"https:\\\/\\\/www.dusar-frigo.de\\\/ueber-das-unternehmen\\\/#primaryimage\",\"url\":\"https:\\\/\\\/www.dusar-frigo.de\\\/wp-content\\\/uploads\\\/2025\\\/09\\\/Dusar-Frigo_Energie_und_Umwelt.jpg\",\"contentUrl\":\"https:\\\/\\\/www.dusar-frigo.de\\\/wp-content\\\/uploads\\\/2025\\\/09\\\/Dusar-Frigo_Energie_und_Umwelt.jpg\"},{\"@type\":\"BreadcrumbList\",\"@id\":\"https:\\\/\\\/www.dusar-frigo.de\\\/ueber-das-unternehmen\\\/#breadcrumb\",\"itemListElement\":[{\"@type\":\"ListItem\",\"position\":1,\"name\":\"Startseite\",\"item\":\"https:\\\/\\\/www.dusar-frigo.de\\\/\"},{\"@type\":\"ListItem\",\"position\":2,\"name\":\"\u00dcber uns\"}]},{\"@type\":\"WebSite\",\"@id\":\"https:\\\/\\\/www.dusar-frigo.de\\\/#website\",\"url\":\"https:\\\/\\\/www.dusar-frigo.de\\\/\",\"name\":\"DusarFrigo\",\"description\":\"\",\"publisher\":{\"@id\":\"https:\\\/\\\/www.dusar-frigo.de\\\/#organization\"},\"potentialAction\":[{\"@type\":\"SearchAction\",\"target\":{\"@type\":\"EntryPoint\",\"urlTemplate\":\"https:\\\/\\\/www.dusar-frigo.de\\\/?s={search_term_string}\"},\"query-input\":{\"@type\":\"PropertyValueSpecification\",\"valueRequired\":true,\"valueName\":\"search_term_string\"}}],\"inLanguage\":\"en-US\"},{\"@type\":\"Organization\",\"@id\":\"https:\\\/\\\/www.dusar-frigo.de\\\/#organization\",\"name\":\"DusarFrigo GmbH\",\"url\":\"https:\\\/\\\/www.dusar-frigo.de\\\/\",\"logo\":{\"@type\":\"ImageObject\",\"inLanguage\":\"en-US\",\"@id\":\"https:\\\/\\\/www.dusar-frigo.de\\\/#\\\/schema\\\/logo\\\/image\\\/\",\"url\":\"https:\\\/\\\/www.dusar-frigo.de\\\/wp-content\\\/uploads\\\/2024\\\/12\\\/DusarLogoLogin.png\",\"contentUrl\":\"https:\\\/\\\/www.dusar-frigo.de\\\/wp-content\\\/uploads\\\/2024\\\/12\\\/DusarLogoLogin.png\",\"width\":300,\"height\":80,\"caption\":\"DusarFrigo GmbH\"},\"image\":{\"@id\":\"https:\\\/\\\/www.dusar-frigo.de\\\/#\\\/schema\\\/logo\\\/image\\\/\"}}]}<\/script>\n<!-- \/ Yoast SEO plugin. -->","yoast_head_json":{"title":"\u00dcber uns - DusarFrigo","description":"Glassysteme f\u00fcr K\u00fchlm\u00f6bel - Made in Germany","robots":{"index":"index","follow":"follow","max-snippet":"max-snippet:-1","max-image-preview":"max-image-preview:large","max-video-preview":"max-video-preview:-1"},"canonical":"https:\/\/www.dusar-frigo.de\/en\/ueber-das-unternehmen\/","og_locale":"en_US","og_type":"article","og_title":"\u00dcber uns - DusarFrigo","og_description":"Glassysteme f\u00fcr K\u00fchlm\u00f6bel - Made in Germany","og_url":"https:\/\/www.dusar-frigo.de\/en\/ueber-das-unternehmen\/","og_site_name":"DusarFrigo","article_modified_time":"2025-11-04T10:08:30+00:00","og_image":[{"url":"https:\/\/www.dusar-frigo.de\/wp-content\/uploads\/2025\/09\/Dusar-Frigo_Energie_und_Umwelt.jpg","type":"","width":"","height":""}],"twitter_card":"summary_large_image","twitter_misc":{"Est. reading time":"3 minutes"},"schema":{"@context":"https:\/\/schema.org","@graph":[{"@type":"WebPage","@id":"https:\/\/www.dusar-frigo.de\/ueber-das-unternehmen\/","url":"https:\/\/www.dusar-frigo.de\/ueber-das-unternehmen\/","name":"\u00dcber uns - DusarFrigo","isPartOf":{"@id":"https:\/\/www.dusar-frigo.de\/#website"},"primaryImageOfPage":{"@id":"https:\/\/www.dusar-frigo.de\/ueber-das-unternehmen\/#primaryimage"},"image":{"@id":"https:\/\/www.dusar-frigo.de\/ueber-das-unternehmen\/#primaryimage"},"thumbnailUrl":"https:\/\/www.dusar-frigo.de\/wp-content\/uploads\/2025\/09\/Dusar-Frigo_Energie_und_Umwelt.jpg","datePublished":"2025-09-09T10:08:43+00:00","dateModified":"2025-11-04T10:08:30+00:00","description":"Glassysteme f\u00fcr K\u00fchlm\u00f6bel - Made in Germany","breadcrumb":{"@id":"https:\/\/www.dusar-frigo.de\/ueber-das-unternehmen\/#breadcrumb"},"inLanguage":"en-US","potentialAction":[{"@type":"ReadAction","target":["https:\/\/www.dusar-frigo.de\/ueber-das-unternehmen\/"]}]},{"@type":"ImageObject","inLanguage":"en-US","@id":"https:\/\/www.dusar-frigo.de\/ueber-das-unternehmen\/#primaryimage","url":"https:\/\/www.dusar-frigo.de\/wp-content\/uploads\/2025\/09\/Dusar-Frigo_Energie_und_Umwelt.jpg","contentUrl":"https:\/\/www.dusar-frigo.de\/wp-content\/uploads\/2025\/09\/Dusar-Frigo_Energie_und_Umwelt.jpg"},{"@type":"BreadcrumbList","@id":"https:\/\/www.dusar-frigo.de\/ueber-das-unternehmen\/#breadcrumb","itemListElement":[{"@type":"ListItem","position":1,"name":"Startseite","item":"https:\/\/www.dusar-frigo.de\/"},{"@type":"ListItem","position":2,"name":"\u00dcber uns"}]},{"@type":"WebSite","@id":"https:\/\/www.dusar-frigo.de\/#website","url":"https:\/\/www.dusar-frigo.de\/","name":"DusarFrigo","description":"","publisher":{"@id":"https:\/\/www.dusar-frigo.de\/#organization"},"potentialAction":[{"@type":"SearchAction","target":{"@type":"EntryPoint","urlTemplate":"https:\/\/www.dusar-frigo.de\/?s={search_term_string}"},"query-input":{"@type":"PropertyValueSpecification","valueRequired":true,"valueName":"search_term_string"}}],"inLanguage":"en-US"},{"@type":"Organization","@id":"https:\/\/www.dusar-frigo.de\/#organization","name":"DusarFrigo GmbH","url":"https:\/\/www.dusar-frigo.de\/","logo":{"@type":"ImageObject","inLanguage":"en-US","@id":"https:\/\/www.dusar-frigo.de\/#\/schema\/logo\/image\/","url":"https:\/\/www.dusar-frigo.de\/wp-content\/uploads\/2024\/12\/DusarLogoLogin.png","contentUrl":"https:\/\/www.dusar-frigo.de\/wp-content\/uploads\/2024\/12\/DusarLogoLogin.png","width":300,"height":80,"caption":"DusarFrigo GmbH"},"image":{"@id":"https:\/\/www.dusar-frigo.de\/#\/schema\/logo\/image\/"}}]}},"_links":{"self":[{"href":"https:\/\/www.dusar-frigo.de\/en\/wp-json\/wp\/v2\/pages\/979","targetHints":{"allow":["GET"]}}],"collection":[{"href":"https:\/\/www.dusar-frigo.de\/en\/wp-json\/wp\/v2\/pages"}],"about":[{"href":"https:\/\/www.dusar-frigo.de\/en\/wp-json\/wp\/v2\/types\/page"}],"author":[{"embeddable":true,"href":"https:\/\/www.dusar-frigo.de\/en\/wp-json\/wp\/v2\/users\/2"}],"replies":[{"embeddable":true,"href":"https:\/\/www.dusar-frigo.de\/en\/wp-json\/wp\/v2\/comments?post=979"}],"version-history":[{"count":17,"href":"https:\/\/www.dusar-frigo.de\/en\/wp-json\/wp\/v2\/pages\/979\/revisions"}],"predecessor-version":[{"id":1267,"href":"https:\/\/www.dusar-frigo.de\/en\/wp-json\/wp\/v2\/pages\/979\/revisions\/1267"}],"wp:attachment":[{"href":"https:\/\/www.dusar-frigo.de\/en\/wp-json\/wp\/v2\/media?parent=979"}],"curies":[{"name":"wp","href":"https:\/\/api.w.org\/{rel}","templated":true}]}}